{"id":4873,"date":"2022-12-07T14:03:10","date_gmt":"2022-12-07T13:03:10","guid":{"rendered":"https:\/\/antcube.shop\/produkt\/combi-balkon\/"},"modified":"2026-04-07T11:39:26","modified_gmt":"2026-04-07T09:39:26","slug":"kombinuotas-balionas","status":"publish","type":"product","link":"https:\/\/antcube.shop\/lt\/produktas\/kombinuotas-balionas\/","title":{"rendered":"Kombinuotieji komplektai - balkonas"},"content":{"rendered":"<p style=\"margin-bottom: 0cm;\"><strong>Matmenys:<\/strong> 19x6x8 cm<\/p>\n<p><strong>Med\u017eiaga:<\/strong> PMMA<\/p>\n<p><strong>Spalva:<\/strong> kri\u0161tolo skaidrumo, skaidrus, permatomas<\/p>\n<p><strong>Turinys:<\/strong><br \/>\n1x pagrindo plok\u0161t\u0117<br \/>\n2x laikiklio laikiklis<br \/>\n1x siaura rampa (ma\u017eoms skruzd\u0117l\u0117ms)<br \/>\n1x plati rampa (didel\u0117ms skruzd\u0117l\u0117ms)<\/p>\n<p><strong>Pastaba:<\/strong> Dalys tiekiamos kaip komplektas arba prijungiama sistema. Klijuoti nereikia.<\/p>\n<p><strong>Ry\u0161ys:<\/strong><br \/>\nGalima prijungti prie vis\u0173 \"Combi\" aren\u0173 20x20x20 cm dyd\u017eio S, M, L.<\/p>\n<p><strong>Apra\u0161ymas:<\/strong> \"Combi-Balcony\" tiesiog prijungiamas prie esamo \"Arena Combi\". Balkonas tarnauja kaip arenos prat\u0119simas ir padeda skruzd\u0117l\u0117ms lengviau i\u0161lipti ar nusileisti i\u0161 vir\u0161utin\u0117s arenos lizd\u0173 zonos. Ma\u017eoms skruzd\u0117li\u0173 r\u016b\u0161ims, pavyzd\u017eiui, Lasius niger, skirta siaura laipiojimo priemon\u0117, o tokioms r\u016b\u0161ims kaip Camponotus - platesn\u0117. Paauk\u0161tinta platforma gali b\u016bti naudojama kaip maitinimosi vieta, kurioje galima pastatyti duben\u0117lius ar gertuves. Ji supaprastina prie\u017ei\u016bros ir tvarkymo darbus, nes yra arti vir\u0161utin\u0117s angos, o ant apatinio substrato nelieka maisto liku\u010di\u0173. D\u0117l skaidrios med\u017eiagos \"Combi Balcony\" puikiai dera prie \"Combi Arena\" ir neu\u017estoja vaizdo \u012f lizdo plot\u0105, be to, j\u0105 lengva valyti.<\/p>\n<p style=\"margin-bottom: 0cm;\">","protected":false},"excerpt":{"rendered":"<p>Matmenys: Med\u017eiaga: 19x6x8 cm: Spalva: kri\u0161tolo skaidrumo, skaidri, permatoma: 1x pagrindo plok\u0161t\u0117 2x laikiklio laikiklis 1x siaura rampa (ma\u017eoms skruzd\u0117l\u0117ms) 1x plati rampa (didel\u0117ms skruzd\u0117l\u0117ms) Pastaba: dalys tiekiamos kaip komplektas arba prijungiama sistema. Klijuoti nereikia. Prijungimas: Galima prijungti prie vis\u0173 \"Combi\" aren\u0173 20x20x20 cm","protected":false},"featured_media":4875,"comment_status":"open","ping_status":"closed","template":"","meta":{"_acf_changed":false,"content-type":"","_monsterinsights_skip_tracking":false,"_monsterinsights_sitenote_active":false,"_monsterinsights_sitenote_note":"","_monsterinsights_sitenote_category":0},"product_brand":[],"product_cat":[239],"product_tag":[],"class_list":{"0":"post-4873","1":"product","2":"type-product","3":"status-publish","4":"has-post-thumbnail","6":"product_cat-useful-additions","8":"first","9":"instock","10":"taxable","11":"shipping-taxable","12":"purchasable","13":"product-type-simple"},"acf":[],"aioseo_notices":[],"jetpack_sharing_enabled":true,"_links":{"self":[{"href":"https:\/\/antcube.shop\/lt\/wp-json\/wp\/v2\/product\/4873","targetHints":{"allow":["GET"]}}],"collection":[{"href":"https:\/\/antcube.shop\/lt\/wp-json\/wp\/v2\/product"}],"about":[{"href":"https:\/\/antcube.shop\/lt\/wp-json\/wp\/v2\/types\/product"}],"replies":[{"embeddable":true,"href":"https:\/\/antcube.shop\/lt\/wp-json\/wp\/v2\/comments?post=4873"}],"wp:featuredmedia":[{"embeddable":true,"href":"https:\/\/antcube.shop\/lt\/wp-json\/wp\/v2\/media\/4875"}],"wp:attachment":[{"href":"https:\/\/antcube.shop\/lt\/wp-json\/wp\/v2\/media?parent=4873"}],"wp:term":[{"taxonomy":"product_brand","embeddable":true,"href":"https:\/\/antcube.shop\/lt\/wp-json\/wp\/v2\/product_brand?post=4873"},{"taxonomy":"product_cat","embeddable":true,"href":"https:\/\/antcube.shop\/lt\/wp-json\/wp\/v2\/product_cat?post=4873"},{"taxonomy":"product_tag","embeddable":true,"href":"https:\/\/antcube.shop\/lt\/wp-json\/wp\/v2\/product_tag?post=4873"}],"curies":[{"name":"wp","href":"https:\/\/api.w.org\/{rel}","templated":true}]}}