{"id":4747,"date":"2022-11-14T15:08:27","date_gmt":"2022-11-14T14:08:27","guid":{"rendered":"https:\/\/antcube.shop\/produkt\/beckenverbinder-3-4-beidseitig-fur-bohrung-27-mm\/"},"modified":"2026-04-15T15:04:19","modified_gmt":"2026-04-15T13:04:19","slug":"beckenverbinder-3-4-beidseitig-fur-bohrung-27-mm","status":"publish","type":"product","link":"https:\/\/antcube.shop\/lt\/produktas\/beckenverbinder-3-4-beidseitig-fur-bohrung-27-mm\/","title":{"rendered":"Baseino jungtis 3\/4\u2033 - i\u0161 abiej\u0173 pusi\u0173, skirta 27 mm angai"},"content":{"rendered":"<p><strong>Matmenys:<\/strong> skirtas 27 mm skersmens angai<\/p>\n<p><strong>Turinys:<\/strong> 1x prisukamas adapteris (<strong>D\u0116MESIO<\/strong>: Sriegin\u0117s ver\u017el\u0117s ne\u012ftrauktos, \u017er. \"Susijusi\u0173 gamini\u0173\" skyri\u0173).<\/p>\n<p><strong>Apra\u0161ymas:<\/strong> Naudojant \u0161i\u0105 praustuv\u0173 jungt\u012f galima sujungti du XL dyd\u017eio praustuvus arba dvi fermas. Norim\u0173 sujungti basein\u0173 skyl\u0117s turi b\u016bti tame pa\u010diame auk\u0161tyje. Jungtis \u012fki\u0161ama pro kiekvien\u0105 i\u0161 skyli\u0173 ir prisukama atskirai \u012fsigyjama fiksavimo ver\u017ele. Taip u\u017etikrinama, kad jungtis b\u016bt\u0173 atspari i\u0161tr\u016bkimui, taip pat patikimai laikosi perkeliant baseinus.<\/p>\n<p>&nbsp;<\/p>","protected":false},"excerpt":{"rendered":"<p>Matmenys: 27 mm skyl\u0117 Turinys: (D\u0116MESIO: sriegin\u0117s ver\u017el\u0117s ne\u012feina \u012f komplekt\u0105, \u017er. \"Susij\u0119 produktai\"). Apra\u0161ymas: Su \u0161ia praustuvo jungtimi galima sujungti du praustuvus arba dvi XL dyd\u017eio fermas. Norim\u0173 sujungti basein\u0173 skyl\u0117s turi b\u016bti viename auk\u0161tyje. .","protected":false},"featured_media":4755,"comment_status":"open","ping_status":"closed","template":"","meta":{"_acf_changed":false,"content-type":"","_monsterinsights_skip_tracking":false,"_monsterinsights_sitenote_active":false,"_monsterinsights_sitenote_note":"","_monsterinsights_sitenote_category":0},"product_brand":[],"product_cat":[121],"product_tag":[],"class_list":{"0":"post-4747","1":"product","2":"type-product","3":"status-publish","4":"has-post-thumbnail","6":"product_cat-connectors","8":"first","9":"instock","10":"taxable","11":"shipping-taxable","12":"purchasable","13":"product-type-simple"},"acf":[],"aioseo_notices":[],"jetpack_sharing_enabled":true,"_links":{"self":[{"href":"https:\/\/antcube.shop\/lt\/wp-json\/wp\/v2\/product\/4747","targetHints":{"allow":["GET"]}}],"collection":[{"href":"https:\/\/antcube.shop\/lt\/wp-json\/wp\/v2\/product"}],"about":[{"href":"https:\/\/antcube.shop\/lt\/wp-json\/wp\/v2\/types\/product"}],"replies":[{"embeddable":true,"href":"https:\/\/antcube.shop\/lt\/wp-json\/wp\/v2\/comments?post=4747"}],"wp:featuredmedia":[{"embeddable":true,"href":"https:\/\/antcube.shop\/lt\/wp-json\/wp\/v2\/media\/4755"}],"wp:attachment":[{"href":"https:\/\/antcube.shop\/lt\/wp-json\/wp\/v2\/media?parent=4747"}],"wp:term":[{"taxonomy":"product_brand","embeddable":true,"href":"https:\/\/antcube.shop\/lt\/wp-json\/wp\/v2\/product_brand?post=4747"},{"taxonomy":"product_cat","embeddable":true,"href":"https:\/\/antcube.shop\/lt\/wp-json\/wp\/v2\/product_cat?post=4747"},{"taxonomy":"product_tag","embeddable":true,"href":"https:\/\/antcube.shop\/lt\/wp-json\/wp\/v2\/product_tag?post=4747"}],"curies":[{"name":"wp","href":"https:\/\/api.w.org\/{rel}","templated":true}]}}