{"id":4745,"date":"2022-11-14T15:07:37","date_gmt":"2022-11-14T14:07:37","guid":{"rendered":"https:\/\/antcube.shop\/produkt\/rohrkappe-glasklar-fur-20mm\/"},"modified":"2026-04-07T09:38:31","modified_gmt":"2026-04-07T07:38:31","slug":"rohrkappe-glasklar-fur-20mm","status":"publish","type":"product","link":"https:\/\/antcube.shop\/lt\/produktas\/rohrkappe-glasklar-fur-20mm\/","title":{"rendered":"Vamzd\u017eio dangtelis kri\u0161tolo skaidrumo, skirtas 20 mm"},"content":{"rendered":"<p><strong>Matmenys<\/strong> (Dx\u0160xV): 1,9\u00d72,5\u00d72,5\u00d72,5 cm<br \/>\n<strong>Vidinis skersmuo:<\/strong> 20 mm<\/p>\n<p>Med\u017eiaga: Akrilas<br \/>\nSpalva: Bespalvis \/ permatomas \/ skaidrus<\/p>\n<p>Turinys: Sud\u0117tis: 1 vnt.<\/p>\n<p>Technin\u0117s specifikacijos:<br \/>\nVamzd\u017eio dangtelis kri\u0161tolo skaidrumo 25 mm skersmens, skirtas 20 mm vamzd\u017eiui.<\/p>\n<p><strong>Apra\u0161ymas:<\/strong><br \/>\nVamzd\u017eio dangtelis i\u0161 skaidraus akrilo akriliniams vamzd\u017eiams u\u017edaryti.<\/p>\n<p><strong>Prane\u0161imas:<\/strong><br \/>\nMontuodami vamzd\u017eius atkreipkite d\u0117mes\u012f \u012f \u0161iuos dalykus:<br \/>\nD\u0117l akrilo med\u017eiagos savybi\u0173 bet kokia kaina reikia vengti spaudimo ir sverto. Jei sujungti sunku, sujungkite atsargiais sukamaisiais judesiais ir, jei reikia, \u012ftrinkite \u0161iek tiek alyvos nuo l\u016b\u017eimo.<\/p>","protected":false},"excerpt":{"rendered":"<p>Matmenys (Dx\u0160xVxH): 1,9\u00d72,5\u00d72,5 cm Vidinis skersmuo: 20 mm Med\u017eiaga: Akrilo med\u017eiaga Spalva: bespalv\u0117 \/ permatoma \/ skaidrus Turinys: 20 mm, 20 mm, 20 mm, 20 mm, 20 mm, 20 mm: Sud\u0117tis: 1 vnt. Technin\u0117s specifikacijos: 1 vnt: Vamzd\u017eio dangtelis skaidrus 25 mm skersmens, skirtas 20 mm vamzd\u017eiui. Apra\u0161ymas: Vamzd\u017eio dangtelis, pagamintas i\u0161 skaidraus akrilo, skirtas akrilo vamzd\u017eiams u\u017edaryti. Pastaba: Atkreipkite d\u0117mes\u012f \u012f tai, kas i\u0161d\u0117styta toliau: D\u0117l akrilo med\u017eiagos savybi\u0173 sl\u0117gis ir svertas turi b\u016bti [...]","protected":false},"featured_media":4768,"comment_status":"open","ping_status":"closed","template":"","meta":{"_acf_changed":false,"content-type":"","_monsterinsights_skip_tracking":false,"_monsterinsights_sitenote_active":false,"_monsterinsights_sitenote_note":"","_monsterinsights_sitenote_category":0},"product_brand":[],"product_cat":[345],"product_tag":[],"class_list":{"0":"post-4745","1":"product","2":"type-product","3":"status-publish","4":"has-post-thumbnail","6":"product_cat-pipe-connectors","8":"first","9":"instock","10":"taxable","11":"shipping-taxable","12":"purchasable","13":"product-type-simple"},"acf":[],"aioseo_notices":[],"jetpack_sharing_enabled":true,"_links":{"self":[{"href":"https:\/\/antcube.shop\/lt\/wp-json\/wp\/v2\/product\/4745","targetHints":{"allow":["GET"]}}],"collection":[{"href":"https:\/\/antcube.shop\/lt\/wp-json\/wp\/v2\/product"}],"about":[{"href":"https:\/\/antcube.shop\/lt\/wp-json\/wp\/v2\/types\/product"}],"replies":[{"embeddable":true,"href":"https:\/\/antcube.shop\/lt\/wp-json\/wp\/v2\/comments?post=4745"}],"wp:featuredmedia":[{"embeddable":true,"href":"https:\/\/antcube.shop\/lt\/wp-json\/wp\/v2\/media\/4768"}],"wp:attachment":[{"href":"https:\/\/antcube.shop\/lt\/wp-json\/wp\/v2\/media?parent=4745"}],"wp:term":[{"taxonomy":"product_brand","embeddable":true,"href":"https:\/\/antcube.shop\/lt\/wp-json\/wp\/v2\/product_brand?post=4745"},{"taxonomy":"product_cat","embeddable":true,"href":"https:\/\/antcube.shop\/lt\/wp-json\/wp\/v2\/product_cat?post=4745"},{"taxonomy":"product_tag","embeddable":true,"href":"https:\/\/antcube.shop\/lt\/wp-json\/wp\/v2\/product_tag?post=4745"}],"curies":[{"name":"wp","href":"https:\/\/api.w.org\/{rel}","templated":true}]}}