{"id":4738,"date":"2022-11-14T15:05:46","date_gmt":"2022-11-14T14:05:46","guid":{"rendered":"https:\/\/antcube.shop\/produkt\/formicariendichtung-3-4-zoll-transparent\/"},"modified":"2026-04-13T09:31:32","modified_gmt":"2026-04-13T07:31:32","slug":"formikariumo-sandariklis-3-4-coliu-permatomas","status":"publish","type":"product","link":"https:\/\/antcube.shop\/lt\/produktas\/formikariumo-sandariklis-3-4-coliu-permatomas\/","title":{"rendered":"Formikariumo sandariklis 3\/4 colio - skaidrus"},"content":{"rendered":"<p><strong>Turinys:<\/strong> 1x sandarinimo \u017eiedas<\/p>\n<p><strong>Spalva:<\/strong> skaidrus, pieni\u0161kas<\/p>\n<p><strong>Med\u017eiaga:<\/strong> PE plastikas<\/p>\n<p><strong>Apra\u0161ymas:<\/strong> Su \u0161iuo sandarinimo \u017eiedu, pvz., galima geriau ir tvir\u010diau u\u017esukti deran\u010dias var\u017etines jungtis (3\/4\u2033).<br \/>\nJuo apsaugote stikl\u0105 ar akrilo plok\u0161tes nuo \u012fbr\u0117\u017eim\u0173.<\/p>\n<p>&nbsp;<\/p>","protected":false},"excerpt":{"rendered":"<p>Turinys: Sud\u0117tis: 1x sandarinimo \u017eiedas Spalva: skaidri, pieno spalvos Med\u017eiaga: PE plastikas Apra\u0161ymas: Su \u0161iuo sandarinimo \u017eiedu, pvz., galima geriau ir tvir\u010diau u\u017esukti deran\u010dias var\u017etines jungtis (3\/4\u2033). Juo apsaugosite stikl\u0105 ar akril\u0105 nuo \u012fbr\u0117\u017eim\u0173. &nbsp;<\/p>","protected":false},"featured_media":4787,"comment_status":"open","ping_status":"closed","template":"","meta":{"_acf_changed":false,"content-type":"","_monsterinsights_skip_tracking":false,"_monsterinsights_sitenote_active":false,"_monsterinsights_sitenote_note":"","_monsterinsights_sitenote_category":0},"product_brand":[],"product_cat":[121],"product_tag":[],"class_list":{"0":"post-4738","1":"product","2":"type-product","3":"status-publish","4":"has-post-thumbnail","6":"product_cat-connectors","8":"first","9":"instock","10":"taxable","11":"shipping-taxable","12":"purchasable","13":"product-type-simple"},"acf":[],"aioseo_notices":[],"jetpack_sharing_enabled":true,"_links":{"self":[{"href":"https:\/\/antcube.shop\/lt\/wp-json\/wp\/v2\/product\/4738","targetHints":{"allow":["GET"]}}],"collection":[{"href":"https:\/\/antcube.shop\/lt\/wp-json\/wp\/v2\/product"}],"about":[{"href":"https:\/\/antcube.shop\/lt\/wp-json\/wp\/v2\/types\/product"}],"replies":[{"embeddable":true,"href":"https:\/\/antcube.shop\/lt\/wp-json\/wp\/v2\/comments?post=4738"}],"wp:featuredmedia":[{"embeddable":true,"href":"https:\/\/antcube.shop\/lt\/wp-json\/wp\/v2\/media\/4787"}],"wp:attachment":[{"href":"https:\/\/antcube.shop\/lt\/wp-json\/wp\/v2\/media?parent=4738"}],"wp:term":[{"taxonomy":"product_brand","embeddable":true,"href":"https:\/\/antcube.shop\/lt\/wp-json\/wp\/v2\/product_brand?post=4738"},{"taxonomy":"product_cat","embeddable":true,"href":"https:\/\/antcube.shop\/lt\/wp-json\/wp\/v2\/product_cat?post=4738"},{"taxonomy":"product_tag","embeddable":true,"href":"https:\/\/antcube.shop\/lt\/wp-json\/wp\/v2\/product_tag?post=4738"}],"curies":[{"name":"wp","href":"https:\/\/api.w.org\/{rel}","templated":true}]}}