{"id":4737,"date":"2022-11-14T15:05:30","date_gmt":"2022-11-14T14:05:30","guid":{"rendered":"https:\/\/antcube.shop\/produkt\/bohrungsadapter-50-auf-27mm-transparent\/"},"modified":"2026-04-20T09:58:23","modified_gmt":"2026-04-20T07:58:23","slug":"skyles-adapteris-nuo-50-iki-27-mm-skaidrus","status":"publish","type":"product","link":"https:\/\/antcube.shop\/lt\/produktas\/skyles-adapteris-nuo-50-iki-27-mm-skaidrus\/","title":{"rendered":"50-27 mm skyl\u0117s adapteris - skaidrus"},"content":{"rendered":"<p><strong>Turinys:<\/strong><br \/>\n1x akrilo diskas 50x4 mm su 27 mm skyle<br \/>\n1x lipni skaidri 60 mm pl\u0117vel\u0117 su 27 mm skyle<\/p>\n<p><strong>Matmenys:<\/strong> 60x4 mm<\/p>\n<p><strong>Med\u017eiaga:<\/strong> PMMA, PP<\/p>\n<p><strong>Spalva:<\/strong> skaidrus \/ kri\u0161tolo skaidrumo<\/p>\n<p><strong>Apra\u0161ymas:<\/strong> Adapteris, skirtas tvirtinti 27 mm skersmens elementus 50 mm skyl\u0117je.<br \/>\nAuk\u0161tos kokyb\u0117s skaidri 50 \u00b5 lipni pl\u0117vel\u0117 yra atspari \u012fbr\u0117\u017eimams, padengta apsaugine UV spinduli\u0173 danga ir yra nuolat lipni.<br \/>\nTaigi adapteris yra saugus, tvirtas ir vizualiai gra\u017eus tvirtinimo elementas.<\/p>\n<p><strong>Pastaba:<\/strong> Angos adapterio negalima apkrauti nuolatiniu sverto poveikio spaudimu, kitaip jis gali atsilaisvinti. Jis tinka tik tiesioms jungtims!<\/p>","protected":false},"excerpt":{"rendered":"<p>Turinys: Sud\u0117tis: 1x akrilo diskas 50x4 mm su 27 mm skyle 1x lipni skaidri pl\u0117vel\u0117 60 mm su 27 mm skyle I\u0161matavimai: 60x4mm Med\u017eiaga: Akrilo folija, 2 vnt: PMMA, PP Spalva: skaidri \/ kri\u0161tolo skaidrumo Apra\u0161ymas: Adapteris, skirtas tvirtinti 27 mm skersmens elementus 50 mm skyl\u0117je. Auk\u0161tos kokyb\u0117s skaidri 50 \u00b5 lipni pl\u0117vel\u0117 yra atspari \u012fbr\u0117\u017eimams, joje yra UV spinduli\u0173 apsaugin\u0117 danga ir yra","protected":false},"featured_media":4887,"comment_status":"open","ping_status":"closed","template":"","meta":{"_acf_changed":false,"content-type":"","_monsterinsights_skip_tracking":false,"_monsterinsights_sitenote_active":false,"_monsterinsights_sitenote_note":"","_monsterinsights_sitenote_category":0},"product_brand":[],"product_cat":[119,121],"product_tag":[],"class_list":{"0":"post-4737","1":"product","2":"type-product","3":"status-publish","4":"has-post-thumbnail","6":"product_cat-formicarium-components","7":"product_cat-connectors","9":"first","10":"instock","11":"taxable","12":"shipping-taxable","13":"purchasable","14":"product-type-simple"},"acf":[],"aioseo_notices":[],"jetpack_sharing_enabled":true,"_links":{"self":[{"href":"https:\/\/antcube.shop\/lt\/wp-json\/wp\/v2\/product\/4737","targetHints":{"allow":["GET"]}}],"collection":[{"href":"https:\/\/antcube.shop\/lt\/wp-json\/wp\/v2\/product"}],"about":[{"href":"https:\/\/antcube.shop\/lt\/wp-json\/wp\/v2\/types\/product"}],"replies":[{"embeddable":true,"href":"https:\/\/antcube.shop\/lt\/wp-json\/wp\/v2\/comments?post=4737"}],"wp:featuredmedia":[{"embeddable":true,"href":"https:\/\/antcube.shop\/lt\/wp-json\/wp\/v2\/media\/4887"}],"wp:attachment":[{"href":"https:\/\/antcube.shop\/lt\/wp-json\/wp\/v2\/media?parent=4737"}],"wp:term":[{"taxonomy":"product_brand","embeddable":true,"href":"https:\/\/antcube.shop\/lt\/wp-json\/wp\/v2\/product_brand?post=4737"},{"taxonomy":"product_cat","embeddable":true,"href":"https:\/\/antcube.shop\/lt\/wp-json\/wp\/v2\/product_cat?post=4737"},{"taxonomy":"product_tag","embeddable":true,"href":"https:\/\/antcube.shop\/lt\/wp-json\/wp\/v2\/product_tag?post=4737"}],"curies":[{"name":"wp","href":"https:\/\/api.w.org\/{rel}","templated":true}]}}