{"id":4736,"date":"2022-11-14T15:05:15","date_gmt":"2022-11-14T14:05:15","guid":{"rendered":"https:\/\/antcube.shop\/produkt\/rohrverbindungsring-fur-32mm-rohr\/"},"modified":"2026-04-13T09:33:48","modified_gmt":"2026-04-13T07:33:48","slug":"vamzdzio-jungties-ziedas-32-mm-vamzdziui","status":"publish","type":"product","link":"https:\/\/antcube.shop\/lt\/produktas\/vamzdzio-jungties-ziedas-32-mm-vamzdziui\/","title":{"rendered":"Vamzd\u017eio jungiamasis \u017eiedas 32 mm vamzd\u017eiui"},"content":{"rendered":"<p><strong>Kiekis:<\/strong> 1 vnt.<\/p>\n<p><strong>Matmenys:<\/strong> 32 mm (vidinis skersmuo), 40x10 mm (i\u0161oriniai matmenys)<\/p>\n<p><strong>Spalva:<\/strong> skaidrus<\/p>\n<p><strong>Med\u017eiaga:<\/strong> akrilas<\/p>\n<p><strong>Apra\u0161ymas:<\/strong><br \/>\nVamzd\u017ei\u0173 jungiamasis \u017eiedas, pagamintas i\u0161 skaidraus akrilo, skirtas akrilo vamzd\u017eiams jungti.<\/p>\n<p><strong>Taikymas:<\/strong><br \/>\nSkirtas 32 mm skersmens akrilo vamzd\u017eiams jungti.<\/p>\n<p><strong>Prane\u0161imas:<\/strong><br \/>\nMontuodami vamzd\u017eius atkreipkite d\u0117mes\u012f \u012f \u0161iuos dalykus:<br \/>\nJei vamzd\u012f labai sunku \u012fstatyti \u012f jungiam\u0105j\u0105 mov\u0105, sandarinimo \u017eied\u0105 reikia lengvai patrinti la\u0161eliu m\u016bs\u0173 alyvos arba milteli\u0173 nuo i\u0161tr\u016bkimo. Tuomet vamzd\u012f ant \u012fvor\u0117s reikia u\u017emauti sukamaisiais arba prisukamaisiais judesiais, neapkraunant \u012fvor\u0117s judesiais auk\u0161tyn ir \u017eemyn. D\u0117l akrilo med\u017eiagos savybi\u0173 bet kokia kaina reik\u0117t\u0173 vengti spaudimo ir sverto.<\/p>\n<p>&nbsp;<\/p>","protected":false},"excerpt":{"rendered":"<p>Kiekis: I\u0161matavimai: 1 vnt: Spalva: skaidri Med\u017eiaga: akrilas Apra\u0161ymas: Vamzd\u017ei\u0173 jungiamasis \u017eiedas, pagamintas i\u0161 skaidraus akrilo, skirtas akriliniams vamzd\u017eiams jungti. Taikymas: Skirta 32 mm skersmens akriliniams vamzd\u017eiams jungti. Pastaba: Atkreipkite d\u0117mes\u012f \u012f tai, kas i\u0161d\u0117styta toliau: Jei vamzd\u012f labai sunku pritvirtinti prie jungiamojo lizdo, [...]","protected":false},"featured_media":4890,"comment_status":"open","ping_status":"closed","template":"","meta":{"_acf_changed":false,"content-type":"","_monsterinsights_skip_tracking":false,"_monsterinsights_sitenote_active":false,"_monsterinsights_sitenote_note":"","_monsterinsights_sitenote_category":0},"product_brand":[],"product_cat":[345],"product_tag":[],"class_list":{"0":"post-4736","1":"product","2":"type-product","3":"status-publish","4":"has-post-thumbnail","6":"product_cat-pipe-connectors","8":"first","9":"instock","10":"taxable","11":"shipping-taxable","12":"purchasable","13":"product-type-simple"},"acf":[],"aioseo_notices":[],"jetpack_sharing_enabled":true,"_links":{"self":[{"href":"https:\/\/antcube.shop\/lt\/wp-json\/wp\/v2\/product\/4736","targetHints":{"allow":["GET"]}}],"collection":[{"href":"https:\/\/antcube.shop\/lt\/wp-json\/wp\/v2\/product"}],"about":[{"href":"https:\/\/antcube.shop\/lt\/wp-json\/wp\/v2\/types\/product"}],"replies":[{"embeddable":true,"href":"https:\/\/antcube.shop\/lt\/wp-json\/wp\/v2\/comments?post=4736"}],"wp:featuredmedia":[{"embeddable":true,"href":"https:\/\/antcube.shop\/lt\/wp-json\/wp\/v2\/media\/4890"}],"wp:attachment":[{"href":"https:\/\/antcube.shop\/lt\/wp-json\/wp\/v2\/media?parent=4736"}],"wp:term":[{"taxonomy":"product_brand","embeddable":true,"href":"https:\/\/antcube.shop\/lt\/wp-json\/wp\/v2\/product_brand?post=4736"},{"taxonomy":"product_cat","embeddable":true,"href":"https:\/\/antcube.shop\/lt\/wp-json\/wp\/v2\/product_cat?post=4736"},{"taxonomy":"product_tag","embeddable":true,"href":"https:\/\/antcube.shop\/lt\/wp-json\/wp\/v2\/product_tag?post=4736"}],"curies":[{"name":"wp","href":"https:\/\/api.w.org\/{rel}","templated":true}]}}