{"id":4733,"date":"2022-11-14T15:04:27","date_gmt":"2022-11-14T14:04:27","guid":{"rendered":"https:\/\/antcube.shop\/produkt\/rohrverbinder-glasklar-fur-32mm-l\/"},"modified":"2026-04-01T12:30:03","modified_gmt":"2026-04-01T10:30:03","slug":"vamzdziu-jungtis-kristaline-skaidri-32mm-l","status":"publish","type":"product","link":"https:\/\/antcube.shop\/lt\/produktas\/vamzdziu-jungtis-kristaline-skaidri-32mm-l\/","title":{"rendered":"Vamzdelio jungtis kri\u0161tolo skaidrumo, skirta 32 mm - L"},"content":{"rendered":"<p><strong>Matmenys (Dx\u0160xV):<\/strong> 6,0\u00d74,0x6,0 cm<br \/>\n<strong>Vidinis skersmuo:<\/strong> 32 mm<\/p>\n<p><strong>Med\u017eiaga:<\/strong> Akrilas<\/p>\n<p><strong>Spalva:<\/strong> Bespalvis \/ permatomas \/ skaidrus<\/p>\n<p><strong>Turinys:<\/strong> 1 vnt.<\/p>\n<p><strong>Technin\u0117s specifikacijos:<\/strong><br \/>\nVamzd\u017eio jungtis L formos akrilo skersmuo 40 mm, skirta 32 mm vamzd\u017eiui.<\/p>\n<p><strong>Apra\u0161ymas:<\/strong><br \/>\nVamzd\u017ei\u0173 jungtis i\u0161 skaidraus akrilo, skirta akriliniams vamzd\u017eiams jungti.<\/p>\n<p><strong>Prane\u0161imas:<\/strong><br \/>\nMontuodami vamzd\u017eius atkreipkite d\u0117mes\u012f \u012f \u0161iuos dalykus:<br \/>\nD\u0117l akrilo med\u017eiagos savybi\u0173 bet kokia kaina reikia vengti spaudimo ir sverto. Jei sujungti sunku, sujungkite atsargiais sukamaisiais judesiais ir, jei reikia, \u012ftrinkite \u0161iek tiek alyvos nuo l\u016b\u017eimo.<\/p>","protected":false},"excerpt":{"rendered":"<p>Matmenys (Dx\u0160xVxH): 4,7\u00d74,0\u00d74,0 cm Vidinis skersmuo: 32 mm Med\u017eiaga: Akrilo med\u017eiaga Spalva: bespalv\u0117 \/ permatoma \/ skaidrus turinys: Sud\u0117tis: 1 vnt. Technin\u0117 specifikacija: Vamzd\u017eio jungties forma I akrilo skersmuo 40 mm, skirtas 32 mm vamzd\u017eiui. Apra\u0161ymas: Vamzd\u017ei\u0173 jungtis i\u0161 skaidraus akrilo, skirta akriliniams vamzd\u017eiams jungti. Pastaba: Atkreipkite d\u0117mes\u012f \u012f tai, kas i\u0161d\u0117styta toliau: D\u0117l akrilo med\u017eiagos savybi\u0173 sl\u0117gis ir svertas turi b\u016bti [...]","protected":false},"featured_media":4899,"comment_status":"open","ping_status":"closed","template":"","meta":{"_acf_changed":false,"content-type":"","_monsterinsights_skip_tracking":false,"_monsterinsights_sitenote_active":false,"_monsterinsights_sitenote_note":"","_monsterinsights_sitenote_category":0},"product_brand":[],"product_cat":[345],"product_tag":[],"class_list":{"0":"post-4733","1":"product","2":"type-product","3":"status-publish","4":"has-post-thumbnail","6":"product_cat-pipe-connectors","8":"first","9":"instock","10":"taxable","11":"shipping-taxable","12":"purchasable","13":"product-type-simple"},"acf":[],"aioseo_notices":[],"jetpack_sharing_enabled":true,"_links":{"self":[{"href":"https:\/\/antcube.shop\/lt\/wp-json\/wp\/v2\/product\/4733","targetHints":{"allow":["GET"]}}],"collection":[{"href":"https:\/\/antcube.shop\/lt\/wp-json\/wp\/v2\/product"}],"about":[{"href":"https:\/\/antcube.shop\/lt\/wp-json\/wp\/v2\/types\/product"}],"replies":[{"embeddable":true,"href":"https:\/\/antcube.shop\/lt\/wp-json\/wp\/v2\/comments?post=4733"}],"wp:featuredmedia":[{"embeddable":true,"href":"https:\/\/antcube.shop\/lt\/wp-json\/wp\/v2\/media\/4899"}],"wp:attachment":[{"href":"https:\/\/antcube.shop\/lt\/wp-json\/wp\/v2\/media?parent=4733"}],"wp:term":[{"taxonomy":"product_brand","embeddable":true,"href":"https:\/\/antcube.shop\/lt\/wp-json\/wp\/v2\/product_brand?post=4733"},{"taxonomy":"product_cat","embeddable":true,"href":"https:\/\/antcube.shop\/lt\/wp-json\/wp\/v2\/product_cat?post=4733"},{"taxonomy":"product_tag","embeddable":true,"href":"https:\/\/antcube.shop\/lt\/wp-json\/wp\/v2\/product_tag?post=4733"}],"curies":[{"name":"wp","href":"https:\/\/api.w.org\/{rel}","templated":true}]}}