{"id":4729,"date":"2022-11-14T15:03:24","date_gmt":"2022-11-14T14:03:24","guid":{"rendered":"https:\/\/antcube.shop\/produkt\/becken-rohrverbinder-3-4-zu-32mm-gerade-transparent\/"},"modified":"2026-01-12T12:36:45","modified_gmt":"2026-01-12T11:36:45","slug":"praustuvo-vamzdziu-jungtis-3-4-32-mm-tiesi-permatoma","status":"publish","type":"product","link":"https:\/\/antcube.shop\/lt\/produktas\/praustuvo-vamzdziu-jungtis-3-4-32-mm-tiesi-permatoma\/","title":{"rendered":"Baseino vamzd\u017ei\u0173 jungtis nuo 3\/4\u2033 iki 32 mm - tiesi - skaidri"},"content":{"rendered":"<p><strong>Matmenys:<\/strong> 75x40x40 mm<\/p>\n<p><strong>Kiekis:<\/strong> 1 vnt.<\/p>\n<p><strong>Spalva:<\/strong> skaidrus<\/p>\n<p><strong>Med\u017eiaga:<\/strong> plastikinis<\/p>\n<p><strong>Apra\u0161ymas:<\/strong> \u0160i 3\/4\" baseino vamzd\u017eio jungtis tinka 27 mm skyl\u0117je ir 32 mm i\u0161orinio skersmens vamzdyje.<\/p>","protected":false},"excerpt":{"rendered":"<p>Matmenys: Kiekis: 75x40x40 mm Med\u017eiaga: plastikas Apra\u0161ymas: \u0160is 3\/4\u2033 baseino vamzd\u017eio jungtis tinka 27 mm skyl\u0117je ir ant 32 mm i\u0161orinio skersmens vamzd\u017eio.<\/p>","protected":false},"featured_media":4905,"comment_status":"open","ping_status":"closed","template":"","meta":{"_acf_changed":false,"content-type":"","_monsterinsights_skip_tracking":false,"_monsterinsights_sitenote_active":false,"_monsterinsights_sitenote_note":"","_monsterinsights_sitenote_category":0},"product_brand":[],"product_cat":[345],"product_tag":[],"class_list":{"0":"post-4729","1":"product","2":"type-product","3":"status-publish","4":"has-post-thumbnail","6":"product_cat-pipe-connectors","8":"first","9":"instock","10":"taxable","11":"shipping-taxable","12":"purchasable","13":"product-type-simple"},"acf":[],"aioseo_notices":[],"jetpack_sharing_enabled":true,"_links":{"self":[{"href":"https:\/\/antcube.shop\/lt\/wp-json\/wp\/v2\/product\/4729","targetHints":{"allow":["GET"]}}],"collection":[{"href":"https:\/\/antcube.shop\/lt\/wp-json\/wp\/v2\/product"}],"about":[{"href":"https:\/\/antcube.shop\/lt\/wp-json\/wp\/v2\/types\/product"}],"replies":[{"embeddable":true,"href":"https:\/\/antcube.shop\/lt\/wp-json\/wp\/v2\/comments?post=4729"}],"wp:featuredmedia":[{"embeddable":true,"href":"https:\/\/antcube.shop\/lt\/wp-json\/wp\/v2\/media\/4905"}],"wp:attachment":[{"href":"https:\/\/antcube.shop\/lt\/wp-json\/wp\/v2\/media?parent=4729"}],"wp:term":[{"taxonomy":"product_brand","embeddable":true,"href":"https:\/\/antcube.shop\/lt\/wp-json\/wp\/v2\/product_brand?post=4729"},{"taxonomy":"product_cat","embeddable":true,"href":"https:\/\/antcube.shop\/lt\/wp-json\/wp\/v2\/product_cat?post=4729"},{"taxonomy":"product_tag","embeddable":true,"href":"https:\/\/antcube.shop\/lt\/wp-json\/wp\/v2\/product_tag?post=4729"}],"curies":[{"name":"wp","href":"https:\/\/api.w.org\/{rel}","templated":true}]}}