{"id":4720,"date":"2022-11-14T15:01:00","date_gmt":"2022-11-14T14:01:00","guid":{"rendered":"https:\/\/antcube.shop\/produkt\/formicarium-schraubbuchse-fur-50mm-bohrung-transparent\/"},"modified":"2025-10-19T12:40:25","modified_gmt":"2025-10-19T10:40:25","slug":"formicarium-sraigtiniai-suktuvai-su-50mm-ant-skyles-permatomi","status":"publish","type":"product","link":"https:\/\/antcube.shop\/lt\/produktas\/formicarium-sraigtiniai-suktuvai-su-50mm-ant-skyles-permatomi\/","title":{"rendered":"Formikaro \u012fvor\u0117 su 50 mm skyle - skaidri"},"content":{"rendered":"<p><strong>Turinys:<\/strong> 1 vnt.<\/p>\n<p><strong>Matmenys:<\/strong> 68 x 68 x 46 mm (49 mm lizdas)<\/p>\n<p><strong>Med\u017eiaga:<\/strong> Plastikinis<\/p>\n<p><strong>Spalva:<\/strong> Skaidrus<\/p>\n<p><strong>Apra\u0161ymas:<\/strong><br \/>\n\u0160is elementas yra dubens vamzdelio jungtis.<br \/>\nApie deran\u010dias 50 mm vamzdeli\u0173 jungtis, su \u0161ia dubens vamzdeli\u0173 jungtimi galite prijungti daugiau 50 mm vamzdeli\u0173 arba daugiau Formicarien.<br \/>\nPer 50 mm sandarinimo \u017eied\u0105 taip pat galima prijungti 60 mm vamzd\u012f (60\/56 mm).<br \/>\nArba dang\u010dio atveju galima naudoti ap\u0161vietimo \u012frenginiams skirtus tinkamus porcelianinius lizdus.<\/p>\n<p><strong>Prane\u0161imas:<\/strong><br \/>\nKadangi \u0161io lizdo skersmuo yra tik 49 mm, o ne 50 mm, jums reikia sandarinimo \u017eied\u0173 arba apvyniojimo i\u0161 lipnios pl\u0117vel\u0117s kristal\u0173 skaidrumo, kad pasiektum\u0117te 50 mm skersmen\u012f, kad b\u016bt\u0173 u\u017etikrintas sandarus sujungimas.<\/p>","protected":false},"excerpt":{"rendered":"<p>Turinys: Sud\u0117tis: 1 vnt. Matmenys: 1 vnt: 68 x 68 x 46 mm (49 mm lizdas) Med\u017eiaga: Plastikas Spalva: skaidri Apra\u0161ymas: \u0160i prek\u0117 yra dubens vamzdelio jungtis. Apie deran\u010dias 50 mm vamzdeli\u0173 jungtis, su \u0161ia dubens vamzdeli\u0173 jungtimi galite prijungti daugiau 50 mm vamzdeli\u0173 arba daugiau Formicarien. Taip pat galima pasirinktinai prijungti 60 mm vamzdel\u012f (60\/56 mm) per","protected":false},"featured_media":4924,"comment_status":"open","ping_status":"closed","template":"","meta":{"_acf_changed":false,"content-type":"","_monsterinsights_skip_tracking":false,"_monsterinsights_sitenote_active":false,"_monsterinsights_sitenote_note":"","_monsterinsights_sitenote_category":0},"product_brand":[],"product_cat":[345],"product_tag":[],"class_list":{"0":"post-4720","1":"product","2":"type-product","3":"status-publish","4":"has-post-thumbnail","6":"product_cat-pipe-connectors","8":"first","9":"outofstock","10":"taxable","11":"shipping-taxable","12":"purchasable","13":"product-type-simple"},"acf":[],"aioseo_notices":[],"jetpack_sharing_enabled":true,"_links":{"self":[{"href":"https:\/\/antcube.shop\/lt\/wp-json\/wp\/v2\/product\/4720","targetHints":{"allow":["GET"]}}],"collection":[{"href":"https:\/\/antcube.shop\/lt\/wp-json\/wp\/v2\/product"}],"about":[{"href":"https:\/\/antcube.shop\/lt\/wp-json\/wp\/v2\/types\/product"}],"replies":[{"embeddable":true,"href":"https:\/\/antcube.shop\/lt\/wp-json\/wp\/v2\/comments?post=4720"}],"wp:featuredmedia":[{"embeddable":true,"href":"https:\/\/antcube.shop\/lt\/wp-json\/wp\/v2\/media\/4924"}],"wp:attachment":[{"href":"https:\/\/antcube.shop\/lt\/wp-json\/wp\/v2\/media?parent=4720"}],"wp:term":[{"taxonomy":"product_brand","embeddable":true,"href":"https:\/\/antcube.shop\/lt\/wp-json\/wp\/v2\/product_brand?post=4720"},{"taxonomy":"product_cat","embeddable":true,"href":"https:\/\/antcube.shop\/lt\/wp-json\/wp\/v2\/product_cat?post=4720"},{"taxonomy":"product_tag","embeddable":true,"href":"https:\/\/antcube.shop\/lt\/wp-json\/wp\/v2\/product_tag?post=4720"}],"curies":[{"name":"wp","href":"https:\/\/api.w.org\/{rel}","templated":true}]}}