{"id":4716,"date":"2022-11-14T14:59:57","date_gmt":"2022-11-14T13:59:57","guid":{"rendered":"https:\/\/antcube.shop\/produkt\/gittereinsatz-acryl-50-mm-klar-fein\/"},"modified":"2026-04-05T19:45:28","modified_gmt":"2026-04-05T17:45:28","slug":"tinklelis-idek-akrilinis-50-mm-skaidrus-plonas","status":"publish","type":"product","link":"https:\/\/antcube.shop\/lt\/produktas\/tinklelis-idek-akrilinis-50-mm-skaidrus-plonas\/","title":{"rendered":"Akrilo tinklelio \u012fd\u0117klas 50 mm - skaidrus - smulkus"},"content":{"rendered":"<p><strong>Kiekis:<\/strong> 1 vnt.<\/p>\n<p><strong>Matmenys:<\/strong> 60x10 mm<\/p>\n<p><strong>Spalva:<\/strong> ai\u0161kus<\/p>\n<p><strong>Med\u017eiaga:<\/strong> plastikas, ner\u016bdijantis plienas<\/p>\n<p><strong>Apra\u0161ymas:<\/strong> v\u0117dinimo grotel\u0117s su 50 mm skersmens ki\u0161tuku, kad b\u016bt\u0173 galima u\u017edaryti 50 mm skersmens angas. Sud\u0117tyje yra straipsnis: \"Akrilinis 50 mm akrilo \u012fd\u0117klas - skaidrus\" kartu su labai plonu, labai tvirtu ner\u016bdijan\u010dio plieno tinkleliu (0,2-0,3 mm), kuris neleid\u017eia net ma\u017eoms skruzd\u0117l\u0117ms prasiskverbti pro pla\u010dias tinklelio \u012fd\u0117klo ventiliacijos angas. Tinka ir labai stipriai grau\u017eian\u010dioms r\u016b\u0161ims, pavyzd\u017eiui, lapin\u0117ms skruzd\u0117l\u0117ms!<\/p>","protected":false},"excerpt":{"rendered":"<p>Skirta 50 mm skersmens skyl\u0117ms ir (arba) angoms.<\/p>","protected":false},"featured_media":4809,"comment_status":"open","ping_status":"closed","template":"","meta":{"_acf_changed":false,"content-type":"","_monsterinsights_skip_tracking":false,"_monsterinsights_sitenote_active":false,"_monsterinsights_sitenote_note":"","_monsterinsights_sitenote_category":0},"product_brand":[],"product_cat":[238],"product_tag":[],"class_list":{"0":"post-4716","1":"product","2":"type-product","3":"status-publish","4":"has-post-thumbnail","6":"product_cat-grid-caps-plugs-and-inserts","8":"first","9":"instock","10":"taxable","11":"shipping-taxable","12":"purchasable","13":"product-type-simple"},"acf":[],"aioseo_notices":[],"jetpack_sharing_enabled":true,"_links":{"self":[{"href":"https:\/\/antcube.shop\/lt\/wp-json\/wp\/v2\/product\/4716","targetHints":{"allow":["GET"]}}],"collection":[{"href":"https:\/\/antcube.shop\/lt\/wp-json\/wp\/v2\/product"}],"about":[{"href":"https:\/\/antcube.shop\/lt\/wp-json\/wp\/v2\/types\/product"}],"replies":[{"embeddable":true,"href":"https:\/\/antcube.shop\/lt\/wp-json\/wp\/v2\/comments?post=4716"}],"wp:featuredmedia":[{"embeddable":true,"href":"https:\/\/antcube.shop\/lt\/wp-json\/wp\/v2\/media\/4809"}],"wp:attachment":[{"href":"https:\/\/antcube.shop\/lt\/wp-json\/wp\/v2\/media?parent=4716"}],"wp:term":[{"taxonomy":"product_brand","embeddable":true,"href":"https:\/\/antcube.shop\/lt\/wp-json\/wp\/v2\/product_brand?post=4716"},{"taxonomy":"product_cat","embeddable":true,"href":"https:\/\/antcube.shop\/lt\/wp-json\/wp\/v2\/product_cat?post=4716"},{"taxonomy":"product_tag","embeddable":true,"href":"https:\/\/antcube.shop\/lt\/wp-json\/wp\/v2\/product_tag?post=4716"}],"curies":[{"name":"wp","href":"https:\/\/api.w.org\/{rel}","templated":true}]}}