{"id":4712,"date":"2022-11-14T14:58:33","date_gmt":"2022-11-14T13:58:33","guid":{"rendered":"https:\/\/antcube.shop\/produkt\/humus-ziegel-brick-650g-ergibt-8-9l\/"},"modified":"2026-04-08T18:39:10","modified_gmt":"2026-04-08T16:39:10","slug":"humus-brick-650g-resulting-in-8-9l","status":"publish","type":"product","link":"https:\/\/antcube.shop\/lt\/produktas\/humus-brick-650g-resulting-in-8-9l\/","title":{"rendered":"Humuso plyta 650 g - gaunama 8-9 l"},"content":{"rendered":"<p><strong>Turinys \/ apimtis:<\/strong> I\u0161 650 g gaunama 8-10 litr\u0173.<\/p>\n<p><strong>Apra\u0161ymas:<\/strong> \"Formicarium Humus\" sudaro nat\u016bralus kokos\u0173 pluo\u0161to humusas, supresuotas \u012f plyt\u0105. Humuso plyta, sujungta su vandeniu, i\u0161brinksta ma\u017edaug 8-10 kart\u0173. \u0160is formikariumo humusas, kuriame galima \u012fsirengti urvus, puikiai tinka tropini\u0173 region\u0173 skruzd\u0117l\u0117ms ir gali b\u016bti naudojamas tiek sausas, tiek dr\u0117gnas. Formikariumo humusas yra grynas nat\u016bralus produktas, garantuotai be joki\u0173 chemini\u0173 med\u017eiag\u0173, pesticid\u0173 ir tr\u0105\u0161\u0173, j\u012f galima kompostuoti 100%.<\/p>\n<p>- 100% pagamintas i\u0161 augalin\u0117s kilm\u0117s atsinaujinan\u010di\u0173 \u017ealiav\u0173<br \/>\n- didelis sugeriamumas<br \/>\n- didel\u0117 vandens talpa<\/p>\n<p><strong>Instrukcijos:<\/strong> pamerkite plyt\u0105 \u012f 4-5 l \u0161ilto vandens ind\u0105 ma\u017edaug 20-30 min. Jei plyta dar n\u0117ra visi\u0161kai i\u0161tirpusi, likusi\u0105 dal\u012f sutrupinkite rankomis. Jei reikia, i\u0161 humuso i\u0161spauskite vandens pertekli\u0173.<\/p>","protected":false},"excerpt":{"rendered":"<p>Sud\u0117tis \/ t\u016bris: i\u0161 650 g gaunama 8-10 litr\u0173. Apra\u0161ymas: Formicarium Humusas susideda i\u0161 nat\u016bralaus kokos\u0173 pluo\u0161to humuso, suspausto \u012f plyt\u0105. Sujungus su vandeniu, humuso plyta i\u0161brinksta iki ma\u017edaug 8-10 kart\u0173 didesnio t\u016brio. \u0160is formikariumo humusas puikiai tinka tropini\u0173 region\u0173 skruzd\u0117l\u0117ms ir gali b\u016bti naudojamas tiek sausas, tiek sausas.","protected":false},"featured_media":4811,"comment_status":"open","ping_status":"closed","template":"","meta":{"_acf_changed":false,"content-type":"","_monsterinsights_skip_tracking":false,"_monsterinsights_sitenote_active":false,"_monsterinsights_sitenote_note":"","_monsterinsights_sitenote_category":0},"product_brand":[],"product_cat":[96],"product_tag":[],"class_list":{"0":"post-4712","1":"product","2":"type-product","3":"status-publish","4":"has-post-thumbnail","6":"product_cat-soil","8":"first","9":"instock","10":"taxable","11":"shipping-taxable","12":"purchasable","13":"product-type-simple"},"acf":[],"aioseo_notices":[],"jetpack_sharing_enabled":true,"_links":{"self":[{"href":"https:\/\/antcube.shop\/lt\/wp-json\/wp\/v2\/product\/4712","targetHints":{"allow":["GET"]}}],"collection":[{"href":"https:\/\/antcube.shop\/lt\/wp-json\/wp\/v2\/product"}],"about":[{"href":"https:\/\/antcube.shop\/lt\/wp-json\/wp\/v2\/types\/product"}],"replies":[{"embeddable":true,"href":"https:\/\/antcube.shop\/lt\/wp-json\/wp\/v2\/comments?post=4712"}],"wp:featuredmedia":[{"embeddable":true,"href":"https:\/\/antcube.shop\/lt\/wp-json\/wp\/v2\/media\/4811"}],"wp:attachment":[{"href":"https:\/\/antcube.shop\/lt\/wp-json\/wp\/v2\/media?parent=4712"}],"wp:term":[{"taxonomy":"product_brand","embeddable":true,"href":"https:\/\/antcube.shop\/lt\/wp-json\/wp\/v2\/product_brand?post=4712"},{"taxonomy":"product_cat","embeddable":true,"href":"https:\/\/antcube.shop\/lt\/wp-json\/wp\/v2\/product_cat?post=4712"},{"taxonomy":"product_tag","embeddable":true,"href":"https:\/\/antcube.shop\/lt\/wp-json\/wp\/v2\/product_tag?post=4712"}],"curies":[{"name":"wp","href":"https:\/\/api.w.org\/{rel}","templated":true}]}}