{"id":4710,"date":"2022-11-14T14:58:00","date_gmt":"2022-11-14T13:58:00","guid":{"rendered":"https:\/\/antcube.shop\/produkt\/bodengrund-sand-lehm-weis-1000g\/"},"modified":"2026-04-15T09:42:23","modified_gmt":"2026-04-15T07:42:23","slug":"bodengrund-sand-lehm-weis-1000g","status":"publish","type":"product","link":"https:\/\/antcube.shop\/lt\/produktas\/bodengrund-sand-lehm-weis-1000g\/","title":{"rendered":"Substratas - Sm\u0117lio ir putplas\u010dio baltas - 1000g"},"content":{"rendered":"<p><strong>Turinys:<\/strong> 1000g<\/p>\n<p><strong>Med\u017eiaga:<\/strong> sm\u0117lis, kalk\u0117s, kalki\u0173 ri\u0161iklis<\/p>\n<p><strong>Spalva:<\/strong> balta<\/p>\n<p><strong>Mai\u0161ymo santykis:<\/strong> diggable<\/p>\n<p><strong>Apra\u0161ymas:<\/strong> \u0160is paruo\u0161tas sm\u0117lio ir molio mi\u0161inys yra grynas nat\u016bralus produktas. Spalva gaunama i\u0161 balto kalki\u0173 sm\u0117lio. Stiprum\u0105 suteikia ri\u0161am\u0173j\u0173 kalki\u0173 mi\u0161inys, kuris nekenksmingas gyv\u016bnams.<\/p>\n<p><strong>Taikymas:<\/strong> Dirvo\u017eemis kasamas, gali b\u016bti naudojamas lizdui ir arenos teritorijai! Lyginant su sm\u0117lio spalvos gruntu, turi didesn\u012f stiprum\u0105, taip pat ir dr\u0117gnoje aplinkoje.<\/p>\n<p><strong>Pastaba:<\/strong> kadangi tai grynai nat\u016bralus produktas, gali b\u016bti nedideli\u0173 spalvos ir strukt\u016bros skirtum\u0173, kuri\u0173 mes negalime paveikti.<\/p>\n<p><strong>Svarbu:<\/strong> Prie\u0161 naudodami sudr\u0117kinkite substrat\u0105, kad mi\u0161inys susijungt\u0173 ir tvirtai \u012fsitvirtint\u0173 skruzd\u0117lyne. Be to, per sausas ir dulk\u0117tas substratas gali u\u017ekim\u0161ti skruzd\u0117li\u0173 kv\u0117pavimo takus ir blogiausiu atveju gyv\u016bnai gali u\u017edusti.<\/p>","protected":false},"excerpt":{"rendered":"<p>Nat\u016bralus substratas - tinkamas kasti<\/p>","protected":false},"featured_media":5725,"comment_status":"open","ping_status":"closed","template":"","meta":{"_acf_changed":false,"content-type":"","_monsterinsights_skip_tracking":false,"_monsterinsights_sitenote_active":false,"_monsterinsights_sitenote_note":"","_monsterinsights_sitenote_category":0},"product_brand":[],"product_cat":[95,96],"product_tag":[],"class_list":{"0":"post-4710","1":"product","2":"type-product","3":"status-publish","4":"has-post-thumbnail","6":"product_cat-accessories-for-ants","7":"product_cat-soil","9":"first","10":"instock","11":"taxable","12":"shipping-taxable","13":"purchasable","14":"product-type-simple"},"acf":[],"aioseo_notices":[],"jetpack_sharing_enabled":true,"_links":{"self":[{"href":"https:\/\/antcube.shop\/lt\/wp-json\/wp\/v2\/product\/4710","targetHints":{"allow":["GET"]}}],"collection":[{"href":"https:\/\/antcube.shop\/lt\/wp-json\/wp\/v2\/product"}],"about":[{"href":"https:\/\/antcube.shop\/lt\/wp-json\/wp\/v2\/types\/product"}],"replies":[{"embeddable":true,"href":"https:\/\/antcube.shop\/lt\/wp-json\/wp\/v2\/comments?post=4710"}],"wp:featuredmedia":[{"embeddable":true,"href":"https:\/\/antcube.shop\/lt\/wp-json\/wp\/v2\/media\/5725"}],"wp:attachment":[{"href":"https:\/\/antcube.shop\/lt\/wp-json\/wp\/v2\/media?parent=4710"}],"wp:term":[{"taxonomy":"product_brand","embeddable":true,"href":"https:\/\/antcube.shop\/lt\/wp-json\/wp\/v2\/product_brand?post=4710"},{"taxonomy":"product_cat","embeddable":true,"href":"https:\/\/antcube.shop\/lt\/wp-json\/wp\/v2\/product_cat?post=4710"},{"taxonomy":"product_tag","embeddable":true,"href":"https:\/\/antcube.shop\/lt\/wp-json\/wp\/v2\/product_tag?post=4710"}],"curies":[{"name":"wp","href":"https:\/\/api.w.org\/{rel}","templated":true}]}}