{"id":4707,"date":"2022-11-14T14:57:14","date_gmt":"2022-11-14T13:57:14","guid":{"rendered":"https:\/\/antcube.shop\/produkt\/dekosteine-1000g-beige\/"},"modified":"2026-04-02T02:54:15","modified_gmt":"2026-04-02T00:54:15","slug":"dekoratyviniai-akmenys-1000g-smelio-spalvos","status":"publish","type":"product","link":"https:\/\/antcube.shop\/lt\/produktas\/dekoratyviniai-akmenys-1000g-smelio-spalvos\/","title":{"rendered":"Dekoratyviniai akmenys 1000g - sm\u0117lio spalvos"},"content":{"rendered":"<p><strong>Turinys \/ apimtis:<\/strong> 1000g<\/p>\n<p><strong>Gr\u016bdeli\u0173 dydis:<\/strong> 8-16 mm<\/p>\n<p><strong>Spalva:<\/strong> geltona, sm\u0117lio spalvos<\/p>\n<p><strong>Apra\u0161ymas:<\/strong> \"Taunus\" kvarcinis \u017evyras yra labai dekoratyvus substratas.<\/p>\n<p><strong>Pastaba:<\/strong> Kadangi med\u017eiaga yra \u0161iek tiek dulk\u0117ta d\u0117l transportavimo metu susidariusio dilimo, prie\u0161 naudojant formikariume j\u0105 reik\u0117t\u0173 dar kart\u0105 nuplauti vandeniu.<\/p>","protected":false},"excerpt":{"rendered":"<p>Granuliacija: 8-16 mm<\/p>","protected":false},"featured_media":5516,"comment_status":"open","ping_status":"closed","template":"","meta":{"_acf_changed":false,"content-type":"","_monsterinsights_skip_tracking":false,"_monsterinsights_sitenote_active":false,"_monsterinsights_sitenote_note":"","_monsterinsights_sitenote_category":0},"product_brand":[],"product_cat":[98],"product_tag":[],"class_list":{"0":"post-4707","1":"product","2":"type-product","3":"status-publish","4":"has-post-thumbnail","6":"product_cat-decoration","8":"first","9":"instock","10":"taxable","11":"shipping-taxable","12":"purchasable","13":"product-type-simple"},"acf":[],"aioseo_notices":[],"jetpack_sharing_enabled":true,"_links":{"self":[{"href":"https:\/\/antcube.shop\/lt\/wp-json\/wp\/v2\/product\/4707","targetHints":{"allow":["GET"]}}],"collection":[{"href":"https:\/\/antcube.shop\/lt\/wp-json\/wp\/v2\/product"}],"about":[{"href":"https:\/\/antcube.shop\/lt\/wp-json\/wp\/v2\/types\/product"}],"replies":[{"embeddable":true,"href":"https:\/\/antcube.shop\/lt\/wp-json\/wp\/v2\/comments?post=4707"}],"wp:featuredmedia":[{"embeddable":true,"href":"https:\/\/antcube.shop\/lt\/wp-json\/wp\/v2\/media\/5516"}],"wp:attachment":[{"href":"https:\/\/antcube.shop\/lt\/wp-json\/wp\/v2\/media?parent=4707"}],"wp:term":[{"taxonomy":"product_brand","embeddable":true,"href":"https:\/\/antcube.shop\/lt\/wp-json\/wp\/v2\/product_brand?post=4707"},{"taxonomy":"product_cat","embeddable":true,"href":"https:\/\/antcube.shop\/lt\/wp-json\/wp\/v2\/product_cat?post=4707"},{"taxonomy":"product_tag","embeddable":true,"href":"https:\/\/antcube.shop\/lt\/wp-json\/wp\/v2\/product_tag?post=4707"}],"curies":[{"name":"wp","href":"https:\/\/api.w.org\/{rel}","templated":true}]}}