{"id":4706,"date":"2022-11-14T14:56:58","date_gmt":"2022-11-14T13:56:58","guid":{"rendered":"https:\/\/antcube.shop\/produkt\/dekosteine-1000g-weis\/"},"modified":"2026-04-02T12:26:01","modified_gmt":"2026-04-02T10:26:01","slug":"dekoratyviniai-akmenys-1000g-balti","status":"publish","type":"product","link":"https:\/\/antcube.shop\/lt\/produktas\/dekoratyviniai-akmenys-1000g-balti\/","title":{"rendered":"Dekoratyviniai akmenys 1000g - balti"},"content":{"rendered":"<p><strong>Turinys \/ apimtis:<\/strong> 1000g<\/p>\n<p><strong>Gr\u016bdeli\u0173 dydis:<\/strong> 8-16 mm<\/p>\n<p><strong>Apra\u0161ymas:<\/strong> \u0160is Carrara marmuras yra labai dekoratyvus pagrindas.<\/p>\n<p><strong>Pastaba:<\/strong> Kadangi med\u017eiaga yra \u0161iek tiek dulk\u0117ta d\u0117l transportavimo metu susidariusio dilimo, prie\u0161 naudojant formikariume j\u0105 reik\u0117t\u0173 dar kart\u0105 nuplauti vandeniu.<\/p>","protected":false},"excerpt":{"rendered":"<p>Granuliacija: 8-16 mm<\/p>","protected":false},"featured_media":5522,"comment_status":"open","ping_status":"closed","template":"","meta":{"_acf_changed":false,"content-type":"","_monsterinsights_skip_tracking":false,"_monsterinsights_sitenote_active":false,"_monsterinsights_sitenote_note":"","_monsterinsights_sitenote_category":0},"product_brand":[],"product_cat":[98],"product_tag":[],"class_list":{"0":"post-4706","1":"product","2":"type-product","3":"status-publish","4":"has-post-thumbnail","6":"product_cat-decoration","8":"first","9":"instock","10":"taxable","11":"shipping-taxable","12":"purchasable","13":"product-type-simple"},"acf":[],"aioseo_notices":[],"jetpack_sharing_enabled":true,"_links":{"self":[{"href":"https:\/\/antcube.shop\/lt\/wp-json\/wp\/v2\/product\/4706","targetHints":{"allow":["GET"]}}],"collection":[{"href":"https:\/\/antcube.shop\/lt\/wp-json\/wp\/v2\/product"}],"about":[{"href":"https:\/\/antcube.shop\/lt\/wp-json\/wp\/v2\/types\/product"}],"replies":[{"embeddable":true,"href":"https:\/\/antcube.shop\/lt\/wp-json\/wp\/v2\/comments?post=4706"}],"wp:featuredmedia":[{"embeddable":true,"href":"https:\/\/antcube.shop\/lt\/wp-json\/wp\/v2\/media\/5522"}],"wp:attachment":[{"href":"https:\/\/antcube.shop\/lt\/wp-json\/wp\/v2\/media?parent=4706"}],"wp:term":[{"taxonomy":"product_brand","embeddable":true,"href":"https:\/\/antcube.shop\/lt\/wp-json\/wp\/v2\/product_brand?post=4706"},{"taxonomy":"product_cat","embeddable":true,"href":"https:\/\/antcube.shop\/lt\/wp-json\/wp\/v2\/product_cat?post=4706"},{"taxonomy":"product_tag","embeddable":true,"href":"https:\/\/antcube.shop\/lt\/wp-json\/wp\/v2\/product_tag?post=4706"}],"curies":[{"name":"wp","href":"https:\/\/api.w.org\/{rel}","templated":true}]}}