{"id":4702,"date":"2022-11-14T14:55:34","date_gmt":"2022-11-14T13:55:34","guid":{"rendered":"https:\/\/antcube.shop\/produkt\/antcube-ameisenarenaeinsatz-s-20x20\/"},"modified":"2025-10-18T22:49:11","modified_gmt":"2025-10-18T20:49:11","slug":"antcube-ant-arena-insert-s-20x20","status":"publish","type":"product","link":"https:\/\/antcube.shop\/lt\/produktas\/antcube-ant-arena-insert-s-20x20\/","title":{"rendered":"ANTCUBE skruzd\u0117lyno \u012fd\u0117klas - S - 20\u00d720"},"content":{"rendered":"<p><strong>Matmenys:<\/strong><br \/>\ni\u0161or\u0117: 190 x 14 x 176 mm<br \/>\nvidus: 184 x 6 x 169 mm<\/p>\n<p><strong>Med\u017eiaga:<\/strong> floatinis stiklas<\/p>\n<p><strong>Spalva:<\/strong> skaidrus<\/p>\n<p><strong>Turinys:<\/strong><br \/>\n1x skruzd\u0117lyno \u012fd\u0117klas<br \/>\n1x dangtelis<br \/>\n1x tvirtinimo ta\u0161kai 2 vnt.<\/p>\n<p><strong>Apra\u0161ymas:<\/strong><br \/>\n\u0160\u012f lizdo \u012fd\u0117kl\u0105 galima \u012fd\u0117ti \u012f ANTCUBE skruzd\u0117lyn\u0105 ir u\u017epildyti kasimui tinkama med\u017eiaga (pvz., sm\u0117lio ir molio mi\u0161iniu arba \"Digfix\"). Ypatinga ypatyb\u0117 ta, kad j\u012f galima patogiai i\u0161imti i\u0161 arenos, pvz., per\u017eiemoti kartu su skruzd\u0117lynu. \u012e\u0117jimui ir i\u0161\u0117jimui bei ventiliacijai apatin\u0117je dalyje yra dvi 10 mm skyl\u0117s. \u017diemojimui jas galima u\u017edaryti 10 mm kam\u0161\u010diais. <strong>(jie ne\u012ftraukti)<\/strong>.<\/p>\n<p><strong>Pastaba:<\/strong> Stiklas pjaustomas pagal DIN 1249, leistina paklaida +\/- 1 mm. Ypa\u010d ma\u017eoms skruzd\u0117li\u0173 r\u016b\u0161ims b\u016btina papildoma apsauga nuo i\u0161lau\u017eimo.<\/p>\n<p>&nbsp;<\/p>","protected":false},"excerpt":{"rendered":"<p>Dydis: <strong><span style=\"color: #ff9900;\">S<\/span><\/strong><\/p>","protected":false},"featured_media":4998,"comment_status":"open","ping_status":"closed","template":"","meta":{"_acf_changed":false,"content-type":"","_monsterinsights_skip_tracking":false,"_monsterinsights_sitenote_active":false,"_monsterinsights_sitenote_note":"","_monsterinsights_sitenote_category":0},"product_brand":[],"product_cat":[91,94],"product_tag":[],"class_list":{"0":"post-4702","1":"product","2":"type-product","3":"status-publish","4":"has-post-thumbnail","6":"product_cat-formicarium-modules","7":"product_cat-arena-inset","9":"first","10":"outofstock","11":"taxable","12":"shipping-taxable","13":"purchasable","14":"product-type-simple"},"acf":[],"aioseo_notices":[],"jetpack_sharing_enabled":true,"_links":{"self":[{"href":"https:\/\/antcube.shop\/lt\/wp-json\/wp\/v2\/product\/4702","targetHints":{"allow":["GET"]}}],"collection":[{"href":"https:\/\/antcube.shop\/lt\/wp-json\/wp\/v2\/product"}],"about":[{"href":"https:\/\/antcube.shop\/lt\/wp-json\/wp\/v2\/types\/product"}],"replies":[{"embeddable":true,"href":"https:\/\/antcube.shop\/lt\/wp-json\/wp\/v2\/comments?post=4702"}],"wp:featuredmedia":[{"embeddable":true,"href":"https:\/\/antcube.shop\/lt\/wp-json\/wp\/v2\/media\/4998"}],"wp:attachment":[{"href":"https:\/\/antcube.shop\/lt\/wp-json\/wp\/v2\/media?parent=4702"}],"wp:term":[{"taxonomy":"product_brand","embeddable":true,"href":"https:\/\/antcube.shop\/lt\/wp-json\/wp\/v2\/product_brand?post=4702"},{"taxonomy":"product_cat","embeddable":true,"href":"https:\/\/antcube.shop\/lt\/wp-json\/wp\/v2\/product_cat?post=4702"},{"taxonomy":"product_tag","embeddable":true,"href":"https:\/\/antcube.shop\/lt\/wp-json\/wp\/v2\/product_tag?post=4702"}],"curies":[{"name":"wp","href":"https:\/\/api.w.org\/{rel}","templated":true}]}}