{"id":4698,"date":"2022-11-14T14:54:32","date_gmt":"2022-11-14T13:54:32","guid":{"rendered":"https:\/\/antcube.shop\/produkt\/antcube-digfix-platte-30x30-l\/"},"modified":"2026-03-16T10:37:32","modified_gmt":"2026-03-16T09:37:32","slug":"antcube-digfix-plokste-30x30-l","status":"publish","type":"product","link":"https:\/\/antcube.shop\/lt\/produktas\/antcube-digfix-plokste-30x30-l\/","title":{"rendered":"ANTCUBE - \"Digfix\" plok\u0161tel\u0117 30\u00d730 - L"},"content":{"rendered":"<p><strong>Matmenys:<\/strong> 283x260x20 mm<\/p>\n<p><strong>Med\u017eiaga:<\/strong> Digfix<\/p>\n<p><strong>Apra\u0161ymas:<\/strong> \"Digfix\" plok\u0161t\u0117 pagaminta i\u0161 kapams tinkamos med\u017eiagos ir puikiai tinka m\u016bs\u0173 skruzd\u0117lynams ANTCUBE. J\u0105 galima naudoti tiek saus\u0105, tiek dr\u0117gn\u0105. Ji taip pat tinka daugeliui skruzd\u0117li\u0173 r\u016b\u0161i\u0173, ypa\u010d toms, kurios krauna lizdus sm\u0117lyje ir (negyvoje) medienoje. J\u012f galima naudoti vietoj sm\u0117lio ir molio mi\u0161ini\u0173 arba lizd\u0173 \u012fd\u0117kl\u0173 i\u0161 kam\u0161tienos. Didelis privalumas, palyginti su kam\u0161tiniais lizdais, yra tas, kad Digfix neply\u0161ta net ir tada, kai yra dr\u0117gnas. Tai rei\u0161kia, kad skruzd\u0117li\u0173 r\u016b\u0161ims, kurioms reikia daug dr\u0117gm\u0117s, galima be problem\u0173 tiekti pakankamai vandens. Digfix privalumas taip pat yra tas, kad kasdamos skruzd\u017ei\u0173 r\u016b\u0161ys neu\u017eter\u0161ia lizdo stiklo stikl\u0173 \u017eem\u0117mis, tod\u0117l lizdas puikiai matosi.<\/p>\n<p><strong>Pastaba:<\/strong> Nat\u016bralios spalvos atspalvis gali b\u016bti nuo \u017ealsvai \/ pilkai rudos iki \u017eemi\u0161kai rudos. Atspalvis neturi \u012ftakos kokybei.<br \/>\nD\u0117l gamybos matmenys gali skirtis +\/- 1 mm<\/p>","protected":false},"excerpt":{"rendered":"<p>Dydis: <span style=\"color: #0000ff;\"><strong>L<\/strong><\/span><\/p>","protected":false},"featured_media":4966,"comment_status":"open","ping_status":"closed","template":"","meta":{"_acf_changed":false,"content-type":"","_monsterinsights_skip_tracking":false,"_monsterinsights_sitenote_active":false,"_monsterinsights_sitenote_note":"","_monsterinsights_sitenote_category":0},"product_brand":[],"product_cat":[87,88],"product_tag":[],"class_list":{"0":"post-4698","1":"product","2":"type-product","3":"status-publish","4":"has-post-thumbnail","6":"product_cat-nest-insets","7":"product_cat-digfix","9":"first","10":"instock","11":"taxable","12":"shipping-taxable","13":"purchasable","14":"product-type-simple"},"acf":[],"aioseo_notices":[],"jetpack_sharing_enabled":true,"_links":{"self":[{"href":"https:\/\/antcube.shop\/lt\/wp-json\/wp\/v2\/product\/4698","targetHints":{"allow":["GET"]}}],"collection":[{"href":"https:\/\/antcube.shop\/lt\/wp-json\/wp\/v2\/product"}],"about":[{"href":"https:\/\/antcube.shop\/lt\/wp-json\/wp\/v2\/types\/product"}],"replies":[{"embeddable":true,"href":"https:\/\/antcube.shop\/lt\/wp-json\/wp\/v2\/comments?post=4698"}],"wp:featuredmedia":[{"embeddable":true,"href":"https:\/\/antcube.shop\/lt\/wp-json\/wp\/v2\/media\/4966"}],"wp:attachment":[{"href":"https:\/\/antcube.shop\/lt\/wp-json\/wp\/v2\/media?parent=4698"}],"wp:term":[{"taxonomy":"product_brand","embeddable":true,"href":"https:\/\/antcube.shop\/lt\/wp-json\/wp\/v2\/product_brand?post=4698"},{"taxonomy":"product_cat","embeddable":true,"href":"https:\/\/antcube.shop\/lt\/wp-json\/wp\/v2\/product_cat?post=4698"},{"taxonomy":"product_tag","embeddable":true,"href":"https:\/\/antcube.shop\/lt\/wp-json\/wp\/v2\/product_tag?post=4698"}],"curies":[{"name":"wp","href":"https:\/\/api.w.org\/{rel}","templated":true}]}}