{"id":4694,"date":"2022-11-14T14:53:29","date_gmt":"2022-11-14T13:53:29","guid":{"rendered":"https:\/\/antcube.shop\/produkt\/antcube-einbauarena-30x30x20\/"},"modified":"2026-04-20T14:51:25","modified_gmt":"2026-04-20T12:51:25","slug":"antcube-fitted-arena-30x30x20","status":"publish","type":"product","link":"https:\/\/antcube.shop\/lt\/produktas\/antcube-fitted-arena-30x30x20\/","title":{"rendered":"ANTCUBE \u012frengta arena 30x30x20"},"content":{"rendered":"<p>ANTCUBE \u012frengta arena 30x30x20 cm su 2x 27 mm skyl\u0117mis.<\/p>\n<p><strong>Matmenys:<\/strong> 300 x 300 x 200 mm; 4 mm storio stiklas.<br \/>\n<strong>Med\u017eiaga:<\/strong> floatinis stiklas<\/p>\n<p><strong>Ry\u0161ys:<\/strong> 2x 27 mm skyl\u0117<\/p>\n<p><strong>Apra\u0161ymas:<\/strong> ANTCUBE \u012frengta arena, buvo sukurta taip, kad j\u0105 b\u016bt\u0173 galima patogiai patalpinti ir ma\u017eesn\u0117se lentynose. Pavyzd\u017eiui, ji puikiai telpa \u012f \"Kallax\" lentyn\u0105. Skyl\u0117s (centrinis ta\u0161kas) yra priekin\u0117je pus\u0117je (kair\u0117je ir de\u0161in\u0117je) 3 cm auk\u0161tyje ir 3 cm atstumu nuo i\u0161orinio kra\u0161to. D\u0117l 27 mm skyli\u0173 i\u0161d\u0117stymo priekyje (o ne \u0161oniniuose languose, kaip \u012fprasta) galite lengvai prid\u0117ti daugiau aren\u0173 ir skruzd\u0117lyn\u0173, neprarasdami vietos \u0161onuose ir neblokuodami prieigos prie ang\u0173. Arenos dangt\u012f, i\u0161lau\u017eimo apsaugos r\u0117mel\u012f, jungiamuosius elementus, pavyzd\u017eiui, vamzd\u017ei\u0173 ar \u017earn\u0173 jungtis, galima \u012fsigyti atskirai.<\/p>\n<p><strong>Pastaba:<\/strong> Stiklas pjaustomas pagal DIN 1249, leistina paklaida +\/- 1 mm. Ypa\u010d ma\u017eoms skruzd\u0117li\u0173 r\u016b\u0161ims b\u016btina papildoma apsauga nuo i\u0161lau\u017eimo.<\/p>","protected":false},"excerpt":{"rendered":"<p>Jungtis: 2x 27 mm skyl\u0117<\/p>","protected":false},"featured_media":5042,"comment_status":"open","ping_status":"closed","template":"","meta":{"_acf_changed":false,"content-type":"","_monsterinsights_skip_tracking":false,"_monsterinsights_sitenote_active":false,"_monsterinsights_sitenote_note":"","_monsterinsights_sitenote_category":0},"product_brand":[],"product_cat":[85,86],"product_tag":[],"class_list":{"0":"post-4694","1":"product","2":"type-product","3":"status-publish","4":"has-post-thumbnail","6":"product_cat-ant-arenas","7":"product_cat-formicariums","9":"first","10":"instock","11":"taxable","12":"shipping-taxable","13":"purchasable","14":"product-type-simple"},"acf":[],"aioseo_notices":[],"jetpack_sharing_enabled":true,"_links":{"self":[{"href":"https:\/\/antcube.shop\/lt\/wp-json\/wp\/v2\/product\/4694","targetHints":{"allow":["GET"]}}],"collection":[{"href":"https:\/\/antcube.shop\/lt\/wp-json\/wp\/v2\/product"}],"about":[{"href":"https:\/\/antcube.shop\/lt\/wp-json\/wp\/v2\/types\/product"}],"replies":[{"embeddable":true,"href":"https:\/\/antcube.shop\/lt\/wp-json\/wp\/v2\/comments?post=4694"}],"wp:featuredmedia":[{"embeddable":true,"href":"https:\/\/antcube.shop\/lt\/wp-json\/wp\/v2\/media\/5042"}],"wp:attachment":[{"href":"https:\/\/antcube.shop\/lt\/wp-json\/wp\/v2\/media?parent=4694"}],"wp:term":[{"taxonomy":"product_brand","embeddable":true,"href":"https:\/\/antcube.shop\/lt\/wp-json\/wp\/v2\/product_brand?post=4694"},{"taxonomy":"product_cat","embeddable":true,"href":"https:\/\/antcube.shop\/lt\/wp-json\/wp\/v2\/product_cat?post=4694"},{"taxonomy":"product_tag","embeddable":true,"href":"https:\/\/antcube.shop\/lt\/wp-json\/wp\/v2\/product_tag?post=4694"}],"curies":[{"name":"wp","href":"https:\/\/api.w.org\/{rel}","templated":true}]}}