{"id":4687,"date":"2022-11-14T14:51:39","date_gmt":"2022-11-14T13:51:39","guid":{"rendered":"https:\/\/antcube.shop\/produkt\/durchgangsregler-50mm\/"},"modified":"2026-01-12T12:36:29","modified_gmt":"2026-01-12T11:36:29","slug":"praejimo-reguliatorius-50mm","status":"publish","type":"product","link":"https:\/\/antcube.shop\/lt\/produktas\/praejimo-reguliatorius-50mm\/","title":{"rendered":"Pra\u0117jimo reguliatorius - 50 mm"},"content":{"rendered":"<p><strong>Matmenys (Dx\u0160xV):<\/strong> 95x 76 x 20 mm<\/p>\n<p><strong>Med\u017eiaga:<\/strong> Akrilas<\/p>\n<p><strong>Spalva:<\/strong> Bespalvis \/ skaidrus \/ skaidrus<\/p>\n<p><strong>Turinys:<\/strong> 1 vnt (susideda i\u0161 10 atskir\u0173 dali\u0173)<\/p>\n<p><strong>Apra\u0161ymas:<\/strong><br \/>\nPra\u0117jimo reguliatorius prijungiamas prie vamzd\u017eio.<br \/>\nPra\u0117jim\u0105 galima atidaryti arba u\u017edaryti ranka.<\/p>\n<p><strong>Taikymas:<\/strong><br \/>\n50 mm skersmens akrilo vamzd\u017eiams prijungti<\/p>\n<p><strong>Patarimas:<\/strong><br \/>\nPra\u0117jimo reguliatorius turi b\u016bti tvirtai u\u017esuktas ant atitinkamo vamzdelio. Jei jis yra per laisvas, vamzdel\u012f galima prapl\u0117sti skaidria juosta, kad jis gerai priglust\u0173.<\/p>","protected":false},"excerpt":{"rendered":"<p>Matmenys (Dx\u0160xVxH): 95x 76 x 20 mm Med\u017eiaga: Akrilo med\u017eiaga Spalva: bespalvis \/ skaidrus \/ skaidrus Turinys: 1 vnt. (susideda i\u0161 10 atskir\u0173 dali\u0173) Apra\u0161ymas: Pra\u0117jimo reguliatorius u\u017esukamas ant vamzd\u017eio. Pra\u0117jim\u0105 galima atidaryti arba u\u017edaryti ranka. Taikymas: Patarimas: pra\u0117jimo reguliatorius turi b\u016bti tvirtai pritvirtintas prie akrilo vamzd\u017ei\u0173, kuri\u0173 skersmuo 50 mm.","protected":false},"featured_media":5074,"comment_status":"open","ping_status":"closed","template":"","meta":{"_acf_changed":false,"content-type":"","_monsterinsights_skip_tracking":false,"_monsterinsights_sitenote_active":false,"_monsterinsights_sitenote_note":"","_monsterinsights_sitenote_category":0},"product_brand":[],"product_cat":[345],"product_tag":[],"class_list":{"0":"post-4687","1":"product","2":"type-product","3":"status-publish","4":"has-post-thumbnail","6":"product_cat-pipe-connectors","8":"first","9":"instock","10":"taxable","11":"shipping-taxable","12":"purchasable","13":"product-type-simple"},"acf":[],"aioseo_notices":[],"jetpack_sharing_enabled":true,"_links":{"self":[{"href":"https:\/\/antcube.shop\/lt\/wp-json\/wp\/v2\/product\/4687","targetHints":{"allow":["GET"]}}],"collection":[{"href":"https:\/\/antcube.shop\/lt\/wp-json\/wp\/v2\/product"}],"about":[{"href":"https:\/\/antcube.shop\/lt\/wp-json\/wp\/v2\/types\/product"}],"replies":[{"embeddable":true,"href":"https:\/\/antcube.shop\/lt\/wp-json\/wp\/v2\/comments?post=4687"}],"wp:featuredmedia":[{"embeddable":true,"href":"https:\/\/antcube.shop\/lt\/wp-json\/wp\/v2\/media\/5074"}],"wp:attachment":[{"href":"https:\/\/antcube.shop\/lt\/wp-json\/wp\/v2\/media?parent=4687"}],"wp:term":[{"taxonomy":"product_brand","embeddable":true,"href":"https:\/\/antcube.shop\/lt\/wp-json\/wp\/v2\/product_brand?post=4687"},{"taxonomy":"product_cat","embeddable":true,"href":"https:\/\/antcube.shop\/lt\/wp-json\/wp\/v2\/product_cat?post=4687"},{"taxonomy":"product_tag","embeddable":true,"href":"https:\/\/antcube.shop\/lt\/wp-json\/wp\/v2\/product_tag?post=4687"}],"curies":[{"name":"wp","href":"https:\/\/api.w.org\/{rel}","templated":true}]}}