{"id":4681,"date":"2022-11-14T14:42:13","date_gmt":"2022-11-14T13:42:13","guid":{"rendered":"https:\/\/antcube.shop\/produkt\/antcube-rote-folie-40x20-selbstklebend\/"},"modified":"2025-10-19T04:49:11","modified_gmt":"2025-10-19T02:49:11","slug":"antcube-red-foil-40x20-self-adhesive","status":"publish","type":"product","link":"https:\/\/antcube.shop\/lt\/produktas\/antcube-red-foil-40x20-self-adhesive\/","title":{"rendered":"ANTCUBE - Raudona pl\u0117vel\u0117 40\u00d720 - lipni"},"content":{"rendered":"<p><strong>Matmenys:<\/strong> 39x19 cm<\/p>\n<p><strong>Med\u017eiaga:<\/strong> PVC<\/p>\n<p><strong>Apra\u0161ymas:<\/strong> Savaranki\u0161kai klijuojama raudona permatoma pl\u0117vel\u0117 skruzd\u0117l\u0117ms suteikia po\u017eemio poj\u016bt\u012f. Tod\u0117l rekomenduojame \u0161\u012f gamin\u012f bent i\u0161 dalies naudoti lizdo zonoje. Nepaisant to, skruzd\u0117les galima gerai steb\u0117ti ir lizde. Tiksliai supjaustyta taip, kad tikt\u0173 ANTCUBE \"Skruzd\u0117lynas 30x30cm S\/M\/L - stovintis\".<\/p>","protected":false},"excerpt":{"rendered":"<p>Matmenys: Med\u017eiaga: 39x19 cm: Med\u017eiaga: PVC Apra\u0161ymas: Raudona permatoma pl\u0117vel\u0117 naudojama skruzd\u0117l\u0117ms suteikti po\u017eemio poj\u016bt\u012f. Tod\u0117l rekomenduojame \u0161\u012f gamin\u012f bent i\u0161 dalies naudoti lizdo zonoje. Nepaisant to, skruzd\u0117les galima gerai steb\u0117ti lizde. Tiksliai i\u0161kirpta ANTCUBE \"Skruzd\u0117lynas 40x20cm S\/M\/L - stovintis\". \u0160i filtravimo pl\u0117vel\u0117<\/p>","protected":false},"featured_media":5108,"comment_status":"open","ping_status":"closed","template":"","meta":{"_acf_changed":false,"content-type":"","_monsterinsights_skip_tracking":false,"_monsterinsights_sitenote_active":false,"_monsterinsights_sitenote_note":"","_monsterinsights_sitenote_category":0},"product_brand":[],"product_cat":[239],"product_tag":[],"class_list":{"0":"post-4681","1":"product","2":"type-product","3":"status-publish","4":"has-post-thumbnail","6":"product_cat-useful-additions","8":"first","9":"outofstock","10":"taxable","11":"shipping-taxable","12":"purchasable","13":"product-type-simple"},"acf":[],"aioseo_notices":[],"jetpack_sharing_enabled":true,"_links":{"self":[{"href":"https:\/\/antcube.shop\/lt\/wp-json\/wp\/v2\/product\/4681","targetHints":{"allow":["GET"]}}],"collection":[{"href":"https:\/\/antcube.shop\/lt\/wp-json\/wp\/v2\/product"}],"about":[{"href":"https:\/\/antcube.shop\/lt\/wp-json\/wp\/v2\/types\/product"}],"replies":[{"embeddable":true,"href":"https:\/\/antcube.shop\/lt\/wp-json\/wp\/v2\/comments?post=4681"}],"wp:featuredmedia":[{"embeddable":true,"href":"https:\/\/antcube.shop\/lt\/wp-json\/wp\/v2\/media\/5108"}],"wp:attachment":[{"href":"https:\/\/antcube.shop\/lt\/wp-json\/wp\/v2\/media?parent=4681"}],"wp:term":[{"taxonomy":"product_brand","embeddable":true,"href":"https:\/\/antcube.shop\/lt\/wp-json\/wp\/v2\/product_brand?post=4681"},{"taxonomy":"product_cat","embeddable":true,"href":"https:\/\/antcube.shop\/lt\/wp-json\/wp\/v2\/product_cat?post=4681"},{"taxonomy":"product_tag","embeddable":true,"href":"https:\/\/antcube.shop\/lt\/wp-json\/wp\/v2\/product_tag?post=4681"}],"curies":[{"name":"wp","href":"https:\/\/api.w.org\/{rel}","templated":true}]}}