{"id":4679,"date":"2022-11-14T14:41:41","date_gmt":"2022-11-14T13:41:41","guid":{"rendered":"https:\/\/antcube.shop\/produkt\/lehmfarbe-beige-100ml\/"},"modified":"2026-04-13T10:48:42","modified_gmt":"2026-04-13T08:48:42","slug":"lengvasis-smelio-spalvos-smelio-spalvos-100ml","status":"publish","type":"product","link":"https:\/\/antcube.shop\/lt\/produktas\/lengvasis-smelio-spalvos-smelio-spalvos-100ml\/","title":{"rendered":"Molio da\u017eai - sm\u0117lio spalvos - 100ml"},"content":{"rendered":"<p><strong>Kiekis:<\/strong> 100 ml<\/p>\n<p><strong>Apra\u0161ymas:<\/strong> \u0160is mi\u0161inys netoksi\u0161kas ir gana atsparus vandeniui ant tinko ir betono, ta\u010diau kitais atvejais tirpsta vandenyje.<\/p>\n<p><strong>Naudojimo instrukcijos:\u00a0<\/strong><br \/>\n\u0160is mi\u0161inys yra paruo\u0161tas naudoti ir gali b\u016bti i\u0161 karto teptuku tepamas ant tinko ar akytojo betono.<br \/>\n100 ml u\u017etenka ma\u017edaug 1\/4 m\u00b2 akytojo betono arba 1\/2 m\u00b2 tinko.<br \/>\nKai pavir\u0161ius yra dr\u0117gnas, j\u012f galima pabarstyti, pavyzd\u017eiui, sm\u0117liu, kad atrodyt\u0173 dar nat\u016braliau.<\/p>\n<p>&nbsp;<\/p>\n<p>&nbsp;<\/p>","protected":false},"excerpt":{"rendered":"<p>Kiekis: 100ml Apra\u0161ymas: \u0160is mi\u0161inys yra netoksi\u0161kas ir santykinai atsparus vandeniui ant tinko ir betono, ta\u010diau kitais atvejais tirpsta vandenyje. Naudojimo instrukcijos: \u0160is mi\u0161inys yra paruo\u0161tas naudoti ir gali b\u016bti i\u0161 karto tepamas teptuku ant tinko ar akytojo betono. 100 ml u\u017etenka ma\u017edaug 1\/4 m\u00b2 akytojo betono arba 1\/2 m\u00b2 tinko. Kai","protected":false},"featured_media":5004,"comment_status":"open","ping_status":"closed","template":"","meta":{"_acf_changed":false,"content-type":"","_monsterinsights_skip_tracking":false,"_monsterinsights_sitenote_active":false,"_monsterinsights_sitenote_note":"","_monsterinsights_sitenote_category":0},"product_brand":[],"product_cat":[237],"product_tag":[],"class_list":{"0":"post-4679","1":"product","2":"type-product","3":"status-publish","4":"has-post-thumbnail","6":"product_cat-tools","8":"first","9":"instock","10":"taxable","11":"shipping-taxable","12":"purchasable","13":"product-type-simple"},"acf":[],"aioseo_notices":[],"jetpack_sharing_enabled":true,"_links":{"self":[{"href":"https:\/\/antcube.shop\/lt\/wp-json\/wp\/v2\/product\/4679","targetHints":{"allow":["GET"]}}],"collection":[{"href":"https:\/\/antcube.shop\/lt\/wp-json\/wp\/v2\/product"}],"about":[{"href":"https:\/\/antcube.shop\/lt\/wp-json\/wp\/v2\/types\/product"}],"replies":[{"embeddable":true,"href":"https:\/\/antcube.shop\/lt\/wp-json\/wp\/v2\/comments?post=4679"}],"wp:featuredmedia":[{"embeddable":true,"href":"https:\/\/antcube.shop\/lt\/wp-json\/wp\/v2\/media\/5004"}],"wp:attachment":[{"href":"https:\/\/antcube.shop\/lt\/wp-json\/wp\/v2\/media?parent=4679"}],"wp:term":[{"taxonomy":"product_brand","embeddable":true,"href":"https:\/\/antcube.shop\/lt\/wp-json\/wp\/v2\/product_brand?post=4679"},{"taxonomy":"product_cat","embeddable":true,"href":"https:\/\/antcube.shop\/lt\/wp-json\/wp\/v2\/product_cat?post=4679"},{"taxonomy":"product_tag","embeddable":true,"href":"https:\/\/antcube.shop\/lt\/wp-json\/wp\/v2\/product_tag?post=4679"}],"curies":[{"name":"wp","href":"https:\/\/api.w.org\/{rel}","templated":true}]}}