{"id":4678,"date":"2022-11-14T14:41:24","date_gmt":"2022-11-14T13:41:24","guid":{"rendered":"https:\/\/antcube.shop\/produkt\/klebefilm-glasklar\/"},"modified":"2026-04-13T09:29:49","modified_gmt":"2026-04-13T07:29:49","slug":"lipni-plevele-crystal-clear","status":"publish","type":"product","link":"https:\/\/antcube.shop\/lt\/produktas\/lipni-plevele-crystal-clear\/","title":{"rendered":"Lipni pl\u0117vel\u0117 kri\u0161tolo skaidrumo"},"content":{"rendered":"<p><strong>Matmenys (Dx\u0160xV):<\/strong> 10 m x19 mm<\/p>\n<p><strong>Med\u017eiaga:<\/strong> polipropilenas<\/p>\n<p><strong>Spalva:<\/strong> kri\u0161tolo skaidrumo \/ skaidrus<\/p>\n<p><strong>Turinys:<\/strong><br \/>\n1x rulonin\u0117 lipni pl\u0117vel\u0117<\/p>\n<p><strong>Apra\u0161ymas:<\/strong><br \/>\nIdealiai tinka raudonai apsauginei pl\u0117velei arba foto sienelei prie formikariumo pritvirtinti.<br \/>\nLabai atsparus sen\u0117jimui, labai atsparus ply\u0161imui ir pasi\u017eymi stipria lipnumo j\u0117ga.<br \/>\nTaip pat tinka stiklo paketams klijuoti.<\/p>\n<p><strong>Taikymas:<\/strong><br \/>\nLipni\u0105 juost\u0105 galima nupjauti \u017eirkl\u0117mis arba peiliu.<br \/>\nPritvirtinkite apsaugin\u0119 pl\u0117vel\u0119 arba nuotrauk\u0105 atgal prie formikariumo stiklo, tada pritvirtinkite j\u0105 lipnia juosta.<\/p>","protected":false},"excerpt":{"rendered":"<p>Matmenys (Dx\u0160xV): 10 m x19 mm Med\u017eiaga: polipropilenas Spalva: kri\u0161tolo skaidrumo \/ skaidri Turinys: Sud\u0117tis: 1x rulonin\u0117 lipni pl\u0117vel\u0117 Apra\u0161ymas: Idealiai tinka raudonai apsauginei pl\u0117velei arba foto sienelei prie formikariumo pritvirtinti. Pasi\u017eymi dideliu atsparumu sen\u0117jimui, yra labai atspari ply\u0161imui ir pasi\u017eymi stipria klijavimo j\u0117ga. Taip pat tinka stiklo paketams klijuoti. Naudojimas: - I\u0161spausdinkite ir i\u0161sklaidykite stiklo paketus, kad b\u016bt\u0173 galima juos naudoti:","protected":false},"featured_media":5007,"comment_status":"open","ping_status":"closed","template":"","meta":{"_acf_changed":false,"content-type":"","_monsterinsights_skip_tracking":false,"_monsterinsights_sitenote_active":false,"_monsterinsights_sitenote_note":"","_monsterinsights_sitenote_category":0},"product_brand":[],"product_cat":[237],"product_tag":[],"class_list":{"0":"post-4678","1":"product","2":"type-product","3":"status-publish","4":"has-post-thumbnail","6":"product_cat-tools","8":"first","9":"instock","10":"taxable","11":"shipping-taxable","12":"purchasable","13":"product-type-simple"},"acf":[],"aioseo_notices":[],"jetpack_sharing_enabled":true,"_links":{"self":[{"href":"https:\/\/antcube.shop\/lt\/wp-json\/wp\/v2\/product\/4678","targetHints":{"allow":["GET"]}}],"collection":[{"href":"https:\/\/antcube.shop\/lt\/wp-json\/wp\/v2\/product"}],"about":[{"href":"https:\/\/antcube.shop\/lt\/wp-json\/wp\/v2\/types\/product"}],"replies":[{"embeddable":true,"href":"https:\/\/antcube.shop\/lt\/wp-json\/wp\/v2\/comments?post=4678"}],"wp:featuredmedia":[{"embeddable":true,"href":"https:\/\/antcube.shop\/lt\/wp-json\/wp\/v2\/media\/5007"}],"wp:attachment":[{"href":"https:\/\/antcube.shop\/lt\/wp-json\/wp\/v2\/media?parent=4678"}],"wp:term":[{"taxonomy":"product_brand","embeddable":true,"href":"https:\/\/antcube.shop\/lt\/wp-json\/wp\/v2\/product_brand?post=4678"},{"taxonomy":"product_cat","embeddable":true,"href":"https:\/\/antcube.shop\/lt\/wp-json\/wp\/v2\/product_cat?post=4678"},{"taxonomy":"product_tag","embeddable":true,"href":"https:\/\/antcube.shop\/lt\/wp-json\/wp\/v2\/product_tag?post=4678"}],"curies":[{"name":"wp","href":"https:\/\/api.w.org\/{rel}","templated":true}]}}