{"id":4674,"date":"2022-11-14T14:40:20","date_gmt":"2022-11-14T13:40:20","guid":{"rendered":"https:\/\/antcube.shop\/produkt\/zapfen-mittel-10-stuck\/"},"modified":"2026-04-13T09:31:47","modified_gmt":"2026-04-13T07:31:47","slug":"kugiai-vidutinio-dydzio-10-vnt","status":"publish","type":"product","link":"https:\/\/antcube.shop\/lt\/produktas\/kugiai-vidutinio-dydzio-10-vnt\/","title":{"rendered":"k\u016bgiai - vidutinio dyd\u017eio - 10 vnt."},"content":{"rendered":"<p><strong>Dydis:<\/strong> apie 2-3 cm<br \/>\n<strong>Turinys:<\/strong> 10 vienet\u0173<\/p>\n<p><strong>Informacija:<\/strong><br \/>\nPana\u0161us \u012f pavaizduot\u0105 paveiksl\u0117lyje, nes tai nat\u016bralus produktas<\/p>\n<p><strong>Naudojimas:<\/strong><br \/>\nSkruzd\u0117l\u0117ms \u0161ios ertm\u0117s yra ideali vieta pasisl\u0117pti ir susisukti lizd\u0105.<\/p>","protected":false},"excerpt":{"rendered":"<p><strong>Dydis: <\/strong>ma\u017edaug. 2-3 cm<\/p>","protected":false},"featured_media":5145,"comment_status":"open","ping_status":"closed","template":"","meta":{"_acf_changed":false,"content-type":"","_monsterinsights_skip_tracking":false,"_monsterinsights_sitenote_active":false,"_monsterinsights_sitenote_note":"","_monsterinsights_sitenote_category":0},"product_brand":[],"product_cat":[98,101,102],"product_tag":[],"class_list":{"0":"post-4674","1":"product","2":"type-product","3":"status-publish","4":"has-post-thumbnail","6":"product_cat-decoration","7":"product_cat-forest","8":"product_cat-meadow","10":"first","11":"instock","12":"taxable","13":"shipping-taxable","14":"purchasable","15":"product-type-simple"},"acf":[],"aioseo_notices":[],"jetpack_sharing_enabled":true,"_links":{"self":[{"href":"https:\/\/antcube.shop\/lt\/wp-json\/wp\/v2\/product\/4674","targetHints":{"allow":["GET"]}}],"collection":[{"href":"https:\/\/antcube.shop\/lt\/wp-json\/wp\/v2\/product"}],"about":[{"href":"https:\/\/antcube.shop\/lt\/wp-json\/wp\/v2\/types\/product"}],"replies":[{"embeddable":true,"href":"https:\/\/antcube.shop\/lt\/wp-json\/wp\/v2\/comments?post=4674"}],"wp:featuredmedia":[{"embeddable":true,"href":"https:\/\/antcube.shop\/lt\/wp-json\/wp\/v2\/media\/5145"}],"wp:attachment":[{"href":"https:\/\/antcube.shop\/lt\/wp-json\/wp\/v2\/media?parent=4674"}],"wp:term":[{"taxonomy":"product_brand","embeddable":true,"href":"https:\/\/antcube.shop\/lt\/wp-json\/wp\/v2\/product_brand?post=4674"},{"taxonomy":"product_cat","embeddable":true,"href":"https:\/\/antcube.shop\/lt\/wp-json\/wp\/v2\/product_cat?post=4674"},{"taxonomy":"product_tag","embeddable":true,"href":"https:\/\/antcube.shop\/lt\/wp-json\/wp\/v2\/product_tag?post=4674"}],"curies":[{"name":"wp","href":"https:\/\/api.w.org\/{rel}","templated":true}]}}