{"id":4660,"date":"2022-11-14T14:36:25","date_gmt":"2022-11-14T13:36:25","guid":{"rendered":"https:\/\/antcube.shop\/produkt\/wassergel-500ml-gebrauchsfertig\/"},"modified":"2026-04-10T22:19:23","modified_gmt":"2026-04-10T20:19:23","slug":"vanduo-zele-500ml","status":"publish","type":"product","link":"https:\/\/antcube.shop\/lt\/produktas\/vanduo-zele-500ml\/","title":{"rendered":"Vandens gelis 500ml - paruo\u0161tas naudoti"},"content":{"rendered":"<p><strong>Turinys:<\/strong> 500 ml<\/p>\n<p><strong>Apra\u0161ymas:<\/strong> Turinys: 500 ml\r\n\r\nApib\u016bdinimas: Vandens gelis - tai vanduo gelio pavidalu, tod\u0117l j\u012f labai lengva ir patogu naudoti. Jums nereikia duben\u0117lio su vandeniu, kur\u012f gyv\u016bnai gali sutepti ir paskandinti, ta\u010diau su \u0161iuo geliu vis tiek galite suteikti jiems pakankamai dr\u0117gm\u0117s. Vandens gelis taip pat gali b\u016bti naudojamas gyv\u016bnams \u0161erti, tod\u0117l jie ilgiau i\u0161liks gyvi.<\/p>","protected":false},"excerpt":{"rendered":"<p>Turinys: Sud\u0117tis: 500 ml Apra\u0161ymas: Vandens gelis - tai vanduo gelio pavidalu, tod\u0117l j\u012f labai lengva ir patogu naudoti. Jums nereikia duben\u0117lio su vandeniu, kur\u012f gyv\u016bnai gali sutepti ir paskandinti, ta\u010diau su \u0161iuo geliu vis tiek galite suteikti jiems pakankamai dr\u0117gm\u0117s. Vandens gelis taip pat gali b\u016bti naudojamas gyv\u016bnams \u0161erti,","protected":false},"featured_media":5038,"comment_status":"open","ping_status":"closed","template":"","meta":{"_acf_changed":false,"content-type":"","_monsterinsights_skip_tracking":false,"_monsterinsights_sitenote_active":false,"_monsterinsights_sitenote_note":"","_monsterinsights_sitenote_category":0},"product_brand":[],"product_cat":[115,116],"product_tag":[],"class_list":{"0":"post-4660","1":"product","2":"type-product","3":"status-publish","4":"has-post-thumbnail","6":"product_cat-food-and-feeding","7":"product_cat-food","9":"first","10":"instock","11":"taxable","12":"shipping-taxable","13":"purchasable","14":"product-type-simple"},"acf":[],"aioseo_notices":[],"jetpack_sharing_enabled":true,"_links":{"self":[{"href":"https:\/\/antcube.shop\/lt\/wp-json\/wp\/v2\/product\/4660","targetHints":{"allow":["GET"]}}],"collection":[{"href":"https:\/\/antcube.shop\/lt\/wp-json\/wp\/v2\/product"}],"about":[{"href":"https:\/\/antcube.shop\/lt\/wp-json\/wp\/v2\/types\/product"}],"replies":[{"embeddable":true,"href":"https:\/\/antcube.shop\/lt\/wp-json\/wp\/v2\/comments?post=4660"}],"wp:featuredmedia":[{"embeddable":true,"href":"https:\/\/antcube.shop\/lt\/wp-json\/wp\/v2\/media\/5038"}],"wp:attachment":[{"href":"https:\/\/antcube.shop\/lt\/wp-json\/wp\/v2\/media?parent=4660"}],"wp:term":[{"taxonomy":"product_brand","embeddable":true,"href":"https:\/\/antcube.shop\/lt\/wp-json\/wp\/v2\/product_brand?post=4660"},{"taxonomy":"product_cat","embeddable":true,"href":"https:\/\/antcube.shop\/lt\/wp-json\/wp\/v2\/product_cat?post=4660"},{"taxonomy":"product_tag","embeddable":true,"href":"https:\/\/antcube.shop\/lt\/wp-json\/wp\/v2\/product_tag?post=4660"}],"curies":[{"name":"wp","href":"https:\/\/api.w.org\/{rel}","templated":true}]}}