{"id":4657,"date":"2022-11-14T14:35:36","date_gmt":"2022-11-14T13:35:36","guid":{"rendered":"https:\/\/antcube.shop\/produkt\/wustenhonig-wu-nachfullpack-10ml\/"},"modified":"2026-04-05T19:45:34","modified_gmt":"2026-04-05T17:45:34","slug":"desert-honey-refill-pack-10ml-2","status":"publish","type":"product","link":"https:\/\/antcube.shop\/lt\/produktas\/desert-honey-refill-pack-10ml-2\/","title":{"rendered":"Dykumos medus (W\u00fc) - papildoma pakuot\u0117 10ml"},"content":{"rendered":"<p><strong>Kiekis:<\/strong> 10 ml<\/p>\n<p><strong>Apra\u0161ymas:<\/strong> Tai grynas nat\u016bralus produktas. Medus gaunamas i\u0161 dykum\u0173, tod\u0117l puikiai tinka dykumose gyvenan\u010dioms skruzd\u017ei\u0173 r\u016b\u0161ims.<\/p>\n<p><strong>Taikymas:<\/strong> \u012e formikarium\u0105 galima d\u0117ti vis\u0105 maisto vamzdel\u012f, o \u012f duben\u0117l\u012f su maistu galima d\u0117ti ma\u017eesnius kiekius, atsi\u017evelgiant \u012f kolonijos dyd\u012f. Maisto kiekis turi b\u016bti suvartotas ma\u017edaug per 3 dienas, kitaip kyla pel\u0117sio pavojus, tod\u0117l prie\u0161 pildami maist\u0105 i\u0161valykite duben\u0117l\u012f.<\/p>\n<p><strong>Naudojimas:<\/strong><br \/>\nDykum\u0173 medus = medumi mintan\u010di\u0173 skruzd\u0117li\u0173 (Meliphagidae) r\u016b\u0161ims.<br \/>\nTai papildomas pa\u0161aras (vienkartinis pa\u0161aras)<br \/>\nGyv\u016bnams gali b\u016bti si\u016blomas pristatytas. Kadangi d\u0117l dr\u0117gm\u0117s suma\u017e\u0117ja cukraus koncentracija ir prasideda fermentacijos procesas, pa\u0161ar\u0105 reikia keisti kas 3 dienas. Prie\u0161 pakartotinai naudodami kruop\u0161\u010diai i\u0161valykite \u0161\u0117rimo duben\u0117l\u012f ir (arba) m\u0117gintuv\u0117l\u012f.<br \/>\nAtidaryt\u0105 pakuot\u0119 reikia naudoti sandariai u\u017edaryt\u0105 iki nurodytos datos (geriausias iki).<\/p>\n<p><strong>Sud\u0117tyje yra:<\/strong> Medaus sudedamosios dalys paprastai skiriasi priklausomai nuo medaus r\u016b\u0161ies.<br \/>\n- apie 38 % vaisi\u0173 cukraus (fruktoz\u0117s)<br \/>\n- apie 32 % dekstroz\u0117s (gliukoz\u0117s)<br \/>\n- apie 20 % vandens<br \/>\n- apie 5 % daugybini\u0173 cukr\u0173<br \/>\n- apie 5 % vitamin\u0173 (B1, B2, B6, C, H)<br \/>\nMineralin\u0117s med\u017eiagos (kalis, kalcis, varis, gele\u017eis, natris, magnis, fosforas, cinkas ir kiti mikroelementai) Aminor\u016bg\u0161tys (prolinas, leucinas, fenilalaninas, alaninas, histidinas, izoleucinas, glutamo r\u016bg\u0161tis, argininas, asparagino r\u016bg\u0161tis ir kt.) Organin\u0117s r\u016bg\u0161tys Fermentai (fermentai) Aromatai Inhibitoriai (antibakterin\u0117s med\u017eiagos) G\u0117l\u0117s \u017diedadulk\u0117s<\/p>\n<p><strong>Saugojimas:<\/strong> kad pa\u0161aras b\u016bt\u0173 kokybi\u0161kas, jis turi b\u016bti laikomas tamsioje ir sausoje vietoje.<\/p>\n<p><strong>Prane\u0161imas:<\/strong><br \/>\nInformacijos apie tai, kaip naudoti maitinimo vamzdelius, rasite \u010dia: Nuoroda<br \/>\nPapildomas medumi mintan\u010di\u0173 skruzd\u0117li\u0173 pa\u0161aras.<br \/>\nSud\u0117t\u012f, analitines sudedam\u0105sias dalis, tinkamumo vartoti termin\u0105 ir partijos numer\u012f rasite pakuot\u0117s lapelyje.<\/p>\n<p>Informacijos kar\u0161toji linija +49 30 439703870<\/p>\n<p>Atsakinga veterinarijos ir maisto prie\u017ei\u016bros institucija:<br \/>\nSteglitzo veterinarijos biuras<br \/>\nK\u00f6nigin-Luise-Str. 92<br \/>\n14195 Berlynas<\/p>","protected":false},"excerpt":{"rendered":"<p>Papildomas maistas<\/p>","protected":false},"featured_media":5052,"comment_status":"open","ping_status":"closed","template":"","meta":{"_acf_changed":false,"content-type":"","_monsterinsights_skip_tracking":false,"_monsterinsights_sitenote_active":false,"_monsterinsights_sitenote_note":"","_monsterinsights_sitenote_category":0},"product_brand":[],"product_cat":[115,116],"product_tag":[],"class_list":{"0":"post-4657","1":"product","2":"type-product","3":"status-publish","4":"has-post-thumbnail","6":"product_cat-food-and-feeding","7":"product_cat-food","9":"first","10":"instock","11":"taxable","12":"shipping-taxable","13":"purchasable","14":"product-type-simple"},"acf":[],"aioseo_notices":[],"jetpack_sharing_enabled":true,"_links":{"self":[{"href":"https:\/\/antcube.shop\/lt\/wp-json\/wp\/v2\/product\/4657","targetHints":{"allow":["GET"]}}],"collection":[{"href":"https:\/\/antcube.shop\/lt\/wp-json\/wp\/v2\/product"}],"about":[{"href":"https:\/\/antcube.shop\/lt\/wp-json\/wp\/v2\/types\/product"}],"replies":[{"embeddable":true,"href":"https:\/\/antcube.shop\/lt\/wp-json\/wp\/v2\/comments?post=4657"}],"wp:featuredmedia":[{"embeddable":true,"href":"https:\/\/antcube.shop\/lt\/wp-json\/wp\/v2\/media\/5052"}],"wp:attachment":[{"href":"https:\/\/antcube.shop\/lt\/wp-json\/wp\/v2\/media?parent=4657"}],"wp:term":[{"taxonomy":"product_brand","embeddable":true,"href":"https:\/\/antcube.shop\/lt\/wp-json\/wp\/v2\/product_brand?post=4657"},{"taxonomy":"product_cat","embeddable":true,"href":"https:\/\/antcube.shop\/lt\/wp-json\/wp\/v2\/product_cat?post=4657"},{"taxonomy":"product_tag","embeddable":true,"href":"https:\/\/antcube.shop\/lt\/wp-json\/wp\/v2\/product_tag?post=4657"}],"curies":[{"name":"wp","href":"https:\/\/api.w.org\/{rel}","templated":true}]}}