{"id":4655,"date":"2022-11-14T14:35:04","date_gmt":"2022-11-14T13:35:04","guid":{"rendered":"https:\/\/antcube.shop\/produkt\/zucker-honiglosung-zh-nachfullpack-10ml\/"},"modified":"2026-05-01T22:46:14","modified_gmt":"2026-05-01T20:46:14","slug":"cukraus-ir-medaus-tirpalo-papildymo-pakuote-10ml","status":"publish","type":"product","link":"https:\/\/antcube.shop\/lt\/produktas\/cukraus-ir-medaus-tirpalo-papildymo-pakuote-10ml\/","title":{"rendered":"Cukraus medaus tirpalas (ZH) - papildoma pakuot\u0117 10ml"},"content":{"rendered":"<p><strong>Turinys:<\/strong> 10 ml<\/p>\n<p><strong>Apra\u0161ymas:<\/strong> Tai produktas, sudarytas i\u0161 \u012fvairi\u0173 angliavandeni\u0173 (pvz., medaus ir cukraus).<\/p>\n<p><strong>Taikymas:<\/strong> \u012e formikarium\u0105 galima d\u0117ti vis\u0105 maisto vamzdel\u012f, o \u012f duben\u0117l\u012f su maistu galima d\u0117ti ma\u017eesnius kiekius, atsi\u017evelgiant \u012f kolonijos dyd\u012f. Maisto kiekis turi b\u016bti suvartotas ma\u017edaug per 3 dienas, kitaip kyla pel\u0117sio pavojus, tod\u0117l prie\u0161 pildami maist\u0105 i\u0161valykite duben\u0117l\u012f.<\/p>\n<p><strong>Naudojimas:<\/strong><br \/>\nAngliavandeni\u0173 maistas = cukrumi ir medumi mintan\u010di\u0173 skruzd\u0117li\u0173 r\u016b\u0161ims<br \/>\nTai papildomas pa\u0161aras (kombinuotasis pa\u0161aras)<br \/>\nJ\u012f galima sumai\u0161yti su la\u0161eliu vandens, o sudr\u0117kintas jis i\u0161silaikys 3 dienas. Prie\u0161 pakartotinai naudodami kruop\u0161\u010diai i\u0161valykite \u0161\u0117rimo duben\u0117l\u012f ir (arba) m\u0117gintuv\u0117l\u012f.<br \/>\nAtidaryt\u0105 pakuot\u0119 reikia naudoti sandariai u\u017edaryt\u0105 (jei ji laikoma sausai) iki nurodytos (tinkamumo vartoti datos).<\/p>\n<p><strong>Sud\u0117tyje yra:<\/strong><br \/>\nFruktoz\u0117 nuo 27 iki 44%,<br \/>\nGliukoz\u0117 nuo 22 iki 41%,<br \/>\nSacharoz\u0117 iki 5%,<br \/>\nmaltoz\u0117s nuo 4 iki 14%,<br \/>\nkiti keli cukr\u016bs nuo 1 iki 14%.<br \/>\n<strong>Riebalai:<\/strong> 0g<br \/>\n<strong>Angliavandeniai:<\/strong> 92g<br \/>\n<strong>Baltymai:<\/strong> 0g<br \/>\n<strong>Druska:<\/strong> 0g<\/p>\n<p>Laikymas: siekiant u\u017etikrinti pa\u0161aro kokyb\u0119, jis turi b\u016bti laikomas tamsioje ir sausoje vietoje.<\/p>\n<p><strong>Prane\u0161imas:<\/strong><br \/>\nInformacijos apie tai, kaip naudoti maitinimo vamzdelius, rasite \u010dia: Nuoroda<br \/>\nSud\u0117t\u012f, analitines sudedam\u0105sias dalis, tinkamumo vartoti termin\u0105 ir partijos numer\u012f rasite pakuot\u0117s lapelyje.<\/p>\n<p>Informacijos kar\u0161toji linija +49 30 439703870<\/p>\n<p>Atsakinga veterinarijos ir maisto prie\u017ei\u016bros institucija:<br \/>\nSteglitzo veterinarijos biuras<br \/>\nK\u00f6nigin-Luise-Str. 92<br \/>\n14195 Berlynas<\/p>","protected":false},"excerpt":{"rendered":"<p>Papildomas maistas<\/p>","protected":false},"featured_media":5058,"comment_status":"open","ping_status":"closed","template":"","meta":{"_acf_changed":false,"content-type":"","_monsterinsights_skip_tracking":false,"_monsterinsights_sitenote_active":false,"_monsterinsights_sitenote_note":"","_monsterinsights_sitenote_category":0},"product_brand":[],"product_cat":[115,116],"product_tag":[],"class_list":{"0":"post-4655","1":"product","2":"type-product","3":"status-publish","4":"has-post-thumbnail","6":"product_cat-food-and-feeding","7":"product_cat-food","9":"first","10":"instock","11":"taxable","12":"shipping-taxable","13":"purchasable","14":"product-type-simple"},"acf":[],"aioseo_notices":[],"jetpack_sharing_enabled":true,"_links":{"self":[{"href":"https:\/\/antcube.shop\/lt\/wp-json\/wp\/v2\/product\/4655","targetHints":{"allow":["GET"]}}],"collection":[{"href":"https:\/\/antcube.shop\/lt\/wp-json\/wp\/v2\/product"}],"about":[{"href":"https:\/\/antcube.shop\/lt\/wp-json\/wp\/v2\/types\/product"}],"replies":[{"embeddable":true,"href":"https:\/\/antcube.shop\/lt\/wp-json\/wp\/v2\/comments?post=4655"}],"wp:featuredmedia":[{"embeddable":true,"href":"https:\/\/antcube.shop\/lt\/wp-json\/wp\/v2\/media\/5058"}],"wp:attachment":[{"href":"https:\/\/antcube.shop\/lt\/wp-json\/wp\/v2\/media?parent=4655"}],"wp:term":[{"taxonomy":"product_brand","embeddable":true,"href":"https:\/\/antcube.shop\/lt\/wp-json\/wp\/v2\/product_brand?post=4655"},{"taxonomy":"product_cat","embeddable":true,"href":"https:\/\/antcube.shop\/lt\/wp-json\/wp\/v2\/product_cat?post=4655"},{"taxonomy":"product_tag","embeddable":true,"href":"https:\/\/antcube.shop\/lt\/wp-json\/wp\/v2\/product_tag?post=4655"}],"curies":[{"name":"wp","href":"https:\/\/api.w.org\/{rel}","templated":true}]}}