{"id":4654,"date":"2022-11-14T14:34:48","date_gmt":"2022-11-14T13:34:48","guid":{"rendered":"https:\/\/antcube.shop\/produkt\/zuckerlosung-z-nachfullpack-10ml\/"},"modified":"2026-04-08T08:47:43","modified_gmt":"2026-04-08T06:47:43","slug":"cukraus-tirpalo-papildoma-pakuote-10ml","status":"publish","type":"product","link":"https:\/\/antcube.shop\/lt\/produktas\/cukraus-tirpalo-papildoma-pakuote-10ml\/","title":{"rendered":"Cukraus tirpalas (Z) - papildoma pakuot\u0117 10ml"},"content":{"rendered":"<p><strong>Turinys:<\/strong> 10 ml<\/p>\n<p><strong>Apra\u0161ymas:<\/strong> Cukraus tirpalas yra papildomas pa\u0161aras prie kit\u0173 pa\u0161ar\u0173.<\/p>\n<p><strong>Naudojimas:<\/strong><br \/>\nCukraus tirpalas = cukrumi mintan\u010dioms skruzd\u0117li\u0173 r\u016b\u0161ims.<br \/>\nTai papildomas pa\u0161aras (vienkartinis pa\u0161aras)<br \/>\nJ\u012f galima pasi\u016blyti pristatytiems gyv\u016bnams. J\u012f galima naudoti tol, kol cukrus i\u0161d\u017eius. Prie\u0161 pakartotinai naudodami kruop\u0161\u010diai i\u0161valykite \u0161\u0117rimo duben\u0117l\u012f ir (arba) m\u0117gintuv\u0117l\u012f.<br \/>\nAtidaryt\u0105 pakuot\u0119 reikia naudoti sandariai u\u017edaryt\u0105 iki nurodytos datos (geriausias iki).<\/p>\n<p><strong>Sud\u0117tyje yra:<\/strong><br \/>\nInvertuotas cukrus 55%<br \/>\nSacharoz\u0117 45%<\/p>\n<p><strong>Saugojimas:<\/strong> kad pa\u0161aras b\u016bt\u0173 kokybi\u0161kas, jis turi b\u016bti laikomas tamsioje ir sausoje vietoje.<\/p>\n<p><strong>Prane\u0161imas:<\/strong><br \/>\nInformacijos apie tai, kaip naudoti maitinimo vamzdelius, rasite \u010dia: Nuoroda<br \/>\nSud\u0117t\u012f, analitines sudedam\u0105sias dalis, tinkamumo vartoti termin\u0105 ir partijos numer\u012f rasite pakuot\u0117s lapelyje.<\/p>\n<p>Informacijos kar\u0161toji linija +49 30 439703870<\/p>\n<p>Atsakinga veterinarijos ir maisto prie\u017ei\u016bros institucija:<br \/>\nSteglitzo veterinarijos biuras<br \/>\nK\u00f6nigin-Luise-Str. 92<br \/>\n14195 Berlynas<\/p>","protected":false},"excerpt":{"rendered":"<p>Papildomas maistas<\/p>","protected":false},"featured_media":5063,"comment_status":"open","ping_status":"closed","template":"","meta":{"_acf_changed":false,"content-type":"","_monsterinsights_skip_tracking":false,"_monsterinsights_sitenote_active":false,"_monsterinsights_sitenote_note":"","_monsterinsights_sitenote_category":0},"product_brand":[],"product_cat":[115,116],"product_tag":[],"class_list":{"0":"post-4654","1":"product","2":"type-product","3":"status-publish","4":"has-post-thumbnail","6":"product_cat-food-and-feeding","7":"product_cat-food","9":"first","10":"instock","11":"taxable","12":"shipping-taxable","13":"purchasable","14":"product-type-simple"},"acf":[],"aioseo_notices":[],"jetpack_sharing_enabled":true,"_links":{"self":[{"href":"https:\/\/antcube.shop\/lt\/wp-json\/wp\/v2\/product\/4654","targetHints":{"allow":["GET"]}}],"collection":[{"href":"https:\/\/antcube.shop\/lt\/wp-json\/wp\/v2\/product"}],"about":[{"href":"https:\/\/antcube.shop\/lt\/wp-json\/wp\/v2\/types\/product"}],"replies":[{"embeddable":true,"href":"https:\/\/antcube.shop\/lt\/wp-json\/wp\/v2\/comments?post=4654"}],"wp:featuredmedia":[{"embeddable":true,"href":"https:\/\/antcube.shop\/lt\/wp-json\/wp\/v2\/media\/5063"}],"wp:attachment":[{"href":"https:\/\/antcube.shop\/lt\/wp-json\/wp\/v2\/media?parent=4654"}],"wp:term":[{"taxonomy":"product_brand","embeddable":true,"href":"https:\/\/antcube.shop\/lt\/wp-json\/wp\/v2\/product_brand?post=4654"},{"taxonomy":"product_cat","embeddable":true,"href":"https:\/\/antcube.shop\/lt\/wp-json\/wp\/v2\/product_cat?post=4654"},{"taxonomy":"product_tag","embeddable":true,"href":"https:\/\/antcube.shop\/lt\/wp-json\/wp\/v2\/product_tag?post=4654"}],"curies":[{"name":"wp","href":"https:\/\/api.w.org\/{rel}","templated":true}]}}