{"id":4651,"date":"2022-11-14T14:34:01","date_gmt":"2022-11-14T13:34:01","guid":{"rendered":"https:\/\/antcube.shop\/produkt\/kornerfutter-media-me-nachfullpack-20ml\/"},"modified":"2026-04-05T16:08:09","modified_gmt":"2026-04-05T14:08:09","slug":"kornerfutter-media-me-nachfullpack-20ml","status":"publish","type":"product","link":"https:\/\/antcube.shop\/lt\/produktas\/kornerfutter-media-me-nachfullpack-20ml\/","title":{"rendered":"Gr\u016bd\u0173 maistas Media (Me) - papildoma pakuot\u0117 20ml"},"content":{"rendered":"<p><strong>Turinys:<\/strong> 20 ml (atitinka ma\u017edaug 16 g).<\/p>\n<p><strong>Apra\u0161ymas:<\/strong> Vidutinio dyd\u017eio granul\u0117s ir (arba) s\u0117klos, skirtos didesn\u0117ms granules renkan\u010di\u0173 skruzd\u0117li\u0173 r\u016b\u0161i\u0173, pavyzd\u017eiui, Messor genties, kolonijoms, kuriose jau yra medij\u0173 darbinink\u0173.<\/p>\n<p><strong>Prane\u0161imas:<\/strong><br \/>\nInformacijos apie tai, kaip naudoti maitinimo vamzdelius, rasite \u010dia: Nuoroda<br \/>\nPapildomas maistas gr\u016bdin\u0117ms skruzd\u0117l\u0117ms.<br \/>\nSud\u0117t\u012f, analitines sudedam\u0105sias dalis, tinkamumo vartoti termin\u0105 ir partijos numer\u012f rasite pakuot\u0117s lapelyje.<\/p>\n<p>Informacijos kar\u0161toji linija +49 30 439703870<\/p>\n<p>Atsakinga veterinarijos ir maisto prie\u017ei\u016bros institucija:<br \/>\nSteglitzo veterinarijos biuras<br \/>\nK\u00f6nigin-Luise-Str. 92<br \/>\n14195 Berlynas<\/p>","protected":false},"excerpt":{"rendered":"<p>Papildomas maistas<\/p>","protected":false},"featured_media":5738,"comment_status":"open","ping_status":"closed","template":"","meta":{"_acf_changed":false,"content-type":"","_monsterinsights_skip_tracking":false,"_monsterinsights_sitenote_active":false,"_monsterinsights_sitenote_note":"","_monsterinsights_sitenote_category":0},"product_brand":[],"product_cat":[115,116],"product_tag":[],"class_list":{"0":"post-4651","1":"product","2":"type-product","3":"status-publish","4":"has-post-thumbnail","6":"product_cat-food-and-feeding","7":"product_cat-food","9":"first","10":"instock","11":"taxable","12":"shipping-taxable","13":"purchasable","14":"product-type-simple"},"acf":[],"aioseo_notices":[],"jetpack_sharing_enabled":true,"_links":{"self":[{"href":"https:\/\/antcube.shop\/lt\/wp-json\/wp\/v2\/product\/4651","targetHints":{"allow":["GET"]}}],"collection":[{"href":"https:\/\/antcube.shop\/lt\/wp-json\/wp\/v2\/product"}],"about":[{"href":"https:\/\/antcube.shop\/lt\/wp-json\/wp\/v2\/types\/product"}],"replies":[{"embeddable":true,"href":"https:\/\/antcube.shop\/lt\/wp-json\/wp\/v2\/comments?post=4651"}],"wp:featuredmedia":[{"embeddable":true,"href":"https:\/\/antcube.shop\/lt\/wp-json\/wp\/v2\/media\/5738"}],"wp:attachment":[{"href":"https:\/\/antcube.shop\/lt\/wp-json\/wp\/v2\/media?parent=4651"}],"wp:term":[{"taxonomy":"product_brand","embeddable":true,"href":"https:\/\/antcube.shop\/lt\/wp-json\/wp\/v2\/product_brand?post=4651"},{"taxonomy":"product_cat","embeddable":true,"href":"https:\/\/antcube.shop\/lt\/wp-json\/wp\/v2\/product_cat?post=4651"},{"taxonomy":"product_tag","embeddable":true,"href":"https:\/\/antcube.shop\/lt\/wp-json\/wp\/v2\/product_tag?post=4651"}],"curies":[{"name":"wp","href":"https:\/\/api.w.org\/{rel}","templated":true}]}}