{"id":4648,"date":"2022-11-14T14:33:14","date_gmt":"2022-11-14T13:33:14","guid":{"rendered":"https:\/\/antcube.shop\/produkt\/himbeerblatter-100g-getrocknet\/"},"modified":"2026-04-08T08:47:44","modified_gmt":"2026-04-08T06:47:44","slug":"avieciu-lapai-100-g-dziovintu-2","status":"publish","type":"product","link":"https:\/\/antcube.shop\/lt\/produktas\/avieciu-lapai-100-g-dziovintu-2\/","title":{"rendered":"Avie\u010di\u0173 lapai 100 g - d\u017eiovinti"},"content":{"rendered":"<p><strong>Turinys:<\/strong><br \/>\n100 g d\u017eiovint\u0173 avie\u010di\u0173 lap\u0173<\/p>\n<p><strong>Apra\u0161ymas:<\/strong><br \/>\nAvie\u010di\u0173 lapai - grybeli\u0173 auginam\u0173 skruzd\u0117li\u0173 r\u016b\u0161i\u0173 veisimosi vieta. Tai grynai nat\u016bralus produktas.<\/p>\n<p><strong>Naudojimas:<\/strong><br \/>\nAvie\u010di\u0173 lapai = grybeli\u0173 veisimosi skruzd\u0117li\u0173 r\u016b\u0161ims.<br \/>\nSausi lapai yra tik terp\u0117 lapini\u0173 skruzd\u0117li\u0173 grybeliui veistis (patartina tuo pa\u010diu metu pasi\u016blyti sald\u017ei\u0173 skys\u010di\u0173, kurie pakeist\u0173 tr\u016bkstamas augal\u0173 sultis). Maitintinus lapus papras\u010diausiai \u012fd\u0117kite \u012f sauso maisto kamer\u0105. Ta\u010diau gyv\u016bnai pirmenyb\u0119 teikia \u0161vie\u017eiems lapams. Tod\u0117l d\u017eiovinti lapai labiausiai tinka tarpiniams laikotarpiams, kai j\u0173 negalima pasi\u016blyti.<\/p>\n<p><strong>Saugojimas:<\/strong><br \/>\nSausoje aplinkoje<\/p>\n<p><strong>Sud\u0117tyje yra:<\/strong><br \/>\n100% d\u017eiovinti avie\u010di\u0173 lapai<\/p>","protected":false},"excerpt":{"rendered":"<p>Papildomas maistas<\/p>","protected":false},"featured_media":5115,"comment_status":"open","ping_status":"closed","template":"","meta":{"_acf_changed":false,"content-type":"","_monsterinsights_skip_tracking":false,"_monsterinsights_sitenote_active":false,"_monsterinsights_sitenote_note":"","_monsterinsights_sitenote_category":0},"product_brand":[],"product_cat":[115,116],"product_tag":[],"class_list":{"0":"post-4648","1":"product","2":"type-product","3":"status-publish","4":"has-post-thumbnail","6":"product_cat-food-and-feeding","7":"product_cat-food","9":"first","10":"instock","11":"taxable","12":"shipping-taxable","13":"purchasable","14":"product-type-simple"},"acf":[],"aioseo_notices":[],"jetpack_sharing_enabled":true,"_links":{"self":[{"href":"https:\/\/antcube.shop\/lt\/wp-json\/wp\/v2\/product\/4648","targetHints":{"allow":["GET"]}}],"collection":[{"href":"https:\/\/antcube.shop\/lt\/wp-json\/wp\/v2\/product"}],"about":[{"href":"https:\/\/antcube.shop\/lt\/wp-json\/wp\/v2\/types\/product"}],"replies":[{"embeddable":true,"href":"https:\/\/antcube.shop\/lt\/wp-json\/wp\/v2\/comments?post=4648"}],"wp:featuredmedia":[{"embeddable":true,"href":"https:\/\/antcube.shop\/lt\/wp-json\/wp\/v2\/media\/5115"}],"wp:attachment":[{"href":"https:\/\/antcube.shop\/lt\/wp-json\/wp\/v2\/media?parent=4648"}],"wp:term":[{"taxonomy":"product_brand","embeddable":true,"href":"https:\/\/antcube.shop\/lt\/wp-json\/wp\/v2\/product_brand?post=4648"},{"taxonomy":"product_cat","embeddable":true,"href":"https:\/\/antcube.shop\/lt\/wp-json\/wp\/v2\/product_cat?post=4648"},{"taxonomy":"product_tag","embeddable":true,"href":"https:\/\/antcube.shop\/lt\/wp-json\/wp\/v2\/product_tag?post=4648"}],"curies":[{"name":"wp","href":"https:\/\/api.w.org\/{rel}","templated":true}]}}