{"id":4647,"date":"2022-11-14T14:32:59","date_gmt":"2022-11-14T13:32:59","guid":{"rendered":"https:\/\/antcube.shop\/produkt\/jelly-food-weises-protein-16g\/"},"modified":"2025-10-19T14:34:34","modified_gmt":"2025-10-19T12:34:34","slug":"zele-maisto-baltymai-16g","status":"publish","type":"product","link":"https:\/\/antcube.shop\/lt\/produktas\/zele-maisto-baltymai-16g\/","title":{"rendered":"\u017del\u0117 Maisto baltymai 16g"},"content":{"rendered":"<p><strong>Kiekis:<\/strong> 16g<\/p>\n<p><strong>Sudedamosios dalys:<\/strong><br \/>\nSud\u0117tis: vanduo, fruktoz\u0117s sirupas, cukrus<br \/>\nAnalitin\u0117s sudedamosios dalys: Dr\u0117gm\u0117 65%<\/p>\n<p><strong>Naudojimas:<\/strong><br \/>\nVaisiais mintan\u010dioms skruzd\u0117li\u0173 r\u016b\u0161ims.<br \/>\nKombinuotieji pa\u0161arai kaip papildomas pa\u0161aras<br \/>\nVaisiais mintan\u010dioms skruzd\u0117li\u0173 r\u016b\u0161ims si\u016bloma 2-3 kartus per savait\u0119.<br \/>\nJ\u012f galima pasi\u016blyti pristatytiems gyv\u016bnams. Kambario temperat\u016broje \u017eel\u0117 gali greitai supelyti. Tod\u0117l maist\u0105 reikia keisti ne re\u010diau kaip kas 3 dienas. Prie\u0161 pakartotinai naudodami kruop\u0161\u010diai i\u0161valykite maisto duben\u0117l\u012f.<\/p>\n<p><strong>Galiojimo laikas:<\/strong><br \/>\nU\u017edarytos \u017eel\u0117 galioja ne trumpiau kaip 1 metus (\u017er. tinkamumo vartoti termin\u0105 ant pakuot\u0117s); atidaryt\u0105 \u017eel\u0117 reikia laikyti \u0161aldytuve ir sunaudoti per 5-7 dienas. Taip pat galite j\u0105 u\u017e\u0161aldyti \u0161aldiklyje ir at\u0161ildyti nedideliais kiekiais pagal poreik\u012f.<\/p>\n<p><strong>Prane\u0161imas:<\/strong><br \/>\nSud\u0117t\u012f, analitines sudedam\u0105sias dalis, partijos identifikacin\u012f numer\u012f ir tinkamumo vartoti termin\u0105 (BBD) rasite pakuot\u0117s lapelyje.<\/p>\n<p>Informacin\u0117 kar\u0161toji linija (faksu): +49 2065-67290<\/p>\n<p>Atsakinga veterinarijos ir maisto inspekcija:<br \/>\nOficialiai paskirtas veterinarijos gydytojas \/ veterinarijos ekspertas.<br \/>\nSchnabelhuck 6<br \/>\n47049 Duisburgas<\/p>","protected":false},"excerpt":{"rendered":"<p>Papildomas maistas<\/p>","protected":false},"featured_media":5081,"comment_status":"open","ping_status":"closed","template":"","meta":{"_acf_changed":false,"content-type":"","_monsterinsights_skip_tracking":false,"_monsterinsights_sitenote_active":false,"_monsterinsights_sitenote_note":"","_monsterinsights_sitenote_category":0},"product_brand":[],"product_cat":[115,116],"product_tag":[],"class_list":{"0":"post-4647","1":"product","2":"type-product","3":"status-publish","4":"has-post-thumbnail","6":"product_cat-food-and-feeding","7":"product_cat-food","9":"first","10":"outofstock","11":"taxable","12":"shipping-taxable","13":"purchasable","14":"product-type-simple"},"acf":[],"aioseo_notices":[],"jetpack_sharing_enabled":true,"_links":{"self":[{"href":"https:\/\/antcube.shop\/lt\/wp-json\/wp\/v2\/product\/4647","targetHints":{"allow":["GET"]}}],"collection":[{"href":"https:\/\/antcube.shop\/lt\/wp-json\/wp\/v2\/product"}],"about":[{"href":"https:\/\/antcube.shop\/lt\/wp-json\/wp\/v2\/types\/product"}],"replies":[{"embeddable":true,"href":"https:\/\/antcube.shop\/lt\/wp-json\/wp\/v2\/comments?post=4647"}],"wp:featuredmedia":[{"embeddable":true,"href":"https:\/\/antcube.shop\/lt\/wp-json\/wp\/v2\/media\/5081"}],"wp:attachment":[{"href":"https:\/\/antcube.shop\/lt\/wp-json\/wp\/v2\/media?parent=4647"}],"wp:term":[{"taxonomy":"product_brand","embeddable":true,"href":"https:\/\/antcube.shop\/lt\/wp-json\/wp\/v2\/product_brand?post=4647"},{"taxonomy":"product_cat","embeddable":true,"href":"https:\/\/antcube.shop\/lt\/wp-json\/wp\/v2\/product_cat?post=4647"},{"taxonomy":"product_tag","embeddable":true,"href":"https:\/\/antcube.shop\/lt\/wp-json\/wp\/v2\/product_tag?post=4647"}],"curies":[{"name":"wp","href":"https:\/\/api.w.org\/{rel}","templated":true}]}}