{"id":4639,"date":"2022-11-14T14:30:55","date_gmt":"2022-11-14T13:30:55","guid":{"rendered":"https:\/\/antcube.shop\/produkt\/durchgangsschieber-s\/"},"modified":"2026-03-02T12:58:53","modified_gmt":"2026-03-02T11:58:53","slug":"per-vartu-voztuva-s","status":"publish","type":"product","link":"https:\/\/antcube.shop\/lt\/produktas\/per-vartu-voztuva-s\/","title":{"rendered":"Per sklend\u0119 einantis vo\u017etuvas - S"},"content":{"rendered":"<p><strong>Matmenys:<\/strong> 78 x 12 x 52 mm 10\/6 mm vamzdeliams arba skruzd\u0117lyno dyd\u017eiui S<\/p>\n<p><strong>Med\u017eiaga:<\/strong> PMMA<\/p>\n<p><strong>Spalvos:<\/strong> skaidrus, pilkas<\/p>\n<p><strong>Turinys:<\/strong> 1x pra\u0117jimo slankiklis<\/p>\n<p><strong>Apra\u0161ymas:<\/strong> Pra\u0117jimo slankiklis u\u017edaro arba atidaro skruzd\u0117li\u0173 pra\u0117jim\u0105 vamzdelyje arba tarp dviej\u0173 formikarium\u0173.<br \/>\nJis yra permatomas, tod\u0117l \"u\u017edarant\" galima patikrinti, ar tarp j\u0173 yra skruzd\u0117li\u0173. \u0160liuzo vo\u017etuvas taip pat naudojamas skruzd\u017ei\u0173 takams \u017earnose kontroliuoti ir reguliuoti.<\/p>\n<p><strong>Pastaba d\u0117l parai\u0161kos<\/strong><br \/>\nD\u0117l filigranin\u0117s konstrukcijos, prijungiant arba atjungiant \u017earnas reikia laikytis \u0161i\u0173 reikalavim\u0173:<br \/>\nJei vamzdel\u012f labai sunku pritvirtinti prie jungties \u012fvor\u0117s, \u012fvor\u0119 reikia lengvai patrinti la\u0161eliu m\u016bs\u0173 apsaugin\u0117s alyvos arba milteli\u0173. Tuomet \u017earn\u0105 ant \u012fvor\u0117s reikia u\u017emauti sukamaisiais arba \u012fsukamaisiais judesiais, ne\u012ftempiant \u012fvor\u0117s judesiais auk\u0161tyn ir \u017eemyn. Tas pats galioja ir nuimant \u017earnas nuo jungiamosios \u012fvor\u0117s. Negalima tiesiog i\u0161traukti!<\/p>","protected":false},"excerpt":{"rendered":"<p>Matmenys: Med\u017eiaga: 78 x 12 x 52 mm, skirta 10\/6 mm vamzdeliams arba S dyd\u017eio skruzd\u0117lynui: Med\u017eiaga: PMMA Spalvos: skaidri, pilka: 1x pra\u0117jimo \u0161liau\u017eiklis Apra\u0161ymas: Pra\u0117jimo \u0161liau\u017eiklis u\u017edaro arba atidaro skruzd\u0117li\u0173 pra\u0117jim\u0105 m\u0117gintuv\u0117lyje arba tarp dviej\u0173 formikarium\u0173. Jis yra skaidrus, tod\u0117l galite patikrinti, ar tarp j\u0173 yra skruzd\u0117li\u0173.","protected":false},"featured_media":5170,"comment_status":"open","ping_status":"closed","template":"","meta":{"_acf_changed":false,"content-type":"","_monsterinsights_skip_tracking":false,"_monsterinsights_sitenote_active":false,"_monsterinsights_sitenote_note":"","_monsterinsights_sitenote_category":0},"product_brand":[],"product_cat":[121],"product_tag":[],"class_list":{"0":"post-4639","1":"product","2":"type-product","3":"status-publish","4":"has-post-thumbnail","6":"product_cat-connectors","8":"first","9":"instock","10":"taxable","11":"shipping-taxable","12":"purchasable","13":"product-type-simple"},"acf":[],"aioseo_notices":[],"jetpack_sharing_enabled":true,"_links":{"self":[{"href":"https:\/\/antcube.shop\/lt\/wp-json\/wp\/v2\/product\/4639","targetHints":{"allow":["GET"]}}],"collection":[{"href":"https:\/\/antcube.shop\/lt\/wp-json\/wp\/v2\/product"}],"about":[{"href":"https:\/\/antcube.shop\/lt\/wp-json\/wp\/v2\/types\/product"}],"replies":[{"embeddable":true,"href":"https:\/\/antcube.shop\/lt\/wp-json\/wp\/v2\/comments?post=4639"}],"wp:featuredmedia":[{"embeddable":true,"href":"https:\/\/antcube.shop\/lt\/wp-json\/wp\/v2\/media\/5170"}],"wp:attachment":[{"href":"https:\/\/antcube.shop\/lt\/wp-json\/wp\/v2\/media?parent=4639"}],"wp:term":[{"taxonomy":"product_brand","embeddable":true,"href":"https:\/\/antcube.shop\/lt\/wp-json\/wp\/v2\/product_brand?post=4639"},{"taxonomy":"product_cat","embeddable":true,"href":"https:\/\/antcube.shop\/lt\/wp-json\/wp\/v2\/product_cat?post=4639"},{"taxonomy":"product_tag","embeddable":true,"href":"https:\/\/antcube.shop\/lt\/wp-json\/wp\/v2\/product_tag?post=4639"}],"curies":[{"name":"wp","href":"https:\/\/api.w.org\/{rel}","templated":true}]}}