{"id":4637,"date":"2022-11-14T14:30:23","date_gmt":"2022-11-14T13:30:23","guid":{"rendered":"https:\/\/antcube.shop\/produkt\/durchgangsschieber-l\/"},"modified":"2026-03-30T12:22:09","modified_gmt":"2026-03-30T10:22:09","slug":"per-vartu-voztuva-l","status":"publish","type":"product","link":"https:\/\/antcube.shop\/lt\/produktas\/per-vartu-voztuva-l\/","title":{"rendered":"Per sklend\u0119 einantis vo\u017etuvas - L"},"content":{"rendered":"<p><strong>Matmenys:<\/strong> 78 x 27 x 53 mm, skirti 14\/16\/18\/20 mm vamzd\u017eiams arba skruzd\u017ei\u0173 fermos dyd\u017eiui L<\/p>\n<p>14\/10 vamzdelis tvirtai \u012fki\u0161tas \u012f 14 mm lizd\u0105<br \/>\n20\/16 vamzdelis tvirtinamas ant pirmojo 16 mm laiptelio<br \/>\n22\/18 vamzdis tvirtinamas ant antrojo 20 mm laiptelio<br \/>\n24\/20 vamzdis laisvai pritvirtintas ant antrojo 20 mm laiptelio<\/p>\n<p><strong>Med\u017eiaga:<\/strong> PMMA<\/p>\n<p><strong>Spalvos:<\/strong> kri\u0161tolo skaidrumo, pilkos spalvos<\/p>\n<p><strong>Turinys:<\/strong> 1x per skyl\u0119 einantis slankiklis<\/p>\n<p><strong>Apra\u0161ymas:<\/strong> Pra\u0117jimo slankiklis u\u017ekerta arba atveria skruzd\u0117li\u0173 pra\u0117jim\u0105 vamzdelyje arba tarp dviej\u0173 formikarium\u0173.<br \/>\nJis yra permatomas, tod\u0117l \"u\u017edarant\" galima patikrinti, ar tarp j\u0173 yra skruzd\u0117li\u0173. \u0160liuzo vo\u017etuvas taip pat naudojamas skruzd\u017ei\u0173 srautui \u017earnose kontroliuoti ir reguliuoti.<\/p>\n<p>Pastaba d\u0117l parai\u0161kos<br \/>\nD\u0117l filigranin\u0117s konstrukcijos, prijungiant arba atjungiant \u017earnas reikia laikytis \u0161i\u0173 reikalavim\u0173:<br \/>\nJei vamzdel\u012f labai sunku pritvirtinti prie jungties \u012fvor\u0117s, \u012fvor\u0119 reikia lengvai patrinti la\u0161eliu m\u016bs\u0173 apsaugin\u0117s alyvos arba milteli\u0173. Tuomet \u017earn\u0105 ant \u012fvor\u0117s reikia u\u017emauti sukamaisiais arba \u012fsukamaisiais judesiais, ne\u012ftempiant \u012fvor\u0117s judesiais auk\u0161tyn ir \u017eemyn. Tas pats galioja ir nuimant \u017earnas nuo jungiamosios \u012fvor\u0117s. Negalima tiesiog i\u0161traukti!<\/p>\n<p><strong>Atnaujinti:<\/strong><br \/>\n2020 12 15 Produkto tobulinimas: Strypai sutvirtinti 3 mm.<\/p>","protected":false},"excerpt":{"rendered":"<p>Matmenys: 14\/16\/18\/20 mm vamzdeliams arba ant \u016bkio dyd\u017eio L 78 x 27 x 53 mm 14\/10 vamzdelis sandariai \u012fki\u0161amas \u012f 14 mm lizd\u0105 20\/16 vamzdelis tvirtinamas ant pirmojo 16 mm laiptelio 22\/18 vamzdelis tvirtinamas ant antrojo 20 mm laiptelio 24\/20 vamzdelis laisvai tvirtinamas ant antrojo 20 mm laiptelio Med\u017eiaga: PMMA Spalvos: kri\u0161tolin\u0117s","protected":false},"featured_media":5606,"comment_status":"open","ping_status":"closed","template":"","meta":{"_acf_changed":false,"content-type":"","_monsterinsights_skip_tracking":false,"_monsterinsights_sitenote_active":false,"_monsterinsights_sitenote_note":"","_monsterinsights_sitenote_category":0},"product_brand":[],"product_cat":[121],"product_tag":[],"class_list":{"0":"post-4637","1":"product","2":"type-product","3":"status-publish","4":"has-post-thumbnail","6":"product_cat-connectors","8":"first","9":"instock","10":"taxable","11":"shipping-taxable","12":"purchasable","13":"product-type-simple"},"acf":[],"aioseo_notices":[],"jetpack_sharing_enabled":true,"_links":{"self":[{"href":"https:\/\/antcube.shop\/lt\/wp-json\/wp\/v2\/product\/4637","targetHints":{"allow":["GET"]}}],"collection":[{"href":"https:\/\/antcube.shop\/lt\/wp-json\/wp\/v2\/product"}],"about":[{"href":"https:\/\/antcube.shop\/lt\/wp-json\/wp\/v2\/types\/product"}],"replies":[{"embeddable":true,"href":"https:\/\/antcube.shop\/lt\/wp-json\/wp\/v2\/comments?post=4637"}],"wp:featuredmedia":[{"embeddable":true,"href":"https:\/\/antcube.shop\/lt\/wp-json\/wp\/v2\/media\/5606"}],"wp:attachment":[{"href":"https:\/\/antcube.shop\/lt\/wp-json\/wp\/v2\/media?parent=4637"}],"wp:term":[{"taxonomy":"product_brand","embeddable":true,"href":"https:\/\/antcube.shop\/lt\/wp-json\/wp\/v2\/product_brand?post=4637"},{"taxonomy":"product_cat","embeddable":true,"href":"https:\/\/antcube.shop\/lt\/wp-json\/wp\/v2\/product_cat?post=4637"},{"taxonomy":"product_tag","embeddable":true,"href":"https:\/\/antcube.shop\/lt\/wp-json\/wp\/v2\/product_tag?post=4637"}],"curies":[{"name":"wp","href":"https:\/\/api.w.org\/{rel}","templated":true}]}}