{"id":4636,"date":"2022-11-14T14:30:07","date_gmt":"2022-11-14T13:30:07","guid":{"rendered":"https:\/\/antcube.shop\/produkt\/adapterkappe-16mm-zu-10mm\/"},"modified":"2026-04-07T09:38:17","modified_gmt":"2026-04-07T07:38:17","slug":"adapter-cap-16mm-to-10mm","status":"publish","type":"product","link":"https:\/\/antcube.shop\/lt\/produktas\/adapter-cap-16mm-to-10mm\/","title":{"rendered":"Adapterio dangtelis i\u0161 16 mm \u012f 10 mm"},"content":{"rendered":"<div class=\"tab-body active\">\n<p><strong>Kiekis:<\/strong> 1 vnt.<\/p>\n<p><strong>Matmenys:<\/strong> 20 x 15 mm<\/p>\n<p><strong>Med\u017eiaga:<\/strong> PE plastikas<\/p>\n<p><strong>Spalva:<\/strong> skaidrus, pieni\u0161kas<\/p>\n<p><strong>Apra\u0161ymas:<\/strong> Kaip adapteris baseino \u017earnos jung\u010diai 27 mm - 14,16,20 mm - skaidri (gaminio kodas 1001694), kad taip pat b\u016bt\u0173 galima prijungti \"S-Farms\" 10\/06 mm \u017earn\u0105 (gaminio kodas 1001273).<\/p>\n<\/div>","protected":false},"excerpt":{"rendered":"<p>Kiekis: I\u0161matavimai: 1 vnt: 20 x 15 mm Med\u017eiaga: PE plastikas Spalva: skaidri, pieno spalvos Apra\u0161ymas: 1001694), kad b\u016bt\u0173 galima prijungti ir S-Farms 10\/06 mm \u017earn\u0105 (1001273).<\/p>","protected":false},"featured_media":5112,"comment_status":"open","ping_status":"closed","template":"","meta":{"_acf_changed":false,"content-type":"","_monsterinsights_skip_tracking":false,"_monsterinsights_sitenote_active":false,"_monsterinsights_sitenote_note":"","_monsterinsights_sitenote_category":0},"product_brand":[],"product_cat":[121],"product_tag":[],"class_list":{"0":"post-4636","1":"product","2":"type-product","3":"status-publish","4":"has-post-thumbnail","6":"product_cat-connectors","8":"first","9":"instock","10":"taxable","11":"shipping-taxable","12":"purchasable","13":"product-type-simple"},"acf":[],"aioseo_notices":[],"jetpack_sharing_enabled":true,"_links":{"self":[{"href":"https:\/\/antcube.shop\/lt\/wp-json\/wp\/v2\/product\/4636","targetHints":{"allow":["GET"]}}],"collection":[{"href":"https:\/\/antcube.shop\/lt\/wp-json\/wp\/v2\/product"}],"about":[{"href":"https:\/\/antcube.shop\/lt\/wp-json\/wp\/v2\/types\/product"}],"replies":[{"embeddable":true,"href":"https:\/\/antcube.shop\/lt\/wp-json\/wp\/v2\/comments?post=4636"}],"wp:featuredmedia":[{"embeddable":true,"href":"https:\/\/antcube.shop\/lt\/wp-json\/wp\/v2\/media\/5112"}],"wp:attachment":[{"href":"https:\/\/antcube.shop\/lt\/wp-json\/wp\/v2\/media?parent=4636"}],"wp:term":[{"taxonomy":"product_brand","embeddable":true,"href":"https:\/\/antcube.shop\/lt\/wp-json\/wp\/v2\/product_brand?post=4636"},{"taxonomy":"product_cat","embeddable":true,"href":"https:\/\/antcube.shop\/lt\/wp-json\/wp\/v2\/product_cat?post=4636"},{"taxonomy":"product_tag","embeddable":true,"href":"https:\/\/antcube.shop\/lt\/wp-json\/wp\/v2\/product_tag?post=4636"}],"curies":[{"name":"wp","href":"https:\/\/api.w.org\/{rel}","templated":true}]}}