{"id":4635,"date":"2022-11-14T14:29:51","date_gmt":"2022-11-14T13:29:51","guid":{"rendered":"https:\/\/antcube.shop\/produkt\/ameisenarena-abdeckung-40x20\/"},"modified":"2026-04-07T13:49:40","modified_gmt":"2026-04-07T11:49:40","slug":"ant-arena-cover-40x20","status":"publish","type":"product","link":"https:\/\/antcube.shop\/lt\/produktas\/ant-arena-cover-40x20\/","title":{"rendered":"Skruzd\u0117lyno dangtis 40\u00d720"},"content":{"rendered":"<p><strong>Matmenys (Dx\u0160xV):<\/strong> 40x20x0,4 cm<\/p>\n<p><strong>Med\u017eiaga:<\/strong> floatinis stiklas<\/p>\n<p><strong>Spalva:<\/strong> kri\u0161tolo skaidrumo \/ skaidrus<\/p>\n<p><strong>Turinys:<\/strong><br \/>\n1x skruzd\u0117lyno dangtis<br \/>\n1x tvirtinimo ta\u0161kai \u00e0 4 vnt.<\/p>\n<p><strong>Apra\u0161ymas:<\/strong><br \/>\nStiklo dangtis, skirtas skruzd\u0117lynui, kaip apsauga nuo pab\u0117gimo.<\/p>\n<p><strong>Taikymas:<\/strong><br \/>\nStiklo skruzd\u0117lyno dangtis dedamas ant skruzd\u0117lyno ir taip pat i\u0161 karto naudojamas klimatui reguliuoti.<br \/>\n\u012e 50 mm angas galima \u012fstatyti \u012fvairius klimato kontrol\u0117s modulius, pvz., v\u0117dinimo groteles, ap\u0161vietim\u0105 ar dr\u0117kinim\u0105.<br \/>\nKad skruzd\u0117s negal\u0117t\u0173 i\u0161tr\u016bkti pro angas, apatin\u0119 pus\u0119 aplink angas reikia patepti apsaugine priemone (aliejumi, milteliais arba laku).<\/p>\n<p><strong>Prane\u0161imas:<\/strong><br \/>\nKadangi gaminys pagamintas i\u0161 stiklo, tod\u0117l gali sudu\u017eti, su juo reikia elgtis labai atsargiai.<\/p>","protected":false},"excerpt":{"rendered":"<p>Matmenys (Dx\u0160xV): 40x20x0,4 cm Med\u017eiaga: flotacinis stiklas Spalva: kri\u0161tolo skaidrumo \/ permatoma Turinys: Sud\u0117tis: 1x skruzd\u0117lyno dangtis 1x tvirtinimo ta\u0161kai \u00e0 4 vnt. Apra\u0161ymas: Stiklo dangtelis skruzd\u0117lynui kaip apsauga nuo pab\u0117gimo. Naudojimas: Stiklo skruzd\u0117lyno dangtis dedamas ant skruzd\u0117lyno, taip pat i\u0161 karto naudojamas skruzd\u0117lynui apsaugoti.","protected":false},"featured_media":5175,"comment_status":"open","ping_status":"closed","template":"","meta":{"_acf_changed":false,"content-type":"","_monsterinsights_skip_tracking":false,"_monsterinsights_sitenote_active":false,"_monsterinsights_sitenote_note":"","_monsterinsights_sitenote_category":0},"product_brand":[],"product_cat":[91,92],"product_tag":[],"class_list":{"0":"post-4635","1":"product","2":"type-product","3":"status-publish","4":"has-post-thumbnail","6":"product_cat-formicarium-modules","7":"product_cat-arena-cover","9":"first","10":"instock","11":"taxable","12":"shipping-taxable","13":"purchasable","14":"product-type-simple"},"acf":[],"aioseo_notices":[],"jetpack_sharing_enabled":true,"_links":{"self":[{"href":"https:\/\/antcube.shop\/lt\/wp-json\/wp\/v2\/product\/4635","targetHints":{"allow":["GET"]}}],"collection":[{"href":"https:\/\/antcube.shop\/lt\/wp-json\/wp\/v2\/product"}],"about":[{"href":"https:\/\/antcube.shop\/lt\/wp-json\/wp\/v2\/types\/product"}],"replies":[{"embeddable":true,"href":"https:\/\/antcube.shop\/lt\/wp-json\/wp\/v2\/comments?post=4635"}],"wp:featuredmedia":[{"embeddable":true,"href":"https:\/\/antcube.shop\/lt\/wp-json\/wp\/v2\/media\/5175"}],"wp:attachment":[{"href":"https:\/\/antcube.shop\/lt\/wp-json\/wp\/v2\/media?parent=4635"}],"wp:term":[{"taxonomy":"product_brand","embeddable":true,"href":"https:\/\/antcube.shop\/lt\/wp-json\/wp\/v2\/product_brand?post=4635"},{"taxonomy":"product_cat","embeddable":true,"href":"https:\/\/antcube.shop\/lt\/wp-json\/wp\/v2\/product_cat?post=4635"},{"taxonomy":"product_tag","embeddable":true,"href":"https:\/\/antcube.shop\/lt\/wp-json\/wp\/v2\/product_tag?post=4635"}],"curies":[{"name":"wp","href":"https:\/\/api.w.org\/{rel}","templated":true}]}}