{"id":4632,"date":"2022-11-14T14:29:05","date_gmt":"2022-11-14T13:29:05","guid":{"rendered":"https:\/\/antcube.shop\/produkt\/antcube-ameisenfarm-m-30x30-stehend\/"},"modified":"2026-04-02T09:54:54","modified_gmt":"2026-04-02T07:54:54","slug":"antcube-ant-farm-m-30x30-standing","status":"publish","type":"product","link":"https:\/\/antcube.shop\/lt\/produktas\/antcube-ant-farm-m-30x30-standing\/","title":{"rendered":"ANTCUBE - skruzd\u0117lynas - M - 30\u00d730 - stovintis"},"content":{"rendered":"<p><strong>Matmenys (Dx\u0160xV):\u00a0<\/strong><br \/>\ni\u0161or\u0117: 332x58x299 mm<br \/>\nvidus: 284x10x290 mm<\/p>\n<p><strong>Med\u017eiaga:<\/strong><br \/>\nPl\u016bdinis stiklas, plastikas<\/p>\n<p><strong>Spalva:<\/strong><br \/>\nkri\u0161tolo skaidrumo<\/p>\n<p><strong>Turinys:<\/strong><br \/>\n1x ANTCUBE skruzd\u0117lynas - 10 mm tarpai tarp plok\u0161teli\u0173.<br \/>\n1x skruzd\u0117lyno dangtis M 30\u00d72<br \/>\n2x ki\u0161tukas 4 mm<\/p>\n<p><strong>ry\u0161ys:<\/strong><br \/>\n2x 8\/10 x 10 mm lizdas<br \/>\n2x 4 mm skyl\u0117s su 4 mm kam\u0161\u010diais<\/p>\n<p><strong>Apra\u0161ymas:<\/strong><br \/>\n\u0160is visi\u0161kai skaidrus skruzd\u0117lynas tinka M dyd\u017eio skruzd\u017ei\u0173 r\u016b\u0161ims.<\/p>\n<p><strong>Pastabos apie gamyb\u0105<\/strong><br \/>\nStiklas pjaustomas pagal DIN 1249, leistina paklaida +\/- 1 mm. Ypa\u010d ma\u017eoms skruzd\u0117li\u0173 r\u016b\u0161ims b\u016btina papildoma apsauga nuo i\u0161lau\u017eimo.<\/p>\n<p><strong>Pastaba apie \u016bk\u012f<\/strong><br \/>\nPrijungdami arba atjungdami \u017earnas, atkreipkite d\u0117mes\u012f \u012f \u0161iuos dalykus:<br \/>\nJei vamzdel\u012f labai sunku pritvirtinti prie jungties \u012fvor\u0117s, \u012fvor\u0119 reikia lengvai patrinti la\u0161eliu m\u016bs\u0173 apsaugin\u0117s alyvos arba milteli\u0173. Tuomet \u017earn\u0105 ant \u012fvor\u0117s reikia u\u017emauti sukamaisiais arba \u012fsukamaisiais judesiais, ne\u012ftempiant \u012fvor\u0117s judesiais auk\u0161tyn ir \u017eemyn. Tas pats galioja ir nuimant \u017earnas nuo fermos jungiamosios \u012fvor\u0117s. Negalima tiesiog i\u0161traukti!<\/p>","protected":false},"excerpt":{"rendered":"<p><strong>Ry\u0161ys:<\/strong> Lizdas 2x 8\/10 mm + dangtelis <strong>Atstumas tarp plok\u0161\u010di\u0173:<\/strong> Viduje 10 mm \/ i\u0161or\u0117je 18 mm<br \/>\n<strong>Dydis:<\/strong> <strong><span style=\"color: #339966;\">M<\/span><\/strong><\/p>","protected":false},"featured_media":5182,"comment_status":"open","ping_status":"closed","template":"","meta":{"_acf_changed":false,"content-type":"","_monsterinsights_skip_tracking":false,"_monsterinsights_sitenote_active":false,"_monsterinsights_sitenote_note":"","_monsterinsights_sitenote_category":0},"product_brand":[],"product_cat":[80,82],"product_tag":[],"class_list":{"0":"post-4632","1":"product","2":"type-product","3":"status-publish","4":"has-post-thumbnail","6":"product_cat-antfarms","7":"product_cat-antfarms-m","9":"first","10":"instock","11":"taxable","12":"shipping-taxable","13":"purchasable","14":"product-type-simple"},"acf":[],"aioseo_notices":[],"jetpack_sharing_enabled":true,"_links":{"self":[{"href":"https:\/\/antcube.shop\/lt\/wp-json\/wp\/v2\/product\/4632","targetHints":{"allow":["GET"]}}],"collection":[{"href":"https:\/\/antcube.shop\/lt\/wp-json\/wp\/v2\/product"}],"about":[{"href":"https:\/\/antcube.shop\/lt\/wp-json\/wp\/v2\/types\/product"}],"replies":[{"embeddable":true,"href":"https:\/\/antcube.shop\/lt\/wp-json\/wp\/v2\/comments?post=4632"}],"wp:featuredmedia":[{"embeddable":true,"href":"https:\/\/antcube.shop\/lt\/wp-json\/wp\/v2\/media\/5182"}],"wp:attachment":[{"href":"https:\/\/antcube.shop\/lt\/wp-json\/wp\/v2\/media?parent=4632"}],"wp:term":[{"taxonomy":"product_brand","embeddable":true,"href":"https:\/\/antcube.shop\/lt\/wp-json\/wp\/v2\/product_brand?post=4632"},{"taxonomy":"product_cat","embeddable":true,"href":"https:\/\/antcube.shop\/lt\/wp-json\/wp\/v2\/product_cat?post=4632"},{"taxonomy":"product_tag","embeddable":true,"href":"https:\/\/antcube.shop\/lt\/wp-json\/wp\/v2\/product_tag?post=4632"}],"curies":[{"name":"wp","href":"https:\/\/api.w.org\/{rel}","templated":true}]}}