{"id":4631,"date":"2022-11-14T14:28:50","date_gmt":"2022-11-14T13:28:50","guid":{"rendered":"https:\/\/antcube.shop\/produkt\/antcube-ameisenfarm-l-40x20-stehend\/"},"modified":"2026-04-01T12:30:00","modified_gmt":"2026-04-01T10:30:00","slug":"antcube-ant-farm-l-40x20-standing","status":"publish","type":"product","link":"https:\/\/antcube.shop\/lt\/produktas\/antcube-ant-farm-l-40x20-standing\/","title":{"rendered":"ANTCUBE - skruzd\u0117lynas - L - 40\u00d720 - stovintis"},"content":{"rendered":"<p><strong>Matmenys (Dx\u0160xV):\u00a0<\/strong><br \/>\ni\u0161or\u0117: 434x58x199 mm<br \/>\nvidus: 384x20x190 mm<\/p>\n<p><strong>Med\u017eiaga:<\/strong><br \/>\nPl\u016bdinis stiklas, plastikas<\/p>\n<p><strong>Spalva:<\/strong><br \/>\nkri\u0161tolo skaidrumo<\/p>\n<p><strong>Turinys:<\/strong><br \/>\n1x ANTCUBE skruzd\u0117lynas - 20 mm tarpai tarp plok\u0161teli\u0173.<br \/>\n1x skruzd\u0117lyno dangtis L 40\u00d73<br \/>\n2x ki\u0161tukas 4 mm<\/p>\n<p><strong>ry\u0161ys:<\/strong><br \/>\n2x 14\/16\/18\/20 x 20 mm lizdas<\/p>\n<p>14\/10 \u017earna sandariai \u012fki\u0161ama \u012f 14 mm lizd\u0105<br \/>\n20\/16 \u017earna tvirtinama ant pirmojo 16 mm laiptelio<br \/>\n22\/18 \u017earna sandariai pritvirtinta prie antrojo 20 mm laiptelio<br \/>\n24\/20 \u017earnos laisvai pritvirtinamos ant antrojo 20 mm laiptelio<\/p>\n<p><strong>Apra\u0161ymas:<\/strong><br \/>\n\u0160is visi\u0161kai skaidrus skruzd\u0117lynas tinka L dyd\u017eio skruzd\u017ei\u0173 r\u016b\u0161ims.<\/p>\n<p><strong>Pastabos apie gamyb\u0105<\/strong><br \/>\nStiklas pjaustomas pagal DIN 1249, leistina paklaida +\/- 1 mm. Ypa\u010d ma\u017eoms skruzd\u0117li\u0173 r\u016b\u0161ims b\u016btina papildoma apsauga nuo i\u0161lau\u017eimo.<\/p>\n<p><strong>Pastaba apie \u016bk\u012f<\/strong><br \/>\nPrijungdami arba nuimdami \u017earnas, atkreipkite d\u0117mes\u012f \u012f \u0161iuos dalykus:<br \/>\nJei vamzdel\u012f labai sunku pritvirtinti prie jungties \u012fvor\u0117s, \u012fvor\u0119 reikia lengvai patrinti la\u0161eliu m\u016bs\u0173 apsaugin\u0117s alyvos arba milteli\u0173. Tuomet \u017earn\u0105 ant \u012fvor\u0117s reikia u\u017emauti sukamaisiais arba \u012fsukamaisiais judesiais, ne\u012ftempiant \u012fvor\u0117s judesiais auk\u0161tyn ir \u017eemyn. Tas pats galioja ir nuimant \u017earnas nuo fermos jungiamosios \u012fvor\u0117s. Negalima tiesiog i\u0161traukti!<\/p>\n<p>&nbsp;<\/p>\n<p>&nbsp;<\/p>","protected":false},"excerpt":{"rendered":"<p><strong>Ry\u0161ys:<\/strong> Ki\u0161tukinis lizdas 2x 14\/16\/18\/20 mm + dangtelis <strong>Tarpai tarp plok\u0161\u010di\u0173:<\/strong> Viduje 20 mm \/ i\u0161or\u0117je 28 mm<br \/>\n<strong>Dydis:<\/strong> <strong><span style=\"color: #0000ff;\">L<\/span><\/strong><\/p>","protected":false},"featured_media":5184,"comment_status":"open","ping_status":"closed","template":"","meta":{"_acf_changed":false,"content-type":"","_monsterinsights_skip_tracking":false,"_monsterinsights_sitenote_active":false,"_monsterinsights_sitenote_note":"","_monsterinsights_sitenote_category":0},"product_brand":[],"product_cat":[80,83],"product_tag":[],"class_list":{"0":"post-4631","1":"product","2":"type-product","3":"status-publish","4":"has-post-thumbnail","6":"product_cat-antfarms","7":"product_cat-antfarms-l","9":"first","10":"instock","11":"taxable","12":"shipping-taxable","13":"purchasable","14":"product-type-simple"},"acf":[],"aioseo_notices":[],"jetpack_sharing_enabled":true,"_links":{"self":[{"href":"https:\/\/antcube.shop\/lt\/wp-json\/wp\/v2\/product\/4631","targetHints":{"allow":["GET"]}}],"collection":[{"href":"https:\/\/antcube.shop\/lt\/wp-json\/wp\/v2\/product"}],"about":[{"href":"https:\/\/antcube.shop\/lt\/wp-json\/wp\/v2\/types\/product"}],"replies":[{"embeddable":true,"href":"https:\/\/antcube.shop\/lt\/wp-json\/wp\/v2\/comments?post=4631"}],"wp:featuredmedia":[{"embeddable":true,"href":"https:\/\/antcube.shop\/lt\/wp-json\/wp\/v2\/media\/5184"}],"wp:attachment":[{"href":"https:\/\/antcube.shop\/lt\/wp-json\/wp\/v2\/media?parent=4631"}],"wp:term":[{"taxonomy":"product_brand","embeddable":true,"href":"https:\/\/antcube.shop\/lt\/wp-json\/wp\/v2\/product_brand?post=4631"},{"taxonomy":"product_cat","embeddable":true,"href":"https:\/\/antcube.shop\/lt\/wp-json\/wp\/v2\/product_cat?post=4631"},{"taxonomy":"product_tag","embeddable":true,"href":"https:\/\/antcube.shop\/lt\/wp-json\/wp\/v2\/product_tag?post=4631"}],"curies":[{"name":"wp","href":"https:\/\/api.w.org\/{rel}","templated":true}]}}