{"id":4630,"date":"2022-11-14T14:28:33","date_gmt":"2022-11-14T13:28:33","guid":{"rendered":"https:\/\/antcube.shop\/produkt\/ameisenarena-rahmen-40x20\/"},"modified":"2026-04-12T00:40:17","modified_gmt":"2026-04-11T22:40:17","slug":"ant-arena-frame-40x20","status":"publish","type":"product","link":"https:\/\/antcube.shop\/lt\/produktas\/ant-arena-frame-40x20\/","title":{"rendered":"Skruzd\u0117lyno r\u0117mas 40\u00d720"},"content":{"rendered":"<p><strong>Matmenys (Dx\u0160xV):<\/strong> 40x20x0,4 cm<\/p>\n<p><strong>Med\u017eiaga:<\/strong> floatinis stiklas<\/p>\n<p><strong>Spalva:<\/strong> kri\u0161tolo skaidrumo \/ skaidrus<\/p>\n<p><strong>Turinys:<\/strong><br \/>\n1x skruzd\u0117lyno r\u0117mas<\/p>\n<p><strong>Apra\u0161ymas:<\/strong><br \/>\nStiklo r\u0117mas, skirtas skruzd\u0117lynui apsaugoti nuo i\u0161lau\u017eimo.<\/p>\n<p><strong>Taikymas:<\/strong><br \/>\nSkruzd\u0117lyno r\u0117mas - tai i\u0161 stiklo pagamintas r\u0117mas, kuris dedamas ant skruzd\u0117lyno ir i\u0161 apatin\u0117s pus\u0117s padengiamas apsauga nuo skruzd\u017ei\u0173 i\u0161tr\u016bkimo (aliejumi, milteliais arba laku), tod\u0117l skruzd\u0117s negali i\u0161tr\u016bkti.<\/p>\n<p><strong>Prane\u0161imas:<\/strong><br \/>\nKadangi gaminys pagamintas i\u0161 stiklo ir yra jautrus, su juo reikia elgtis labai atsargiai. Stiklas pjaustomas pagal DIN 1249, leistina paklaida +\/- 1 mm. Itin ma\u017eoms skruzd\u0117li\u0173 r\u016b\u0161ims b\u016btina papildoma apsauga nuo sudu\u017eimo.<\/p>\n<p>&nbsp;<\/p>\n<p>&nbsp;<\/p>","protected":false},"excerpt":{"rendered":"<p>Matmenys (Dx\u0160xV): 20x20x0,4 cm Med\u017eiaga: flotacinis stiklas Spalva: kri\u0161tolo skaidrumo \/ permatoma Turinys: 1x skruzd\u0117lyno r\u0117mas Apra\u0161ymas: R\u0117melis i\u0161 stiklo, skirtas skruzd\u0117lynui, kaip apsauga nuo \u012fsilau\u017eimo. Naudojimas: Skruzd\u0117lyno r\u0117melis - tai i\u0161 stiklo pagamintas r\u0117melis, kuris dedamas ant skruzd\u0117lyno ir yra apsaugotas nuo i\u0161lau\u017eimo.","protected":false},"featured_media":5119,"comment_status":"open","ping_status":"closed","template":"","meta":{"_acf_changed":false,"content-type":"","_monsterinsights_skip_tracking":false,"_monsterinsights_sitenote_active":false,"_monsterinsights_sitenote_note":"","_monsterinsights_sitenote_category":0},"product_brand":[],"product_cat":[119,239,91,93],"product_tag":[],"class_list":{"0":"post-4630","1":"product","2":"type-product","3":"status-publish","4":"has-post-thumbnail","6":"product_cat-formicarium-components","7":"product_cat-useful-additions","8":"product_cat-formicarium-modules","9":"product_cat-arena-frame","11":"first","12":"instock","13":"taxable","14":"shipping-taxable","15":"purchasable","16":"product-type-simple"},"acf":[],"aioseo_notices":[],"jetpack_sharing_enabled":true,"_links":{"self":[{"href":"https:\/\/antcube.shop\/lt\/wp-json\/wp\/v2\/product\/4630","targetHints":{"allow":["GET"]}}],"collection":[{"href":"https:\/\/antcube.shop\/lt\/wp-json\/wp\/v2\/product"}],"about":[{"href":"https:\/\/antcube.shop\/lt\/wp-json\/wp\/v2\/types\/product"}],"replies":[{"embeddable":true,"href":"https:\/\/antcube.shop\/lt\/wp-json\/wp\/v2\/comments?post=4630"}],"wp:featuredmedia":[{"embeddable":true,"href":"https:\/\/antcube.shop\/lt\/wp-json\/wp\/v2\/media\/5119"}],"wp:attachment":[{"href":"https:\/\/antcube.shop\/lt\/wp-json\/wp\/v2\/media?parent=4630"}],"wp:term":[{"taxonomy":"product_brand","embeddable":true,"href":"https:\/\/antcube.shop\/lt\/wp-json\/wp\/v2\/product_brand?post=4630"},{"taxonomy":"product_cat","embeddable":true,"href":"https:\/\/antcube.shop\/lt\/wp-json\/wp\/v2\/product_cat?post=4630"},{"taxonomy":"product_tag","embeddable":true,"href":"https:\/\/antcube.shop\/lt\/wp-json\/wp\/v2\/product_tag?post=4630"}],"curies":[{"name":"wp","href":"https:\/\/api.w.org\/{rel}","templated":true}]}}