{"id":4629,"date":"2022-11-14T14:28:18","date_gmt":"2022-11-14T13:28:18","guid":{"rendered":"https:\/\/antcube.shop\/produkt\/antcube-ameisenfarm-l-30x30-wand\/"},"modified":"2026-03-23T17:45:00","modified_gmt":"2026-03-23T16:45:00","slug":"skruzdelynas-l-30x30-sienele","status":"publish","type":"product","link":"https:\/\/antcube.shop\/lt\/produktas\/skruzdelynas-l-30x30-sienele\/","title":{"rendered":"ANTCUBE - Skruzd\u0117lynas - L - 30\u00d730 - sieninis"},"content":{"rendered":"<p><strong>Lauke:<\/strong> 32,5 x 32,5 cm \/ vidus: 29,2 x 29,2 cm<\/p>\n<p><strong>Med\u017eiaga:<\/strong><br \/>\nPlaukiojantis stiklas, medis, PMMA<\/p>\n<p><strong>Spalva:<\/strong><br \/>\nkri\u0161tolo skaidrumo, baltos spalvos<\/p>\n<p><strong>Turinys:<\/strong><br \/>\n1x Ant fermos 10 mm atstumas tarp plok\u0161teli\u0173 su tvirtinimu prie sienos.<br \/>\n1x dangtelis<br \/>\n1x baltai da\u017eytas medinis r\u0117mas su magnetine spyna<br \/>\n2x tarpin\u0117s juostos lizd\u0173 \u012fd\u0117klams<br \/>\n6x var\u017etai ir kai\u0161\u010diai (med\u017eio \/ akmens sienai)<\/p>\n<p><strong>ry\u0161ys:<\/strong><br \/>\n2x 14\/16\/18\/20 x 20 mm lizdas<\/p>\n<p>14\/10 \u017earna sandariai \u012fki\u0161ama \u012f 14 mm lizd\u0105<br \/>\n20\/16 \u017earna sandariai u\u017emaunama ant pirmosios 16 mm pakopos<\/p>\n<p><strong>Apra\u0161ymas:<\/strong><br \/>\n\u0160ie skruzd\u0117lynai skirti montuoti ant sienos, tod\u0117l juos galima lengvai pritvirtinti prie medini\u0173 ir akmenini\u0173 sien\u0173.<br \/>\nR\u0117mas pagamintas i\u0161 nat\u016bralaus med\u017eio, nuda\u017eytas baltais da\u017eais ir yra modernaus, laikui nepavaldaus dizaino.<br \/>\n\u0160\u012f r\u0117m\u0105 galima nuimti, kad atidarytum\u0117te ferm\u0105, ir v\u0117l pritvirtinti prie fermos magnetiniu laikikliu.<\/p>\n<p><strong>Montavimo instrukcijos:<\/strong><br \/>\n6 kai\u0161\u010diams \"S6\" sienoje pritvirtinti reikia gr\u0119\u017etuvo su 6 mm gr\u0105\u017etu (med\u017eio arba akmens, priklausomai nuo med\u017eiagos).<br \/>\nSienoje reikia i\u0161gr\u0119\u017eti 40 mm gylio skyles, kad b\u016bt\u0173 galima \u012fleisti kai\u0161\u010dius su 4x30 mm var\u017etais.<\/p>\n<p><strong>Pastabos apie gamyb\u0105<\/strong><br \/>\nStiklas pjaustomas pagal DIN 1249, leistina paklaida +\/- 1 mm. Ypa\u010d ma\u017eoms skruzd\u0117li\u0173 r\u016b\u0161ims b\u016btina papildoma apsauga nuo i\u0161lau\u017eimo.<\/p>\n<p><strong>Pastaba apie \u016bk\u012f<\/strong><br \/>\nPrijungdami arba nuimdami \u017earnas, atkreipkite d\u0117mes\u012f \u012f \u0161iuos dalykus:<br \/>\nJei vamzdel\u012f labai sunku pritvirtinti prie jungties \u012fvor\u0117s, \u012fvor\u0119 reikia lengvai patrinti la\u0161eliu m\u016bs\u0173 apsaugin\u0117s alyvos arba milteli\u0173. Tuomet \u017earn\u0105 ant \u012fvor\u0117s reikia u\u017emauti sukamaisiais arba \u012fsukamaisiais judesiais, ne\u012ftempiant \u012fvor\u0117s judesiais auk\u0161tyn ir \u017eemyn. Tas pats galioja ir nuimant \u017earnas nuo fermos jungiamosios \u012fvor\u0117s. Negalima tiesiog i\u0161traukti!<\/p>","protected":false},"excerpt":{"rendered":"<p><strong>Ry\u0161ys:<\/strong> lizdas 2x 14\/16 x 20 mm; <strong>atstumas tarp plok\u0161\u010di\u0173:<\/strong> viduje 20 mm<br \/>\n<strong>Dydis:<\/strong> <span style=\"color: #0000ff;\"><strong>L<\/strong> <\/span><\/p>","protected":false},"featured_media":5188,"comment_status":"open","ping_status":"closed","template":"","meta":{"_acf_changed":false,"content-type":"","_monsterinsights_skip_tracking":false,"_monsterinsights_sitenote_active":false,"_monsterinsights_sitenote_note":"","_monsterinsights_sitenote_category":0},"product_brand":[],"product_cat":[80,83],"product_tag":[],"class_list":{"0":"post-4629","1":"product","2":"type-product","3":"status-publish","4":"has-post-thumbnail","6":"product_cat-antfarms","7":"product_cat-antfarms-l","9":"first","10":"instock","11":"taxable","12":"shipping-taxable","13":"purchasable","14":"product-type-simple"},"acf":[],"aioseo_notices":[],"jetpack_sharing_enabled":true,"_links":{"self":[{"href":"https:\/\/antcube.shop\/lt\/wp-json\/wp\/v2\/product\/4629","targetHints":{"allow":["GET"]}}],"collection":[{"href":"https:\/\/antcube.shop\/lt\/wp-json\/wp\/v2\/product"}],"about":[{"href":"https:\/\/antcube.shop\/lt\/wp-json\/wp\/v2\/types\/product"}],"replies":[{"embeddable":true,"href":"https:\/\/antcube.shop\/lt\/wp-json\/wp\/v2\/comments?post=4629"}],"wp:featuredmedia":[{"embeddable":true,"href":"https:\/\/antcube.shop\/lt\/wp-json\/wp\/v2\/media\/5188"}],"wp:attachment":[{"href":"https:\/\/antcube.shop\/lt\/wp-json\/wp\/v2\/media?parent=4629"}],"wp:term":[{"taxonomy":"product_brand","embeddable":true,"href":"https:\/\/antcube.shop\/lt\/wp-json\/wp\/v2\/product_brand?post=4629"},{"taxonomy":"product_cat","embeddable":true,"href":"https:\/\/antcube.shop\/lt\/wp-json\/wp\/v2\/product_cat?post=4629"},{"taxonomy":"product_tag","embeddable":true,"href":"https:\/\/antcube.shop\/lt\/wp-json\/wp\/v2\/product_tag?post=4629"}],"curies":[{"name":"wp","href":"https:\/\/api.w.org\/{rel}","templated":true}]}}