{"id":4626,"date":"2022-11-14T14:27:28","date_gmt":"2022-11-14T13:27:28","guid":{"rendered":"https:\/\/antcube.shop\/produkt\/bundle-offer-starter-set-kork-camponotus-nicobarensis-cricket-jam\/"},"modified":"2026-04-03T17:08:06","modified_gmt":"2026-04-03T15:08:06","slug":"paketas-pasiulymas-starter-set-kork-camponotus-nicobarensis-cricket-jam","status":"publish","type":"product","link":"https:\/\/antcube.shop\/lt\/produktas\/paketas-pasiulymas-starter-set-kork-camponotus-nicobarensis-cricket-jam\/","title":{"rendered":"Paketo pasi\u016blymas - Camponotus nicobarensis"},"content":{"rendered":"<p><span data-text-color=\"secondary\"><strong>Si\u016blomas paketas su Camponotus nicobarensis skruzd\u0117li\u0173 kolonija (motin\u0117l\u0117 + 5-10 darbininki\u0173 + jaunikliai), kam\u0161teli\u0173 pradiniu rinkiniu, 2x formikariumo pagalv\u0117l\u0117mis, 10 ml medaus rasos mi\u0161inio papildymo pakuote ir 25 g specialios vik\u0161r\u0173 uogien\u0117s stiklainiu (dr\u0117gni baltymai).<\/strong><\/span><\/p>\n<p><span data-text-color=\"alert\"><strong>Tik kol yra atsarg\u0173.<\/strong><\/span><\/p>\n<p><strong>Viskas, ko reikia Camponotus nicobarensis skruzd\u0117li\u0173 kolonijai<\/strong><br \/>\n\u0160iame rinkinyje yra viskas, ko reikia, kad Camponotus nicobarensis kolonija s\u0117kmingai gyvuot\u0173 kelis pirmuosius m\u0117nesius. J\u012f galima lanks\u010diai pl\u0117sti ir jis ai\u0161kiai tinka pradedantiesiems skruzd\u0117li\u0173 augintojams.<\/p>\n<p><strong>Skruzd\u0117li\u0173 r\u016b\u0161is Camponotus nicobarensis<\/strong><br \/>\nCamponotus nicobarensis yra palyginti didel\u0117 Camponotus genties r\u016b\u0161is, kuri, kitaip nei kitos Camponotus r\u016b\u0161ys, vystosi gana greitai. Tod\u0117l ji labai tinkama pradedantiesiems skruzd\u0117li\u0173 augintojams. Be to, jai nereikia \u017eiemoti, tod\u0117l j\u0105 galima lengvai steb\u0117ti namuose \u017eiem\u0105. Laisv\u0117je gyvena Pietry\u010di\u0173 Azijos pusdykum\u0117se ir step\u0117se, be kit\u0173 viet\u0173, taip pat dr\u0117gnesniuose regionuose. D\u0117l labai didelio paplitimo ploto jis yra toleranti\u0161kas temperat\u016brai ir dr\u0117gmei.<\/p>\n<p><strong>Camponotus nicobarensis maistas<\/strong><br \/>\nCamponotus nicobarensis maitinasi medaus vandeniu ir smulkiais gyvais ar negyvais vabzd\u017eiais, ta\u010diau mielai priima ir vaisius. Kaip alternatyv\u0105 vabzd\u017eiams taip pat galima duoti m\u016bs\u0173 baltyminio maisto pakaital\u0173. Ta\u010diau \"\u0161vie\u017ei\" baltymai, tokie kaip m\u016bs\u0173 \"Cricket Jam\", yra geresni kolonijos vystymuisi. Taip pat reik\u0117t\u0173 tiekti \u0161vie\u017eio vandens.<\/p>\n<p><strong>Camponotus nicobarensis formikariumas<\/strong><br \/>\nCamponotus nicobarensis geriausia laikyti m\u016bs\u0173 pradiniuose rinkiniuose L su kam\u0161tiniu lizdo \u012fd\u0117klu. \u0160ie gyv\u016bnai gyvena laukin\u0117je gamtoje, da\u017eniausiai supuvusioje medienoje, ta\u010diau lizdui statyti mielai naudoja bet koki\u0105 nat\u016brali\u0105 ertm\u0119. M\u016bs\u0173 kam\u0161tiniai lizd\u0173 \u012fd\u0117klai d\u0117l savo pana\u0161umo \u012f supuvusi\u0105 medien\u0105 geriausiai tinka laikyti formikariume.<\/p>\n<p><strong>Turinys:<\/strong><br \/>\n1x Camponotus nicobarensis (motin\u0117l\u0117 + 5-10 darbinink\u0173 + jaunikliai)<\/p>\n<div>1x \"Cricket Jam\" 25g<\/div>\n<div>1x \"Honeydew Mix\" (HT) - papildoma pakuot\u0117 10ml<\/div>\n<div>1x Formikariumo pagrindas - 20x20 cm<\/div>\n<div>1x Formikariumo pagrindas - 20x6cm<\/div>\n<div><\/div>\n<div>1x ANTCUBE - Arena 20x20x10 - plok\u0161\u010dias<\/div>\n<div>1x skruzd\u0117lyno r\u0117mas 20\u00d720<\/div>\n<div>1x skruzd\u0117lyno dangtis 20\u00d720<\/div>\n<div>4x arenos dang\u010dio tvirtinimo vieta<\/div>\n<div>1x ANTCUBE - skruzd\u0117lynas - M - 20\u00d720 - vertikalus<\/div>\n<div><\/div>\n<div>1x ANTCUBE - kam\u0161tinis lizdas 20\u00d720 - vertikalus<\/div>\n<div>1x 0,5 m skaidri 20\/16 mm \u017earna<\/div>\n<div>2x ANTCUBE - Raudona folija 20\u00d720 - filtras<\/div>\n<div>1x lipn\u016bs spaustukai - skaidr\u016bs 2 vnt.<\/div>\n<div>1x substratas - sm\u0117lio molis sm\u0117lio spalvos - 1000g<\/div>\n<div><\/div>\n<div>2x Grid insert acrylic &#8211; 50 mm with sealing ring<\/div>\n<div>1x Grid insert acrylic &#8211; 27 mm with sealing ring<\/div>\n<div>1x Tinklelio dangtelis - 16 mm - ner\u016bdijantis plienas<\/div>\n<div><\/div>\n<div>1x bako \u017earnos jungtis 27-14,16,20 mm - skaidri<\/div>\n<div>1x Foil thermometer &#8211; farm<\/div>\n<div>1x Foil thermometer Display<\/div>\n<div>1x drinking clear 5ml &#8211; sponge<\/div>\n<div>1x Feeding dish white rectangle &#8211; 3 compartments<\/div>\n<div>1x Drinking trough 2ml &#8211; 360 Degrees<\/div>\n<div>1x Apsauginis aliejus nuo skruzd\u017ei\u0173 10ml<\/div>\n<div>1x Pincetas spyruoklinis plienas - platus - mink\u0161tas<\/div>\n<div>1x Pincetas plastikinis skaidrus<\/div>\n<div>1x plastikin\u0117 3 ml pipet\u0117<\/div>\n<div>1x rankinis didinamasis stiklas - 2x - 30 mm<\/div>\n<div>1x put\u0173 valytuvas 150x18x2,5 mm<\/div>\n<p><strong>Apra\u0161ymas Pradinis rinkinys:<\/strong><br \/>\n\u0160is kam\u0161tinis pradinis rinkinys su surenkamais koridoriais ir kameromis tinka \u012fvairioms skruzd\u0117li\u0173 r\u016b\u0161ims, ypa\u010d toms, kurios lizdus suka (negyvoje) medienoje.<\/p>\n<p>\"ANTCUBE - kam\u0161tinis lizdas\" gali b\u016bti \u012fd\u0117tas \u012f visi\u0161kai skaidri\u0105 ferm\u0105. Taip pat galite naudoti \"Sm\u0117lio - molio sm\u0117lio\" substrat\u0105, kad u\u017epildytum\u0117te ferm\u0105 arba u\u017edarytum\u0117te kai kurias kam\u0161tinio lizdo kameras. Jei reikia, per dangtelyje esan\u010dias 50 mm skylutes galima prijungti papildomus modulius, pavyzd\u017eiui, atskirai parduodamus r\u016bkiklius, ventiliatorius arba \u0161viestuvus. Arba \u012f tiekimo komplekt\u0105 \u012feina tinkami tinkleli\u0173 \u012fd\u0117klai ir formikariumo kam\u0161\u010diai angoms u\u017edaryti. Jei pageidaujama, formikarium\u0105 taip pat galima eksploatuoti atvir\u0105, tiesiog u\u017ed\u0117jus nuimam\u0105 r\u0117mel\u012f ant vir\u0161aus ir u\u017etepus ant kra\u0161to apsaugos nuo skruzd\u0117li\u0173 alyvos.<\/p>\n<p><strong>Svarbu:<\/strong> Prie\u0161 naudodami sudr\u0117kinkite substrat\u0105, kad mi\u0161inys gal\u0117t\u0173 sukibti ir tvirtai \u012fsitvirtinti skruzd\u0117lyne. Be to, jei substratas bus per sausas ir dulk\u0117tas, skruzd\u017ei\u0173 kv\u0117pavimo takai gali u\u017esikim\u0161ti, o blogiausiu atveju gyv\u016bnai gali u\u017edusti.<\/p>\n<p><strong>Rekomendacija:<\/strong> Rekomenduojame 2 mm auk\u0161\u010dio substrato sluoksn\u012f, kad gyv\u016bnai negal\u0117t\u0173 \u012fl\u012fsti \u012f aren\u0105, o naudot\u0173si tam skirta ferma.<\/p>\n<p><strong>Pastabos apie stiklo gamyb\u0105<\/strong><br \/>\nStiklas pjaustomas pagal DIN 1249 reikalavimus, leistina paklaida +\/- 1 mm. Ypa\u010d ma\u017eoms skruzd\u0117li\u0173 r\u016b\u0161ims b\u016btina papildoma apsauga nuo i\u0161lau\u017eimo.<\/p>\n<p><strong>Pastabos apie \u016bk\u012f<\/strong><br \/>\nLizd\u0105 galima naudoti tik sausame formikariume. Jei lizdas laikomas nuolat dr\u0117gnas, med\u017eiaga gali supelyti.<\/p>\n<p><strong>Prijungdami arba nuimdami \u017earnas, atkreipkite d\u0117mes\u012f \u012f \u0161iuos dalykus:<\/strong><br \/>\nJei vamzdel\u012f labai sunku pritvirtinti prie jungties lizdo, lizd\u0105 reikia lengvai patepti la\u0161eliu m\u016bs\u0173 apsaugin\u0117s alyvos arba milteli\u0173. Tuomet \u017earn\u0105 \u012f lizd\u0105 reikia \u012fstumti sukamaisiais arba prisukamaisiais judesiais, ne\u012ftempiant lizdo judesiais auk\u0161tyn ir \u017eemyn. Tas pats galioja ir nuimant \u017earnas nuo \u016bkio jungiamojo lizdo. Negalima jos tiesiog i\u0161traukti!<\/p>\n<p><strong>Instrukcijos: <\/strong>(2023 m. versija, atnaujinta 2024 m. versija bus pateikta ne v\u0117liau kaip 2024 m. baland\u017eio m\u0117n.)<br \/>\n<span data-sheets-root=\"1\" data-sheets-value=\"{&quot;1&quot;:2,&quot;2&quot;:&quot;DE Gebrauchsanweisung Starter Set Kork (PDF 3,80 MB)&quot;}\" data-sheets-userformat=\"{&quot;2&quot;:513,&quot;3&quot;:{&quot;1&quot;:0},&quot;12&quot;:0}\" data-sheets-hyperlink=\"https:\/\/www.antstore.net\/shop\/images\/info\/de\/Gebrauchsanweisung Starter Set Kork.pdf\" data-sheets-hyperlinkruns=\"{&quot;1&quot;:3,&quot;2&quot;:&quot;https:\/\/www.antstore.net\/shop\/images\/info\/de\/Gebrauchsanweisung Starter Set Kork.pdf&quot;}\uee10{&quot;1&quot;:38}\"><a class=\"in-cell-link\" href=\"https:\/\/www.antstore.net\/shop\/images\/info\/de\/Gebrauchsanweisung Starter Set Kork.pdf\" target=\"_blank\" rel=\"noopener\">- DE <\/a><a class=\"in-cell-link\" href=\"https:\/\/www.antstore.net\/shop\/images\/info\/de\/Gebrauchsanweisung Starter Set Kork.pdf\" target=\"_blank\" rel=\"noopener\">Gebrauchsanweisung Starter Set Kork<\/a><a class=\"in-cell-link\" href=\"https:\/\/www.antstore.net\/shop\/images\/info\/de\/Gebrauchsanweisung Starter Set Kork.pdf\" target=\"_blank\" rel=\"noopener\"> (PDF 3,80 MB)<\/a><\/span><br \/>\n<a href=\"https:\/\/www.antstore.net\/shop\/images\/info\/en\/Instructions%20for%20use%20-%20Starter%20Set%20Cork.pdf\">- LT Naudojimo instrukcija - pradinis rinkinys \"Cork\" (PDF 3,79 MB)<\/a><br \/>\n<a href=\"https:\/\/www.antstore.net\/shop\/images\/info\/es\/Manual%20de%20instrucciones%20-%20Set%20de%20inicio%20de%20corcho.pdf\">- ES Instrukcij\u0173 vadovas - pradinis rinkinys (PDF 3,79 MB)<\/a><br \/>\n<a href=\"https:\/\/www.antstore.net\/shop\/images\/info\/fr\/Manuel%20d'instruction%20-%20Kit%20de%20d%C3%A9marrage%20en%20li%C3%A8ge.pdf\">- FR Instrukcijos instrukcija - \u012erengimo rinkinys (PDF 3,79 MB)<\/a><\/p>\n<p><strong>Pastabos apie kriketo uogien\u0119:<\/strong><br \/>\nM\u016bs\u0173 \"Cricket Jam\" - tai paprastas b\u016bdas apr\u016bpinti skruzd\u0117les \u0161vie\u017eiai konservuotu baltyminiu maistu, nemaitinant j\u0173 gyvais vabzd\u017eiais. Sud\u0117tyje esantys vik\u0161rai (Acheta domesticus) buvo \u0161velniai i\u0161virti, kad b\u016bt\u0173 i\u0161saugotos maistin\u0117s vert\u0117s, skonis ir aromatas. Be to, taip sumink\u0161tinamas chitininis vabzd\u017ei\u0173 apvalkalas, kad jis b\u016bt\u0173 lengviau vir\u0161kinamas. Kolageno baltym\u0173 jungtys suardomos, kad skruzd\u0117s gal\u0117t\u0173 juos geriau panaudoti. Konservuoti Acheta domesticus turi toki\u0105 pa\u010di\u0105 maistin\u0119 vert\u0119 kaip ir gyvi vik\u0161rai, ta\u010diau yra lengviau vir\u0161kinami.<\/p>\n<p>\"Cricket Jam\" netinka med\u017eioti skruzd\u017ei\u0173 r\u016b\u0161ims, kurioms reikia gyvo maisto (pvz., did\u017eiosioms skruzd\u0117l\u0117ms, tokioms kaip Harpegnathos arba Odontomachus).<\/p>\n<p><strong>Kiti privalumai:<\/strong><br \/>\nGarantuotai be erki\u0173<br \/>\nGalima dalyti porcijomis ir skiesti vandeniu<br \/>\nSterilizuota ir supakuota vakuume<br \/>\nBe pried\u0173<br \/>\nVik\u0161rai i\u0161 tvaraus ekologinio veisimo, maitinami organin\u0117mis atliekomis<\/p>\n<p><strong>Pastaba:<\/strong><br \/>\nAtidarius galima laikyti \u0161aldytuve apie keturias dienas. Ilgiau galioja u\u017e\u0161ald\u017eius.<br \/>\n<strong>D\u0117mesio:<\/strong> Pirmiausia supjaustykite porcijomis, tada u\u017e\u0161aldykite.<\/p>\n<p><strong>Pastaba apie medaus rie\u0161utus:<\/strong><br \/>\nTurinys: 10 ml<br \/>\nTai nat\u016bralus produktas, kur\u012f po ilg\u0173 bandym\u0173 laboratorijoje patobulinome ir suk\u016br\u0117me skruzd\u0117l\u0117ms puikiai priimtin\u0105 maist\u0105. Prie\u017eastis ta, kad neapdorotas medune\u0161io medus savo koncentruota pradine forma n\u0117ra gerai priimamas skruzd\u017ei\u0173 ir j\u0173 med\u017eiag\u0173 apykaitos.<br \/>\nM\u016bs\u0173 medune\u0161is surinktas neu\u017eter\u0161tuose laukiniuose Bulgarijos kaln\u0173 mi\u0161kuose. Medune\u0161is u\u017eauga labai trumpam, ma\u017edaug dviem m\u0117nesiams vasar\u0105. Tod\u0117l jis yra labai retas. D\u0117l specifini\u0173 mi\u0161k\u0173 dirvo\u017eemio savybi\u0173 ir klimato med\u017ei\u0173 lapuose kaupiasi b\u016btinos maistin\u0117s med\u017eiagos, kurias pasisavina amarai. B\u016btent d\u0117l to \u0161is medune\u0161io mi\u0161inys yra toks geid\u017eiamas skruzd\u0117l\u0117ms.<\/p>\n<p><strong>Taikymas:<\/strong><br \/>\nMaisto kiek\u012f reikia suvartoti ma\u017edaug per 3 dienas.<\/p>\n<p><strong>Apra\u0161ymas:<\/strong><br \/>\nMedune\u0161is, kitaip nei g\u0117li\u0173 medus, gaunamas i\u0161 vabzd\u017ei\u0173, kurie \u010diulpia augalus, pavyzd\u017eiui, amar\u0173, i\u0161skyr\u0173. Medune\u0161is yra populiarus daugelio vabzd\u017ei\u0173, pavyzd\u017eiui, skruzd\u0117li\u0173, bi\u010di\u0173 ir kamani\u0173, maisto \u0161altinis. Bit\u0117s ir kaman\u0117s j\u012f lai\u017eo nuo \u012fvairi\u0173 med\u017ei\u0173 lap\u0173 ar spygli\u0173. Skruzd\u0117l\u0117s, pavyzd\u017eiui, Lasius niger, tiesiog saugo amarus. Jos net gina juos nuo pl\u0117\u0161r\u016bn\u0173 ir perne\u0161a \u012f \u0161vie\u017eius \u016bglius.<\/p>\n<p>Medaus ras\u0105 skruzd\u0117s ypa\u010d m\u0117gsta d\u0117l kiek kitoki\u0173 sudedam\u0173j\u0173 dali\u0173. Pagrindiniai medune\u0161io cukr\u016bs yra sacharoz\u0117 ir fruktoz\u0117, ta\u010diau ma\u017eesniais kiekiais yra ir maltoz\u0117s, trehaloz\u0117s, melezitoz\u0117s, rafinoz\u0117s bei kit\u0173 oligosacharid\u0173. Be cukraus ir vandens, meduje taip pat yra nepakei\u010diam\u0173j\u0173 aminor\u016bg\u0161\u010di\u0173, mineral\u0173, mikroelement\u0173, adenozin\u0173, fosfat\u0173 ir kit\u0173 sudedam\u0173j\u0173 dali\u0173, pavyzd\u017eiui, vitamin\u0173.<\/p>\n<p><strong>Naudojimas:<\/strong><br \/>\nMedumi mintan\u010di\u0173 skruzd\u0117li\u0173 (Meliphagidae) r\u016b\u0161ims<br \/>\nTai papildomas pa\u0161aras<br \/>\nJis gali b\u016bti tiekiamas gyv\u016bnams. Kadangi d\u0117l dr\u0117gm\u0117s suma\u017e\u0117ja cukraus koncentracija ir prasideda fermentacijos procesas, pa\u0161ar\u0105 reikia keisti kas 3 dienas. Prie\u0161 pakartotinai naudodami kruop\u0161\u010diai i\u0161valykite \u0161\u0117rimo duben\u0117l\u012f ir (arba) m\u0117gintuv\u0117l\u012f.<br \/>\nAtidaryt\u0105 pakuot\u0119 reikia laikyti sandariai u\u017edaryt\u0105 iki tinkamumo vartoti termino pabaigos.<\/p>\n<p><strong>Maistingumo informacija 100 g:<\/strong><br \/>\napie 2,7 % riebal\u0173<br \/>\ni\u0161 kuri\u0173 prisotinta apie 0,45 %<br \/>\napie 95 % angliavandeni\u0173<br \/>\ni\u0161 kuri\u0173 apie 71 proc. sudaro cukrus<br \/>\napie 2,85% baltym\u0173<br \/>\nMineralin\u0117s med\u017eiagos (kalis, kalcis, varis, gele\u017eis, natris, magnis, fosforas, cinkas ir kiti mikroelementai) Aminor\u016bg\u0161tys (prolinas, leucinas, fenilalaninas, alaninas, histidinas, izoleucinas, glutamo r\u016bg\u0161tis, argininas, asparagino r\u016bg\u0161tis ir kt.) Organin\u0117s r\u016bg\u0161tys Fermentai (fermentai) Aromatai Inhibitoriai (antibakterin\u0117s med\u017eiagos) G\u0117l\u0117s \u017diedadulk\u0117s<\/p>\n<p><strong>Saugojimas:<\/strong><br \/>\nKad pa\u0161arai b\u016bt\u0173 kokybi\u0161ki, juos reikia laikyti tamsioje ir sausoje vietoje.<\/p>\n<p><strong>Pastaba:<\/strong><br \/>\nPapildomas medumi mintan\u010di\u0173 skruzd\u0117li\u0173 pa\u0161aras.<br \/>\nSud\u0117t\u012f, analitines sudedam\u0105sias dalis, tinkamumo vartoti termin\u0105 ir partijos numer\u012f rasite pakuot\u0117s lapelyje.<\/p>\n<p>Informacijos telefono linija +49 30 439703870<\/p>\n<p>Atsakinga veterinarijos ir maisto inspekcija:<br \/>\nSteglitzo veterinarijos biuras<br \/>\nK\u00f6nigin-Luise-Str. 92<br \/>\n14195 Berlynas<\/p>","protected":false},"excerpt":{"rendered":"<p>Rinkin\u012f sudaro 33 dalys<br \/>\nDydis: <span style=\"color: #0000ff;\"><strong>L<\/strong><\/span><\/p>","protected":false},"featured_media":7121,"comment_status":"open","ping_status":"closed","template":"","meta":{"_acf_changed":false,"content-type":"","_monsterinsights_skip_tracking":false,"_monsterinsights_sitenote_active":false,"_monsterinsights_sitenote_note":"","_monsterinsights_sitenote_category":0},"product_brand":[],"product_cat":[355,73,76,89],"product_tag":[],"class_list":{"0":"post-4626","1":"product","2":"type-product","3":"status-publish","4":"has-post-thumbnail","6":"product_cat-bundle-offers","7":"product_cat-starter-sets","8":"product_cat-starter-sets-cork","9":"product_cat-cork","11":"first","12":"instock","13":"taxable","14":"shipping-taxable","15":"purchasable","16":"product-type-simple"},"acf":[],"aioseo_notices":[],"jetpack_sharing_enabled":true,"_links":{"self":[{"href":"https:\/\/antcube.shop\/lt\/wp-json\/wp\/v2\/product\/4626","targetHints":{"allow":["GET"]}}],"collection":[{"href":"https:\/\/antcube.shop\/lt\/wp-json\/wp\/v2\/product"}],"about":[{"href":"https:\/\/antcube.shop\/lt\/wp-json\/wp\/v2\/types\/product"}],"replies":[{"embeddable":true,"href":"https:\/\/antcube.shop\/lt\/wp-json\/wp\/v2\/comments?post=4626"}],"wp:featuredmedia":[{"embeddable":true,"href":"https:\/\/antcube.shop\/lt\/wp-json\/wp\/v2\/media\/7121"}],"wp:attachment":[{"href":"https:\/\/antcube.shop\/lt\/wp-json\/wp\/v2\/media?parent=4626"}],"wp:term":[{"taxonomy":"product_brand","embeddable":true,"href":"https:\/\/antcube.shop\/lt\/wp-json\/wp\/v2\/product_brand?post=4626"},{"taxonomy":"product_cat","embeddable":true,"href":"https:\/\/antcube.shop\/lt\/wp-json\/wp\/v2\/product_cat?post=4626"},{"taxonomy":"product_tag","embeddable":true,"href":"https:\/\/antcube.shop\/lt\/wp-json\/wp\/v2\/product_tag?post=4626"}],"curies":[{"name":"wp","href":"https:\/\/api.w.org\/{rel}","templated":true}]}}