{"id":4625,"date":"2022-11-14T14:21:09","date_gmt":"2022-11-14T13:21:09","guid":{"rendered":"https:\/\/antcube.shop\/produkt\/acrylglas-xt-rohr-50-46mm-1m\/"},"modified":"2026-04-14T09:35:43","modified_gmt":"2026-04-14T07:35:43","slug":"acrylic-xt-tube-50-46mm-1m","status":"publish","type":"product","link":"https:\/\/antcube.shop\/lt\/produktas\/acrylic-xt-tube-50-46mm-1m\/","title":{"rendered":"Kri\u0161tolo skaidrumo vamzdis - 50 mm - 1 m"},"content":{"rendered":"<p><strong>Matmenys:<\/strong> i\u0161orinis skersmuo 50 mm, ilgis 1 m<\/p>\n<p><strong>Med\u017eiaga:<\/strong> akrilo stiklas<\/p>\n<p><strong>Spalva:<\/strong> skaidrus, ai\u0161kus<\/p>\n<p><strong>Apra\u0161ymas:<\/strong> Galima prijungti prie formikariumo naudojant adapterius arba sujungti kelis formikariumus.<\/p>\n<p><strong>Pastaba:<\/strong> D\u0117l pakavimo prie\u017eas\u010di\u0173 1 metro ilgio vamzd\u017eius galima perpjauti per pus\u0119 ir u\u017esakyti su atitinkamu vamzd\u017eio gabalu. Jei norite, kad vamzdeliai bet kuriuo atveju b\u016bt\u0173 pristatomi kaip 1 metro ilgio vamzdeliai, tai reikia pasirinkti papildomai.<\/p>","protected":false},"excerpt":{"rendered":"<p>Matmenys: i\u0161orinis skersmuo 50 mm, ilgis 1 m Med\u017eiaga: akrilo stiklas Spalva: skaidri, skaidri Apra\u0161ymas: Galima prijungti prie formikariumo naudojant adapterius arba sujungti kelis formikariumus kartu. Pastaba: d\u0117l pakavimo prie\u017eas\u010di\u0173 1 m ilgio vamzd\u017eius galima perpjauti per pus\u0119 ir pasirinktinai u\u017esisakyti su atitinkamu vamzd\u017eio gabalu. Jei norite tur\u0117ti","protected":false},"featured_media":5122,"comment_status":"open","ping_status":"closed","template":"","meta":{"_acf_changed":false,"content-type":"","_monsterinsights_skip_tracking":false,"_monsterinsights_sitenote_active":false,"_monsterinsights_sitenote_note":"","_monsterinsights_sitenote_category":0},"product_brand":[],"product_cat":[119,120],"product_tag":[],"class_list":{"0":"post-4625","1":"product","2":"type-product","3":"status-publish","4":"has-post-thumbnail","6":"product_cat-formicarium-components","7":"product_cat-hoses","9":"first","10":"instock","11":"taxable","12":"shipping-taxable","13":"purchasable","14":"product-type-simple"},"acf":[],"aioseo_notices":[],"jetpack_sharing_enabled":true,"_links":{"self":[{"href":"https:\/\/antcube.shop\/lt\/wp-json\/wp\/v2\/product\/4625","targetHints":{"allow":["GET"]}}],"collection":[{"href":"https:\/\/antcube.shop\/lt\/wp-json\/wp\/v2\/product"}],"about":[{"href":"https:\/\/antcube.shop\/lt\/wp-json\/wp\/v2\/types\/product"}],"replies":[{"embeddable":true,"href":"https:\/\/antcube.shop\/lt\/wp-json\/wp\/v2\/comments?post=4625"}],"wp:featuredmedia":[{"embeddable":true,"href":"https:\/\/antcube.shop\/lt\/wp-json\/wp\/v2\/media\/5122"}],"wp:attachment":[{"href":"https:\/\/antcube.shop\/lt\/wp-json\/wp\/v2\/media?parent=4625"}],"wp:term":[{"taxonomy":"product_brand","embeddable":true,"href":"https:\/\/antcube.shop\/lt\/wp-json\/wp\/v2\/product_brand?post=4625"},{"taxonomy":"product_cat","embeddable":true,"href":"https:\/\/antcube.shop\/lt\/wp-json\/wp\/v2\/product_cat?post=4625"},{"taxonomy":"product_tag","embeddable":true,"href":"https:\/\/antcube.shop\/lt\/wp-json\/wp\/v2\/product_tag?post=4625"}],"curies":[{"name":"wp","href":"https:\/\/api.w.org\/{rel}","templated":true}]}}