{"id":4606,"date":"2022-11-01T18:07:22","date_gmt":"2022-11-01T17:07:22","guid":{"rendered":"https:\/\/antcube.shop\/produkt\/formicariengranulat-1000ml-rot\/"},"modified":"2026-04-02T19:26:06","modified_gmt":"2026-04-02T17:26:06","slug":"formicarium-granules-1000ml-raudonos-spalvos","status":"publish","type":"product","link":"https:\/\/antcube.shop\/lt\/produktas\/formicarium-granules-1000ml-raudonos-spalvos\/","title":{"rendered":"Formicarium granul\u0117s 1000ml - raudonos spalvos"},"content":{"rendered":"<p><strong>Turinys:<\/strong> 1000 ml (atitinka ~400 g)<\/p>\n<p><strong>Gr\u016bdeli\u0173 dydis:<\/strong> 1 - 6 mm<\/p>\n<p><strong>Spalva:<\/strong> raudona<\/p>\n<p><strong>Pagrindo med\u017eiaga:<\/strong> specialus auk\u0161tos kokyb\u0117s molio mi\u0161inys<\/p>\n<p><strong>Apra\u0161ymas:<\/strong> Med\u017eiaga sulaiko dr\u0117gm\u0119 ir u\u017etikrina ger\u0105 dirvo\u017eemio aeracij\u0105 formikariume, apsaugodama nuo u\u017emirkimo ir puvimo. Granuliuotas sluoksnis tur\u0117t\u0173 b\u016bti naudojamas apie 1-2 cm kaip apatinis dirvo\u017eemio sluoksnis fermoje.<\/p>\n<p><strong>Savyb\u0117s:<\/strong><br \/>\n- neorganinis, mineralinis produktas<br \/>\n- biologi\u0161kai ir chemi\u0161kai neutralus.<br \/>\n- strukt\u016bri\u0161kai stabilus<br \/>\n- kaupia dr\u0117gm\u0119.<\/p>","protected":false},"excerpt":{"rendered":"<p>Raudono sm\u0117lio ir molio substratui<\/p>","protected":false},"featured_media":5732,"comment_status":"open","ping_status":"closed","template":"","meta":{"_acf_changed":false,"content-type":"","_monsterinsights_skip_tracking":false,"_monsterinsights_sitenote_active":false,"_monsterinsights_sitenote_note":"","_monsterinsights_sitenote_category":0},"product_brand":[],"product_cat":[241],"product_tag":[],"class_list":{"0":"post-4606","1":"product","2":"type-product","3":"status-publish","4":"has-post-thumbnail","6":"product_cat-granules","8":"first","9":"instock","10":"taxable","11":"shipping-taxable","12":"purchasable","13":"product-type-simple"},"acf":[],"aioseo_notices":[],"jetpack_sharing_enabled":true,"_links":{"self":[{"href":"https:\/\/antcube.shop\/lt\/wp-json\/wp\/v2\/product\/4606","targetHints":{"allow":["GET"]}}],"collection":[{"href":"https:\/\/antcube.shop\/lt\/wp-json\/wp\/v2\/product"}],"about":[{"href":"https:\/\/antcube.shop\/lt\/wp-json\/wp\/v2\/types\/product"}],"replies":[{"embeddable":true,"href":"https:\/\/antcube.shop\/lt\/wp-json\/wp\/v2\/comments?post=4606"}],"wp:featuredmedia":[{"embeddable":true,"href":"https:\/\/antcube.shop\/lt\/wp-json\/wp\/v2\/media\/5732"}],"wp:attachment":[{"href":"https:\/\/antcube.shop\/lt\/wp-json\/wp\/v2\/media?parent=4606"}],"wp:term":[{"taxonomy":"product_brand","embeddable":true,"href":"https:\/\/antcube.shop\/lt\/wp-json\/wp\/v2\/product_brand?post=4606"},{"taxonomy":"product_cat","embeddable":true,"href":"https:\/\/antcube.shop\/lt\/wp-json\/wp\/v2\/product_cat?post=4606"},{"taxonomy":"product_tag","embeddable":true,"href":"https:\/\/antcube.shop\/lt\/wp-json\/wp\/v2\/product_tag?post=4606"}],"curies":[{"name":"wp","href":"https:\/\/api.w.org\/{rel}","templated":true}]}}