{"id":4605,"date":"2022-11-01T18:07:07","date_gmt":"2022-11-01T17:07:07","guid":{"rendered":"https:\/\/antcube.shop\/produkt\/formicariengranulat-1000ml-schwarz\/"},"modified":"2026-04-02T18:12:06","modified_gmt":"2026-04-02T16:12:06","slug":"formicarium-granules-1000ml-juoda","status":"publish","type":"product","link":"https:\/\/antcube.shop\/lt\/produktas\/formicarium-granules-1000ml-juoda\/","title":{"rendered":"Formicarium granul\u0117s 1000ml - juodos spalvos"},"content":{"rendered":"<p><strong>Turinys:<\/strong> 1000 ml (atitinka ~600 g)<\/p>\n<p><strong>Gr\u016bdeli\u0173 dydis:<\/strong> 1 - 8 mm<\/p>\n<p><strong>Spalva:<\/strong> juoda<\/p>\n<p><strong>Pagrindo med\u017eiaga:<\/strong> specialus auk\u0161tos kokyb\u0117s vulkanini\u0173 akmen\u0173 mi\u0161inys<\/p>\n<p><strong>Apra\u0161ymas:<\/strong> Med\u017eiaga sulaiko dr\u0117gm\u0119 ir u\u017etikrina ger\u0105 dirvo\u017eemio aeracij\u0105 formikariume, apsaugodama nuo u\u017emirkimo ir puvimo. Granuliuotas sluoksnis tur\u0117t\u0173 b\u016bti naudojamas apie 1-2 cm kaip apatinis dirvo\u017eemio sluoksnis fermoje.<\/p>\n<p><strong>Savyb\u0117s:<\/strong><br \/>\n- neorganinis, mineralinis produktas<br \/>\n- biologi\u0161kai ir chemi\u0161kai neutralus.<br \/>\n- strukt\u016bri\u0161kai stabilus<br \/>\n- kaupia dr\u0117gm\u0119.<\/p>","protected":false},"excerpt":{"rendered":"<p>Mi\u0161ko arba atogr\u0105\u017e\u0173 mi\u0161ko substratui<\/p>","protected":false},"featured_media":5733,"comment_status":"open","ping_status":"closed","template":"","meta":{"_acf_changed":false,"content-type":"","_monsterinsights_skip_tracking":false,"_monsterinsights_sitenote_active":false,"_monsterinsights_sitenote_note":"","_monsterinsights_sitenote_category":0},"product_brand":[],"product_cat":[101,100,241],"product_tag":[],"class_list":{"0":"post-4605","1":"product","2":"type-product","3":"status-publish","4":"has-post-thumbnail","6":"product_cat-forest","7":"product_cat-rainforest","8":"product_cat-granules","10":"first","11":"instock","12":"taxable","13":"shipping-taxable","14":"purchasable","15":"product-type-simple"},"acf":[],"aioseo_notices":[],"jetpack_sharing_enabled":true,"_links":{"self":[{"href":"https:\/\/antcube.shop\/lt\/wp-json\/wp\/v2\/product\/4605","targetHints":{"allow":["GET"]}}],"collection":[{"href":"https:\/\/antcube.shop\/lt\/wp-json\/wp\/v2\/product"}],"about":[{"href":"https:\/\/antcube.shop\/lt\/wp-json\/wp\/v2\/types\/product"}],"replies":[{"embeddable":true,"href":"https:\/\/antcube.shop\/lt\/wp-json\/wp\/v2\/comments?post=4605"}],"wp:featuredmedia":[{"embeddable":true,"href":"https:\/\/antcube.shop\/lt\/wp-json\/wp\/v2\/media\/5733"}],"wp:attachment":[{"href":"https:\/\/antcube.shop\/lt\/wp-json\/wp\/v2\/media?parent=4605"}],"wp:term":[{"taxonomy":"product_brand","embeddable":true,"href":"https:\/\/antcube.shop\/lt\/wp-json\/wp\/v2\/product_brand?post=4605"},{"taxonomy":"product_cat","embeddable":true,"href":"https:\/\/antcube.shop\/lt\/wp-json\/wp\/v2\/product_cat?post=4605"},{"taxonomy":"product_tag","embeddable":true,"href":"https:\/\/antcube.shop\/lt\/wp-json\/wp\/v2\/product_tag?post=4605"}],"curies":[{"name":"wp","href":"https:\/\/api.w.org\/{rel}","templated":true}]}}