{"id":4372,"date":"2022-06-20T09:12:42","date_gmt":"2022-06-20T07:12:42","guid":{"rendered":"https:\/\/antcube.shop\/produkt\/ganze-blanchierte-heimchen\/"},"modified":"2026-04-13T09:30:27","modified_gmt":"2026-04-13T07:30:27","slug":"ganze-blanchierte-heimchen","status":"publish","type":"product","link":"https:\/\/antcube.shop\/lt\/produktas\/ganze-blanchierte-heimchen\/","title":{"rendered":"Blan\u0161iruoti sveiki vik\u0161rai"},"content":{"rendered":"<p><strong>Grynasis svoris:<\/strong> 10 g viename stiklainyje<br \/>\nblan\u0161iruoti vidutinio dyd\u017eio vik\u0161rai gabal\u0117liais<\/p>\n<p>vienkartinis tiekimas<\/p>\n<p><strong>Apra\u0161ymas:<\/strong><br \/>\nM\u016bs\u0173 blan\u0161iruoti vik\u0161rai - tai paprastas b\u016bdas apr\u016bpinti skruzd\u0117les \u0161vie\u017eiai konservuotu baltyminiu maistu, nemaitinant j\u0173 gyvais vabzd\u017eiais. Pridedami vik\u0161rai (Acheta domesticus) buvo \u0161velniai blan\u0161iruoti, kad i\u0161likt\u0173 maistin\u0117 vert\u0117, skonis ir aromatas. Be to, taip sumink\u0161tinamas chitininis vabzd\u017ei\u0173 apvalkalas, kad jis b\u016bt\u0173 lengviau vir\u0161kinamas. Kolageno baltym\u0173 junginiai suskaidomi, kad skruzd\u0117s gal\u0117t\u0173 juos geriau panaudoti. Konservuoti Acheta domesticus turi toki\u0105 pa\u010di\u0105 maistin\u0119 vert\u0119 kaip ir gyvi vik\u0161rai, ta\u010diau yra lengviau vir\u0161kinami. Prie\u0161ingai nei \u0161aldytuose ar d\u017eiovintuose vik\u0161ruose, kuriuose prarandama apie 60% baltym\u0173, juose esantys baltymai gali b\u016bti perdirbti beveik iki 100%.<\/p>\n<p>Blan\u0161iruoti vik\u0161rai netinka med\u017eioti skruzd\u017ei\u0173 r\u016b\u0161ims, kurioms reikia gyvo maisto (pvz., pirmaprad\u0117ms skruzd\u0117l\u0117ms, tokioms kaip Harpegnathos ar Odontomachus).<\/p>\n<p><strong>Kiti privalumai:<\/strong><\/p>\n<p>Garantuotai be erki\u0173<br \/>\nPorcijinis<br \/>\nSterilizuota ir vakuumuota<br \/>\nBe pried\u0173<br \/>\nVik\u0161rai i\u0161 tvaraus gryno ekologinio veisimo, \u0161eriami organin\u0117mis atliekomis<\/p>\n<p><strong>Maistin\u0117 informacija:<\/strong><br \/>\n\u017dali baltymai: 20%<br \/>\nNeapdoroti riebalai: 7%<br \/>\n\u017dalios l\u0105stelienos: 22%<br \/>\nPelenai: 4%<br \/>\nDr\u0117gm\u0117: 46%<\/p>\n<p><strong>Prane\u0161imas:<\/strong><br \/>\nAtidarytas \u0161aldytuve laikosi apie keturias dienas. Ilgiau galioja u\u017e\u0161ald\u017eius.<br \/>\n<strong>D\u0117mesio:<\/strong> Pirmiausia supjaustykite porcijomis, tada u\u017e\u0161aldykite. Taigi, taip pat galimas vienkartinis pa\u0161alinimas (IQF).<\/p>","protected":false},"excerpt":{"rendered":"<p>vienkartinis tiekimas<\/p>","protected":false},"featured_media":4375,"comment_status":"open","ping_status":"closed","template":"","meta":{"_acf_changed":false,"content-type":"","_monsterinsights_skip_tracking":false,"_monsterinsights_sitenote_active":false,"_monsterinsights_sitenote_note":"","_monsterinsights_sitenote_category":0},"product_brand":[],"product_cat":[257,115,116],"product_tag":[],"class_list":{"0":"post-4372","1":"product","2":"type-product","3":"status-publish","4":"has-post-thumbnail","6":"product_cat-new-innovatve-products","7":"product_cat-food-and-feeding","8":"product_cat-food","10":"first","11":"instock","12":"taxable","13":"shipping-taxable","14":"purchasable","15":"product-type-simple"},"acf":[],"aioseo_notices":[],"jetpack_sharing_enabled":true,"_links":{"self":[{"href":"https:\/\/antcube.shop\/lt\/wp-json\/wp\/v2\/product\/4372","targetHints":{"allow":["GET"]}}],"collection":[{"href":"https:\/\/antcube.shop\/lt\/wp-json\/wp\/v2\/product"}],"about":[{"href":"https:\/\/antcube.shop\/lt\/wp-json\/wp\/v2\/types\/product"}],"replies":[{"embeddable":true,"href":"https:\/\/antcube.shop\/lt\/wp-json\/wp\/v2\/comments?post=4372"}],"wp:featuredmedia":[{"embeddable":true,"href":"https:\/\/antcube.shop\/lt\/wp-json\/wp\/v2\/media\/4375"}],"wp:attachment":[{"href":"https:\/\/antcube.shop\/lt\/wp-json\/wp\/v2\/media?parent=4372"}],"wp:term":[{"taxonomy":"product_brand","embeddable":true,"href":"https:\/\/antcube.shop\/lt\/wp-json\/wp\/v2\/product_brand?post=4372"},{"taxonomy":"product_cat","embeddable":true,"href":"https:\/\/antcube.shop\/lt\/wp-json\/wp\/v2\/product_cat?post=4372"},{"taxonomy":"product_tag","embeddable":true,"href":"https:\/\/antcube.shop\/lt\/wp-json\/wp\/v2\/product_tag?post=4372"}],"curies":[{"name":"wp","href":"https:\/\/api.w.org\/{rel}","templated":true}]}}