{"id":4343,"date":"2022-06-08T14:36:54","date_gmt":"2022-06-08T12:36:54","guid":{"rendered":"https:\/\/antcube.shop\/produkt\/naturbusch-auf-schieferplatte-gros\/"},"modified":"2025-10-19T15:15:12","modified_gmt":"2025-10-19T13:15:12","slug":"naturbusch-auf-schieferplatte-gros","status":"publish","type":"product","link":"https:\/\/antcube.shop\/lt\/produktas\/naturbusch-auf-schieferplatte-gros\/","title":{"rendered":"Dekoratyvinis kr\u016bmas"},"content":{"rendered":"<p>Dydis \/ auk\u0161tis nuo 17 cm iki 19 cm, skersmuo ~ 10 cm -12 cm, idealiai tinka 30x30x30 cm ir didesn\u0117ms arenoms.<br \/>\nSvoris svyruoja nuo 50 iki 80 gram\u0173<\/p>\n<p>Dekoratyvinis gaminys, kur\u012f sudaro nat\u016braliai i\u0161d\u017ei\u016bv\u0119s medinis kr\u016bmas ir sintetin\u0117s dervos pagrindas (pagrindo plok\u0161tel\u0117).<br \/>\n\u0160is dekoratyvinis kr\u016bmas buvo rankomis pagamintas Vokietijoje, tod\u0117l pasi\u017eymi tvarumu.<\/p>\n<p><strong>D\u0116MESIO:<\/strong> Ned\u0117kite \u012f labai dr\u0117gnus formikariumus (auk\u0161tesn\u0117 nei 60% dr\u0117gm\u0117). Kr\u016bmas gali prad\u0117ti pelyti. Labai gerai v\u0117dinant, kr\u016bm\u0105 galima laikyti ir dr\u0117gnesniuose formikariumuose.<\/p>\n<p>Kai kurie dekoratyviniai kr\u016bmai d\u0117l savo auk\u0161\u010dio patys neatsistoja formikariume. Tokiu atveju padeda \u0161iek tiek u\u017edengti pagrind\u0105 substratu arba pastatyti gamin\u012f ar\u010diau lauko lang\u0173.<\/p>\n<p><span data-text-color=\"alert\"><strong>SVARBI PASTABA APIE STRAIPSN\u012e:<\/strong><\/span><br \/>\nKadangi tai yra nat\u016bralus \/ unikalus produktas, \u010dia pateiktos nuotraukos n\u0117ra visi\u0161kai identi\u0161kos prekei, kuri\u0105 gausite. Galimi mini med\u017eio dyd\u017eio, formos ir spalvos, taip pat karjero skal\u016bno pagrindo plok\u0161tel\u0117s dyd\u017eio, formos ir spalvos skirtumai. Garantuojame tik did\u017eiausi\u0105 gaminio auk\u0161t\u012f.<\/p>\n<p>U\u017esisakydami \u0161i\u0105 prek\u0119 sutinkate ir sutinkate su pirmiau nurodytais galimais gaminio dyd\u017eio, formos ir spalvos variantais pirkimo metu.<\/p>","protected":false},"excerpt":{"rendered":"<p>Dydis: 17-19 cm auk\u0161\u010dio<\/p>","protected":false},"featured_media":6380,"comment_status":"open","ping_status":"closed","template":"","meta":{"_acf_changed":false,"content-type":"","_monsterinsights_skip_tracking":false,"_monsterinsights_sitenote_active":false,"_monsterinsights_sitenote_note":"","_monsterinsights_sitenote_category":0},"product_brand":[],"product_cat":[99,101,102],"product_tag":[],"class_list":{"0":"post-4343","1":"product","2":"type-product","3":"status-publish","4":"has-post-thumbnail","6":"product_cat-desert","7":"product_cat-forest","8":"product_cat-meadow","10":"first","11":"outofstock","12":"taxable","13":"shipping-taxable","14":"purchasable","15":"product-type-simple"},"acf":[],"aioseo_notices":[],"jetpack_sharing_enabled":true,"_links":{"self":[{"href":"https:\/\/antcube.shop\/lt\/wp-json\/wp\/v2\/product\/4343","targetHints":{"allow":["GET"]}}],"collection":[{"href":"https:\/\/antcube.shop\/lt\/wp-json\/wp\/v2\/product"}],"about":[{"href":"https:\/\/antcube.shop\/lt\/wp-json\/wp\/v2\/types\/product"}],"replies":[{"embeddable":true,"href":"https:\/\/antcube.shop\/lt\/wp-json\/wp\/v2\/comments?post=4343"}],"wp:featuredmedia":[{"embeddable":true,"href":"https:\/\/antcube.shop\/lt\/wp-json\/wp\/v2\/media\/6380"}],"wp:attachment":[{"href":"https:\/\/antcube.shop\/lt\/wp-json\/wp\/v2\/media?parent=4343"}],"wp:term":[{"taxonomy":"product_brand","embeddable":true,"href":"https:\/\/antcube.shop\/lt\/wp-json\/wp\/v2\/product_brand?post=4343"},{"taxonomy":"product_cat","embeddable":true,"href":"https:\/\/antcube.shop\/lt\/wp-json\/wp\/v2\/product_cat?post=4343"},{"taxonomy":"product_tag","embeddable":true,"href":"https:\/\/antcube.shop\/lt\/wp-json\/wp\/v2\/product_tag?post=4343"}],"curies":[{"name":"wp","href":"https:\/\/api.w.org\/{rel}","templated":true}]}}