{"id":4342,"date":"2022-06-08T14:36:40","date_gmt":"2022-06-08T12:36:40","guid":{"rendered":"https:\/\/antcube.shop\/produkt\/naturbusch-auf-schieferplatte-klein\/"},"modified":"2026-04-06T16:26:17","modified_gmt":"2026-04-06T14:26:17","slug":"natural-bush-on-slate-small","status":"publish","type":"product","link":"https:\/\/antcube.shop\/lt\/produktas\/natural-bush-on-slate-small\/","title":{"rendered":"Nat\u016bralus kr\u016bmas ant skal\u016bno - ma\u017eas"},"content":{"rendered":"<p>Dydis \/ auk\u0161tis iki 9 cm, idealiai tinka arenoms 20x20x10 cm.<br \/>\nSvoris svyruoja nuo 200 iki 600 gram\u0173<\/p>\n<p>Dekoratyvinis gaminys, sudarytas i\u0161 grynai nat\u016brali\u0173 sudedam\u0173j\u0173 dali\u0173 - i\u0161d\u017eiovinto med\u017eio kr\u016bmo ir \u0161iferio plok\u0161t\u0117s (pagrindo plok\u0161t\u0117s). Abu gaminiai yra neapdoroti nat\u016bral\u016bs produktai.<br \/>\n\u0160is mini medelis buvo rankomis pagamintas Vokietijoje, tod\u0117l pasi\u017eymi tvarumu.<\/p>\n<p><strong>D\u0116MESIO:<\/strong> Ned\u0117kite \u012f labai dr\u0117gnas patalpas (daugiau kaip 60% dr\u0117gm\u0117s). Kr\u016bmas gali prad\u0117ti pelyti. Labai gerai v\u0117dinant, kr\u016bm\u0105 galima laikyti dr\u0117gnesniuose formikariumuose.<\/p>\n<p><strong>SVARBI PASTABA APIE PREK\u0118:<\/strong><br \/>\nKadangi tai yra nat\u016bralus \/ unikalus produktas, \u010dia pateiktos nuotraukos n\u0117ra visi\u0161kai identi\u0161kos prekei, kuri\u0105 gausite. Galimi mini med\u017eio dyd\u017eio, formos ir spalvos, taip pat karjero skal\u016bno pagrindo plok\u0161tel\u0117s dyd\u017eio, formos ir spalvos skirtumai. Garantuojame tik did\u017eiausi\u0105 gaminio auk\u0161t\u012f.<\/p>\n<p>U\u017esisakydami \u0161i\u0105 prek\u0119 sutinkate ir sutinkate su pirmiau nurodytais galimais gaminio dyd\u017eio, formos ir spalvos variantais pirkimo metu.<\/p>","protected":false},"excerpt":{"rendered":"<p>Dydis: 18x15x9<\/p>","protected":false},"featured_media":4355,"comment_status":"open","ping_status":"closed","template":"","meta":{"_acf_changed":false,"content-type":"","_monsterinsights_skip_tracking":false,"_monsterinsights_sitenote_active":false,"_monsterinsights_sitenote_note":"","_monsterinsights_sitenote_category":0},"product_brand":[],"product_cat":[99,101,102],"product_tag":[],"class_list":{"0":"post-4342","1":"product","2":"type-product","3":"status-publish","4":"has-post-thumbnail","6":"product_cat-desert","7":"product_cat-forest","8":"product_cat-meadow","10":"first","11":"instock","12":"taxable","13":"shipping-taxable","14":"purchasable","15":"product-type-simple"},"acf":[],"aioseo_notices":[],"jetpack_sharing_enabled":true,"_links":{"self":[{"href":"https:\/\/antcube.shop\/lt\/wp-json\/wp\/v2\/product\/4342","targetHints":{"allow":["GET"]}}],"collection":[{"href":"https:\/\/antcube.shop\/lt\/wp-json\/wp\/v2\/product"}],"about":[{"href":"https:\/\/antcube.shop\/lt\/wp-json\/wp\/v2\/types\/product"}],"replies":[{"embeddable":true,"href":"https:\/\/antcube.shop\/lt\/wp-json\/wp\/v2\/comments?post=4342"}],"wp:featuredmedia":[{"embeddable":true,"href":"https:\/\/antcube.shop\/lt\/wp-json\/wp\/v2\/media\/4355"}],"wp:attachment":[{"href":"https:\/\/antcube.shop\/lt\/wp-json\/wp\/v2\/media?parent=4342"}],"wp:term":[{"taxonomy":"product_brand","embeddable":true,"href":"https:\/\/antcube.shop\/lt\/wp-json\/wp\/v2\/product_brand?post=4342"},{"taxonomy":"product_cat","embeddable":true,"href":"https:\/\/antcube.shop\/lt\/wp-json\/wp\/v2\/product_cat?post=4342"},{"taxonomy":"product_tag","embeddable":true,"href":"https:\/\/antcube.shop\/lt\/wp-json\/wp\/v2\/product_tag?post=4342"}],"curies":[{"name":"wp","href":"https:\/\/api.w.org\/{rel}","templated":true}]}}