{"id":4261,"date":"2022-04-28T14:01:16","date_gmt":"2022-04-28T12:01:16","guid":{"rendered":"https:\/\/antcube.shop\/produkt\/nestrohrchen-rack-25mm\/"},"modified":"2026-01-12T12:36:20","modified_gmt":"2026-01-12T11:36:20","slug":"lizdas-vamzdziu-laikiklis-25mm","status":"publish","type":"product","link":"https:\/\/antcube.shop\/lt\/produktas\/lizdas-vamzdziu-laikiklis-25mm\/","title":{"rendered":"Lizdo vamzd\u017ei\u0173 stovas 25 mm"},"content":{"rendered":"<p style=\"margin-bottom: 0cm;\"><strong>Matmenys:<\/strong> 25x12x4 cm<\/p>\n<p><strong>Med\u017eiagos: <\/strong>PMMA, PVC<\/p>\n<p><strong>Spalva: <\/strong>kri\u0161tolo skaidrumo, skaidrus, skaidrus, skaidrus<\/p>\n<p><strong>Turinys:<\/strong><br \/>\n2x skyl\u0117s plok\u0161t\u0117<br \/>\n2x rankenos plok\u0161t\u0117<br \/>\n4x elastiniai dir\u017eeliai<\/p>\n<p><strong>Pastaba: <\/strong>Dalys tiekiamos kaip komplektas arba prijungiama sistema. Klijuoti nereikia.<\/p>\n<p><strong>Ry\u0161ys:<\/strong><br \/>\n25 mm skersmens lizdiniams vamzd\u017eiams<\/p>\n<p><strong>Apra\u0161ymas:<\/strong> Lizd\u0173 m\u0117gintuv\u0117li\u0173 stovas naudojamas kruop\u0161\u010diai laikyti skruzd\u017ei\u0173 lizd\u0173 m\u0117gintuv\u0117lius. Rinkin\u012f lengva surinkti.<\/p>\n<p><strong>Taikymas:<\/strong> Skirtas lizdiniams vamzdeliams laikyti. Tinka m\u016bs\u0173 skruzd\u0117li\u0173 inkubatoriui<\/p>\n<p><strong>Pastaba:<\/strong> Nor\u0117dami pagerinti stabilum\u0105 kraunant, rekomenduojame naudoti \"Sandarinimo \u017eied\u0105 skaidr\u0173 lankst\u0173 20-50 mm - 10 vnt.\", \u017er. straipsnio rekomendacijas.<\/p>","protected":false},"excerpt":{"rendered":"<p>25 mm lizdo vamzd\u017eiams<\/p>","protected":false},"featured_media":4279,"comment_status":"open","ping_status":"closed","template":"","meta":{"_acf_changed":false,"content-type":"","_monsterinsights_skip_tracking":false,"_monsterinsights_sitenote_active":false,"_monsterinsights_sitenote_note":"","_monsterinsights_sitenote_category":0},"product_brand":[],"product_cat":[237],"product_tag":[],"class_list":{"0":"post-4261","1":"product","2":"type-product","3":"status-publish","4":"has-post-thumbnail","6":"product_cat-tools","8":"first","9":"instock","10":"taxable","11":"shipping-taxable","12":"purchasable","13":"product-type-simple"},"acf":[],"aioseo_notices":[],"jetpack_sharing_enabled":true,"_links":{"self":[{"href":"https:\/\/antcube.shop\/lt\/wp-json\/wp\/v2\/product\/4261","targetHints":{"allow":["GET"]}}],"collection":[{"href":"https:\/\/antcube.shop\/lt\/wp-json\/wp\/v2\/product"}],"about":[{"href":"https:\/\/antcube.shop\/lt\/wp-json\/wp\/v2\/types\/product"}],"replies":[{"embeddable":true,"href":"https:\/\/antcube.shop\/lt\/wp-json\/wp\/v2\/comments?post=4261"}],"wp:featuredmedia":[{"embeddable":true,"href":"https:\/\/antcube.shop\/lt\/wp-json\/wp\/v2\/media\/4279"}],"wp:attachment":[{"href":"https:\/\/antcube.shop\/lt\/wp-json\/wp\/v2\/media?parent=4261"}],"wp:term":[{"taxonomy":"product_brand","embeddable":true,"href":"https:\/\/antcube.shop\/lt\/wp-json\/wp\/v2\/product_brand?post=4261"},{"taxonomy":"product_cat","embeddable":true,"href":"https:\/\/antcube.shop\/lt\/wp-json\/wp\/v2\/product_cat?post=4261"},{"taxonomy":"product_tag","embeddable":true,"href":"https:\/\/antcube.shop\/lt\/wp-json\/wp\/v2\/product_tag?post=4261"}],"curies":[{"name":"wp","href":"https:\/\/api.w.org\/{rel}","templated":true}]}}