{"id":4258,"date":"2022-04-28T14:00:36","date_gmt":"2022-04-28T12:00:36","guid":{"rendered":"https:\/\/antcube.shop\/produkt\/ameisen-inkubator\/"},"modified":"2026-02-09T16:16:28","modified_gmt":"2026-02-09T15:16:28","slug":"ameisen-inkubatorius","status":"publish","type":"product","link":"https:\/\/antcube.shop\/lt\/produktas\/ameisen-inkubatorius\/","title":{"rendered":"Skruzd\u0117li\u0173 inkubatorius"},"content":{"rendered":"<p><strong>Dydis:\u00a0<\/strong>Vieneto dydis: 40\u00d739,5\u00d748 cm; vidus: 32\u00d722,5\u00d737 cm<\/p>\n<p><strong>Spalva:<\/strong> Juoda<\/p>\n<p><strong>Technin\u0117s specifikacijos:<\/strong><br \/>\n\u012etampa: 220-240 V, 50 Hz<br \/>\nGalia: 70 W<br \/>\nKabelio ilgis maitinimo kabelis: 1.60m<br \/>\nTemperat\u016bros diapazonas: 5\u00b0C - 40\u00b0C<\/p>\n<p><strong>Med\u017eiaga:<\/strong> Metalas, stiklas<\/p>\n<p><strong>Apra\u0161ymas:<\/strong><br \/>\n\u0160is skruzd\u0117li\u0173 inkubatorius labai tinka ne tik tropini\u0173 region\u0173 skruzd\u0117li\u0173 kolonijoms auginti, bet ir skruzd\u0117li\u0173 kolonijoms \u017eiemos miegu auginti.<br \/>\nJame yra temperat\u016bros reguliatorius su skaitmeniniu ekranu ir nuimama tarpin\u0117 lentyna, kad b\u016bt\u0173 daugiau vietos. Temperat\u016br\u0105 galima nustatyti ir keisti pagal poreik\u012f. Prietaisas gali ir v\u0117sinti (iki ma\u017edaug 5 \u00b0C), ir \u0161ildyti (iki ma\u017edaug 40 \u00b0C). Reguliuojamos temperat\u016bros diapazonas yra ma\u017edaug 5 \u00b0C-40 \u00b0C. Tod\u0117l j\u012f taip pat galima naudoti vietin\u0117ms skruzd\u0117l\u0117ms per\u017eiemoti.<\/p>\n<p><strong>Privalumai:<\/strong><br \/>\nDa\u017enai susiduriate su klausimu, kaip nesud\u0117tingai ir tinkamoje temperat\u016broje laikyti skruzd\u0117les \u017eiemos miegui. \u0160aldytuvas ir taip per pilnas, balkone gyv\u016bnams gali b\u016bti per \u0161alta, o r\u016bsyje taip pat ank\u0161ta arba neturite pakankamos kontrol\u0117s.<br \/>\n<strong>\u0160tai sprendimas:<\/strong> Galite leisti gyv\u016bnams \u017eiemoti inkubatoriuje su m\u016bs\u0173 lizdavie\u010di\u0173 stovais m\u0117gintuv\u0117liuose, \u0161iuo atveju net iki 100 kolonij\u0173 vienu metu, arba kartu su visu ANTCUBE formikariumu. Pavyzd\u017eiui, m\u016bs\u0173 ANTCUBE Arena Combi, telpa visi\u0161kai viduje. Ta\u010diau ir pradiniam rinkiniui su arena 20x20x10 ir 2 lizdais 20\u00d720 vietos u\u017etekt\u0173.<br \/>\nTaip pat galima saugoti ir transportuoti su automobiliu, pavyzd\u017eiui, b\u016brio skryd\u017eio metu, perkeliant arba transportuojant ypa\u010d jautrias lapines skruzd\u0117les.<br \/>\nPrakti\u0161ki stovai m\u0117gintuv\u0117liams (lizdiniai m\u0117gintuv\u0117liai) yra trij\u0173 skirting\u0173 dyd\u017ei\u0173. \u0160tai m\u016bs\u0173 rekomendacija:<\/p>\n<p><strong>Rekomendacija:<\/strong><br \/>\nInkubatoriaus erdv\u0117 tinka:<br \/>\nIki 24 vik\u0161r\u0173 m\u0117gintuv\u0117li\u0173 \/ arba 24x surinkimo d\u0117\u017eut\u0117 skaidri 115x115x55<br \/>\nSkruzd\u0117l\u0117ms lizdiniuose vamzd\u017eiuose laikyti rekomenduojame lizdini\u0173 vamzdeli\u0173 laikiklius.<br \/>\nTinka interjere:<br \/>\n- 16 mm skersmens lizdini\u0173 vamzdeli\u0173 stovas = 12 vienet\u0173 arba 120 16 mm skersmens lizdini\u0173 vamzdeli\u0173<br \/>\n- Vamzdeli\u0173 su 18 mm skersmens lizdais stovas = 12 vienet\u0173 arba 120 18 mm skersmens vamzdeli\u0173 su lizdais<br \/>\n- Vamzdeli\u0173 su 25 mm skersmens lizdais stovas = 9 vnt. arba 54 vnt. 25 mm skersmens vamzdeli\u0173 su lizdais<\/p>\n<p><strong>Pastaba:<\/strong><br \/>\n- Nestatykite tiesioginiuose saul\u0117s spinduliuose arba \u0161alia \u0161ilumos \u0161altinio, nes i\u0161oriniai temperat\u016bros svyravimai turi \u012ftakos vidinei temperat\u016brai.<br \/>\n- Pastatykite prietais\u0105 sausoje vietoje, kur temperat\u016bra yra kuo pastovesn\u0117.<br \/>\n- Ventiliatoriai turi laisvai suktis<br \/>\n- Oro pavir\u0161iai turi i\u0161likti \u0161var\u016bs<br \/>\n- Reguliariai tikrinkite, ar n\u0117ra pa\u017eeidim\u0173 -&gt; jei j\u0173 yra, nedelsdami nutraukite darb\u0105<br \/>\n- Inkubatorius gali b\u016bti dvigubai apsaugotas naudojant papildom\u0105 \"Thermo Control II\" arba \"Thermo Control Pro II\". Atitinkamas i\u0161vadas yra prietaiso galin\u0117je dalyje.<\/p>\n<p><strong>Pastaba: <\/strong>20.01.2025 - Produkto atnaujinimas - naujas modelis<\/p>","protected":false},"excerpt":{"rendered":"<p>Dydis: Vieneto dydis: 40\u00d739,5\u00d748 cm; vidus: 32\u00d722,5\u00d737 cm Spalva: juoda Technin\u0117s specifikacijos: Vieneto dydis: 40\u00d739,5\u00d748 cm; vidus: 32\u00d722,5\u00d737 cm: \u012etampa: 220-240 V, 50 Hz Galia: 70 W Kabelio ilgis, maitinimo laidas: Temperat\u016bros diapazonas: 1,60 m: 5\u00b0C - 40\u00b0C Med\u017eiaga: Metalas, stiklas Apra\u0161ymas: \u0160is skruzd\u0117li\u0173 inkubatorius labai tinka ne tik tropini\u0173 region\u0173 skruzd\u0117li\u0173 kolonijoms auginti, bet ir skruzd\u0117li\u0173 kolonijoms \u017eiemos miegui. Jis turi [...]","protected":false},"featured_media":11099,"comment_status":"open","ping_status":"closed","template":"","meta":{"_acf_changed":false,"content-type":"","_monsterinsights_skip_tracking":false,"_monsterinsights_sitenote_active":false,"_monsterinsights_sitenote_note":"","_monsterinsights_sitenote_category":0},"product_brand":[],"product_cat":[237],"product_tag":[],"class_list":{"0":"post-4258","1":"product","2":"type-product","3":"status-publish","4":"has-post-thumbnail","6":"product_cat-tools","8":"first","9":"outofstock","10":"taxable","11":"shipping-taxable","12":"purchasable","13":"product-type-simple"},"acf":[],"aioseo_notices":[],"jetpack_sharing_enabled":true,"_links":{"self":[{"href":"https:\/\/antcube.shop\/lt\/wp-json\/wp\/v2\/product\/4258","targetHints":{"allow":["GET"]}}],"collection":[{"href":"https:\/\/antcube.shop\/lt\/wp-json\/wp\/v2\/product"}],"about":[{"href":"https:\/\/antcube.shop\/lt\/wp-json\/wp\/v2\/types\/product"}],"replies":[{"embeddable":true,"href":"https:\/\/antcube.shop\/lt\/wp-json\/wp\/v2\/comments?post=4258"}],"wp:featuredmedia":[{"embeddable":true,"href":"https:\/\/antcube.shop\/lt\/wp-json\/wp\/v2\/media\/11099"}],"wp:attachment":[{"href":"https:\/\/antcube.shop\/lt\/wp-json\/wp\/v2\/media?parent=4258"}],"wp:term":[{"taxonomy":"product_brand","embeddable":true,"href":"https:\/\/antcube.shop\/lt\/wp-json\/wp\/v2\/product_brand?post=4258"},{"taxonomy":"product_cat","embeddable":true,"href":"https:\/\/antcube.shop\/lt\/wp-json\/wp\/v2\/product_cat?post=4258"},{"taxonomy":"product_tag","embeddable":true,"href":"https:\/\/antcube.shop\/lt\/wp-json\/wp\/v2\/product_tag?post=4258"}],"curies":[{"name":"wp","href":"https:\/\/api.w.org\/{rel}","templated":true}]}}