{"id":4175,"date":"2022-03-14T17:24:15","date_gmt":"2022-03-14T16:24:15","guid":{"rendered":"https:\/\/antcube.shop\/produkt\/candy-ant-snack-20g\/"},"modified":"2026-04-04T06:34:17","modified_gmt":"2026-04-04T04:34:17","slug":"saldainiai-ant-snack-20g","status":"publish","type":"product","link":"https:\/\/antcube.shop\/lt\/produktas\/saldainiai-ant-snack-20g\/","title":{"rendered":"Saldaini\u0173 skruzd\u0117lyt\u0117s u\u017ekandis - 20g"},"content":{"rendered":"<p><strong>Turinys:<\/strong><br \/>\n20g<\/p>\n<p><strong>Apra\u0161ymas:<\/strong><br \/>\nTai grynas nat\u016bralus produktas. M\u016bs\u0173 \"Candy Ant Snack\", pagamintas i\u0161 ekologi\u0161kai u\u017eaugint\u0173 Acheta domesticus, padengtas ekologi\u0161ku medumi.<br \/>\nLengvai vir\u0161kinamas. D\u0117l auk\u0161tos kokyb\u0117s baltym\u0173 tai beveik visavertis maistas (pakei\u010dia med\u0173\/cukr\u0173 ir baltymus) daugumai skruzd\u0117li\u0173 r\u016b\u0161i\u0173, toki\u0173 kaip Lasius sp., Camponotus sp., Messor sp. ir kt. Skruzd\u0117l\u0117s j\u012f m\u0117gsta. Jis nepakei\u010dia skruzd\u0117l\u0117ms reikalingo \u0161vie\u017eio vandens. Jis taip pat nepakei\u010dia gyv\u0173 baltym\u0173, pavyzd\u017eiui, ma\u017e\u0173 vabzd\u017ei\u0173, poreikio.<\/p>\n<p>\u0160iame papildomame pa\u0161are yra daug baltymini\u0173 med\u017eiag\u0173, kuri\u0173 sud\u0117tyje yra apie 50% gryn\u0173 nat\u016brali\u0173 baltym\u0173.<br \/>\nBe to, produktas buvo \u0161eriamas organin\u0117mis augalin\u0117mis atliekomis be pesticid\u0173, kurios turi didel\u0119 ekologin\u0119 vert\u0119, nes gaminant produkt\u0105 sunaudojama ma\u017eiau energijos ir vandens.<\/p>\n<p>Prid\u0117tin\u0117 vert\u0117 visiems skruzd\u0117li\u0173 myl\u0117tojams yra nat\u016brali\u0173 baltym\u0173 derinys ir padengimas nat\u016braliu medumi. Skruzd\u0117l\u0117s tai m\u0117gsta ir joms to reikia, kad gerai vystyt\u0173si vados ir sveikai augt\u0173 kolonija.<\/p>\n<p><strong>Taikymas:<\/strong><br \/>\nMaitinant \"Candy Ant Snack\" reikia padalyti \u012f ma\u017eesnes porcijas arba i\u0161tirpinti vandenyje.<\/p>\n<p><strong>Sud\u0117tyje yra:<\/strong><br \/>\nNat\u016braliai i\u0161d\u017eiovinti Acheta domesticus, padengti ekologi\u0161ku medumi. Neskirtas vartoti \u017emon\u0117ms. Tik skruzd\u0117l\u0117ms.<br \/>\nApytikslis 70% Acheta domesticus ir 30% medaus sumai\u0161ymo santykis.<\/p>\n<p><strong>Saugojimas:<\/strong><br \/>\nGalima sandariai u\u017edaryti. Laikykite tamsioje, v\u0117sioje ir sausoje vietoje.<\/p>\n<p><strong>Pastaba:<\/strong><br \/>\nPapildomas skruzd\u0117li\u0173 maistas.<br \/>\nSud\u0117t\u012f, analitines sudedam\u0105sias dalis, tinkamumo vartoti termin\u0105 ir partijos numer\u012f rasite pakuot\u0117s lapelyje.<\/p>\n<p>Informacijos kar\u0161toji linija +49 30 439703870<\/p>\n<p>Atsakinga veterinarijos ir maisto inspekcija:<br \/>\nSteglitzo veterinarijos biuras<br \/>\nK\u00f6nigin-Luise-Str. 92<br \/>\n14195 Berlynas<\/p>","protected":false},"excerpt":{"rendered":"<p>Papildomas maistas<\/p>","protected":false},"featured_media":4182,"comment_status":"open","ping_status":"closed","template":"","meta":{"_acf_changed":false,"content-type":"","_monsterinsights_skip_tracking":false,"_monsterinsights_sitenote_active":false,"_monsterinsights_sitenote_note":"","_monsterinsights_sitenote_category":0},"product_brand":[],"product_cat":[115,116],"product_tag":[],"class_list":{"0":"post-4175","1":"product","2":"type-product","3":"status-publish","4":"has-post-thumbnail","6":"product_cat-food-and-feeding","7":"product_cat-food","9":"first","10":"instock","11":"taxable","12":"shipping-taxable","13":"purchasable","14":"product-type-simple"},"acf":[],"aioseo_notices":[],"jetpack_sharing_enabled":true,"_links":{"self":[{"href":"https:\/\/antcube.shop\/lt\/wp-json\/wp\/v2\/product\/4175","targetHints":{"allow":["GET"]}}],"collection":[{"href":"https:\/\/antcube.shop\/lt\/wp-json\/wp\/v2\/product"}],"about":[{"href":"https:\/\/antcube.shop\/lt\/wp-json\/wp\/v2\/types\/product"}],"replies":[{"embeddable":true,"href":"https:\/\/antcube.shop\/lt\/wp-json\/wp\/v2\/comments?post=4175"}],"wp:featuredmedia":[{"embeddable":true,"href":"https:\/\/antcube.shop\/lt\/wp-json\/wp\/v2\/media\/4182"}],"wp:attachment":[{"href":"https:\/\/antcube.shop\/lt\/wp-json\/wp\/v2\/media?parent=4175"}],"wp:term":[{"taxonomy":"product_brand","embeddable":true,"href":"https:\/\/antcube.shop\/lt\/wp-json\/wp\/v2\/product_brand?post=4175"},{"taxonomy":"product_cat","embeddable":true,"href":"https:\/\/antcube.shop\/lt\/wp-json\/wp\/v2\/product_cat?post=4175"},{"taxonomy":"product_tag","embeddable":true,"href":"https:\/\/antcube.shop\/lt\/wp-json\/wp\/v2\/product_tag?post=4175"}],"curies":[{"name":"wp","href":"https:\/\/api.w.org\/{rel}","templated":true}]}}