{"id":4165,"date":"2022-02-28T11:41:35","date_gmt":"2022-02-28T10:41:35","guid":{"rendered":"https:\/\/antcube.shop\/produkt\/fixier-punkte-8-st\/"},"modified":"2026-04-07T13:04:57","modified_gmt":"2026-04-07T11:04:57","slug":"tvirtinimo-taskai-8-vnt","status":"publish","type":"product","link":"https:\/\/antcube.shop\/lt\/produktas\/tvirtinimo-taskai-8-vnt\/","title":{"rendered":"Tvirtinimo ta\u0161kai - 8 vnt."},"content":{"rendered":"<p><strong>Matmenys (Dx\u0160xV):<\/strong> 12x12x3 mm (per trapecijos form\u0105 vir\u0161uje 10x10 mm).<\/p>\n<p><strong>Med\u017eiaga:<\/strong> poliuretanas be plastifikatori\u0173 su lipniu akrilatu<\/p>\n<p><strong>Spalva:<\/strong> skaidrus<\/p>\n<p><strong>Turinys:<\/strong><br \/>\n8x fiksavimo ta\u0161kai<\/p>\n<p><strong>Apra\u0161ymas:<\/strong> M\u016bs\u0173 skruzd\u0117lyno dang\u010diui. Tvirtinimo ta\u0161kai priklijuojami prie dang\u010dio apa\u010dios, kad jis nenuslyst\u0173 nuo arenos. Ta\u0161kus taip pat galima naudoti kaip arenos kojeles, taip pat kaip vidinius galinius arenos \u012fd\u0117klus, kad jie b\u016bt\u0173 apsaugoti nuo apvirtimo.<\/p>","protected":false},"excerpt":{"rendered":"<p>Matmenys (Dx\u0160xV): 12x12x3 mm (per trapecijos form\u0105 vir\u0161uje 10x10 mm). Med\u017eiaga: poliuretanas be plastifikatori\u0173 su lipniu akrilatu Spalva: skaidri: 8x fiksavimo ta\u0161kai Apra\u0161ymas: Skruzd\u0117lyno dangtis. Tvirtinimo ta\u0161kai klijuojami prie dang\u010dio apa\u010dios, kad jis nenuslyst\u0173 nuo arenos. Ta\u0161keliai taip pat gali b\u016bti naudojami kaip","protected":false},"featured_media":4178,"comment_status":"open","ping_status":"closed","template":"","meta":{"_acf_changed":false,"content-type":"","_monsterinsights_skip_tracking":false,"_monsterinsights_sitenote_active":false,"_monsterinsights_sitenote_note":"","_monsterinsights_sitenote_category":0},"product_brand":[],"product_cat":[92,237],"product_tag":[],"class_list":{"0":"post-4165","1":"product","2":"type-product","3":"status-publish","4":"has-post-thumbnail","6":"product_cat-arena-cover","7":"product_cat-tools","9":"first","10":"instock","11":"taxable","12":"shipping-taxable","13":"purchasable","14":"product-type-simple"},"acf":[],"aioseo_notices":[],"jetpack_sharing_enabled":true,"_links":{"self":[{"href":"https:\/\/antcube.shop\/lt\/wp-json\/wp\/v2\/product\/4165","targetHints":{"allow":["GET"]}}],"collection":[{"href":"https:\/\/antcube.shop\/lt\/wp-json\/wp\/v2\/product"}],"about":[{"href":"https:\/\/antcube.shop\/lt\/wp-json\/wp\/v2\/types\/product"}],"replies":[{"embeddable":true,"href":"https:\/\/antcube.shop\/lt\/wp-json\/wp\/v2\/comments?post=4165"}],"wp:featuredmedia":[{"embeddable":true,"href":"https:\/\/antcube.shop\/lt\/wp-json\/wp\/v2\/media\/4178"}],"wp:attachment":[{"href":"https:\/\/antcube.shop\/lt\/wp-json\/wp\/v2\/media?parent=4165"}],"wp:term":[{"taxonomy":"product_brand","embeddable":true,"href":"https:\/\/antcube.shop\/lt\/wp-json\/wp\/v2\/product_brand?post=4165"},{"taxonomy":"product_cat","embeddable":true,"href":"https:\/\/antcube.shop\/lt\/wp-json\/wp\/v2\/product_cat?post=4165"},{"taxonomy":"product_tag","embeddable":true,"href":"https:\/\/antcube.shop\/lt\/wp-json\/wp\/v2\/product_tag?post=4165"}],"curies":[{"name":"wp","href":"https:\/\/api.w.org\/{rel}","templated":true}]}}