{"id":4145,"date":"2022-02-14T15:54:25","date_gmt":"2022-02-14T14:54:25","guid":{"rendered":"https:\/\/antcube.shop\/produkt\/ant-nuggets-20g\/"},"modified":"2026-04-01T17:55:15","modified_gmt":"2026-04-01T15:55:15","slug":"skruzdeliu-grybukai-20g","status":"publish","type":"product","link":"https:\/\/antcube.shop\/lt\/produktas\/skruzdeliu-grybukai-20g\/","title":{"rendered":"Skruzd\u0117li\u0173 grybukai - 20g"},"content":{"rendered":"<p><strong>Turinys:<\/strong><br \/>\n20g<\/p>\n<p><strong>Apra\u0161ymas:<\/strong><br \/>\nTai grynas nat\u016bralus produktas. M\u016bs\u0173 skruzd\u0117li\u0173 grynuolius kruop\u0161\u010diai surinko Bulgarijos bitininkai laukin\u0117je gamtoje. Lengvai vir\u0161kinami d\u0117l nat\u016bralios fermentacijos. D\u0117l auk\u0161tos kokyb\u0117s baltym\u0173 tai beveik visavertis maistas (pakei\u010dia med\u0173 \/ cukr\u0173 ir baltymus) daugumai skruzd\u0117li\u0173 r\u016b\u0161i\u0173, toki\u0173 kaip Lasius sp., Camponotus sp. ar Messor sp., ir net lapuotosios skruzd\u0117l\u0117s j\u012f m\u0117gsta. Jis nepakei\u010dia skruzd\u0117l\u0117ms reikalingo g\u0117lo vandens. Jis taip pat nepakei\u010dia gyv\u0173 baltym\u0173, pavyzd\u017eiui, ma\u017e\u0173 vabzd\u017ei\u0173, poreikio.<\/p>\n<p><strong>Taikymas:<\/strong><br \/>\n\u0160eriant \"Ant Nuggets\" reikia padalyti \u012f ma\u017eesnes porcijas arba i\u0161tirpinti vandenyje.<\/p>\n<p><strong>Sud\u0117tyje yra:<\/strong><br \/>\n100% nat\u016braliai fermentuotos g\u0117li\u0173 \u017eiedadulk\u0117s. Neskirtas vartoti \u017emon\u0117ms. Tik skruzd\u0117l\u0117ms.<\/p>\n<p><strong>Saugojimas:<\/strong><br \/>\nGalima sandariai u\u017edaryti. Laikykite tamsioje, v\u0117sioje ir sausoje vietoje.<\/p>\n<p><strong>Pastaba:<\/strong><br \/>\nPapildomas skruzd\u0117li\u0173 maistas.<br \/>\nSud\u0117t\u012f, analitines sudedam\u0105sias dalis, tinkamumo vartoti termin\u0105 ir partijos numer\u012f rasite pakuot\u0117s lapelyje.<\/p>\n<p>Informacijos kar\u0161toji linija +49 30 439703870<\/p>\n<p>Atsakinga veterinarijos ir maisto inspekcija:<br \/>\nSteglitzo veterinarijos biuras<br \/>\nK\u00f6nigin-Luise-Str. 92<br \/>\n14195 Berlynas<\/p>","protected":false},"excerpt":{"rendered":"<p>Papildomas maistas<\/p>","protected":false},"featured_media":4149,"comment_status":"open","ping_status":"closed","template":"","meta":{"_acf_changed":false,"content-type":"","_monsterinsights_skip_tracking":false,"_monsterinsights_sitenote_active":false,"_monsterinsights_sitenote_note":"","_monsterinsights_sitenote_category":0},"product_brand":[],"product_cat":[115,116],"product_tag":[],"class_list":{"0":"post-4145","1":"product","2":"type-product","3":"status-publish","4":"has-post-thumbnail","6":"product_cat-food-and-feeding","7":"product_cat-food","9":"first","10":"instock","11":"taxable","12":"shipping-taxable","13":"purchasable","14":"product-type-simple"},"acf":[],"aioseo_notices":[],"jetpack_sharing_enabled":true,"_links":{"self":[{"href":"https:\/\/antcube.shop\/lt\/wp-json\/wp\/v2\/product\/4145","targetHints":{"allow":["GET"]}}],"collection":[{"href":"https:\/\/antcube.shop\/lt\/wp-json\/wp\/v2\/product"}],"about":[{"href":"https:\/\/antcube.shop\/lt\/wp-json\/wp\/v2\/types\/product"}],"replies":[{"embeddable":true,"href":"https:\/\/antcube.shop\/lt\/wp-json\/wp\/v2\/comments?post=4145"}],"wp:featuredmedia":[{"embeddable":true,"href":"https:\/\/antcube.shop\/lt\/wp-json\/wp\/v2\/media\/4149"}],"wp:attachment":[{"href":"https:\/\/antcube.shop\/lt\/wp-json\/wp\/v2\/media?parent=4145"}],"wp:term":[{"taxonomy":"product_brand","embeddable":true,"href":"https:\/\/antcube.shop\/lt\/wp-json\/wp\/v2\/product_brand?post=4145"},{"taxonomy":"product_cat","embeddable":true,"href":"https:\/\/antcube.shop\/lt\/wp-json\/wp\/v2\/product_cat?post=4145"},{"taxonomy":"product_tag","embeddable":true,"href":"https:\/\/antcube.shop\/lt\/wp-json\/wp\/v2\/product_tag?post=4145"}],"curies":[{"name":"wp","href":"https:\/\/api.w.org\/{rel}","templated":true}]}}