{"id":4144,"date":"2022-02-14T15:34:20","date_gmt":"2022-02-14T14:34:20","guid":{"rendered":"https:\/\/antcube.shop\/produkt\/bodengrund-sand-lehm-beige-1000g\/"},"modified":"2026-04-02T19:57:11","modified_gmt":"2026-04-02T17:57:11","slug":"dirvozemio-smelio-ir-molio-misinys-smelio-spalvos-1000g","status":"publish","type":"product","link":"https:\/\/antcube.shop\/lt\/produktas\/dirvozemio-smelio-ir-molio-misinys-smelio-spalvos-1000g\/","title":{"rendered":"dirvo\u017eemis - sm\u0117lio priemolio mi\u0161inys sm\u0117lio spalvos - 1000g"},"content":{"rendered":"<p><strong>Turinys:<\/strong> 1000g<\/p>\n<p><strong>Med\u017eiaga:<\/strong> sm\u0117lis, priemolis<\/p>\n<p><strong>Spalva:<\/strong> sm\u0117lio spalvos<\/p>\n<p><strong>Mai\u0161ymo santykis:<\/strong> diggable<\/p>\n<p><strong>Apra\u0161ymas:<\/strong> \u0160is paruo\u0161tas sm\u0117lio ir molio mi\u0161inys yra grynas nat\u016bralus produktas. Spalv\u0105 ir tvirtum\u0105 suteikia nat\u016bralus molio gruntas, kuris yra nekenksmingas gyv\u016bnams.<\/p>\n<p><strong>Taikymas:<\/strong> Dirvo\u017eemis kasamas, gali b\u016bti naudojamas lizdui ir arenos teritorijai!<\/p>\n<p><strong>Pastaba:<\/strong> kadangi tai grynai nat\u016bralus produktas, gali b\u016bti nedideli\u0173 spalvos ir strukt\u016bros skirtum\u0173, kuri\u0173 mes negalime paveikti.<\/p>\n<p><strong>Svarbu:<\/strong> Prie\u0161 naudodami sudr\u0117kinkite substrat\u0105, kad mi\u0161inys susijungt\u0173 ir tvirtai \u012fsitvirtint\u0173 skruzd\u0117lyne. Be to, per sausas ir dulk\u0117tas substratas gali u\u017ekim\u0161ti skruzd\u0117li\u0173 kv\u0117pavimo takus, o blogiausiu atveju gyv\u016bnai gali u\u017edusti.<\/p>","protected":false},"excerpt":{"rendered":"<p>Nat\u016bralus substratas - tinkamas kasti<\/p>","protected":false},"featured_media":5727,"comment_status":"open","ping_status":"closed","template":"","meta":{"_acf_changed":false,"content-type":"","_monsterinsights_skip_tracking":false,"_monsterinsights_sitenote_active":false,"_monsterinsights_sitenote_note":"","_monsterinsights_sitenote_category":0},"product_brand":[],"product_cat":[96],"product_tag":[],"class_list":{"0":"post-4144","1":"product","2":"type-product","3":"status-publish","4":"has-post-thumbnail","6":"product_cat-soil","8":"first","9":"instock","10":"taxable","11":"shipping-taxable","12":"purchasable","13":"product-type-simple"},"acf":[],"aioseo_notices":[],"jetpack_sharing_enabled":true,"_links":{"self":[{"href":"https:\/\/antcube.shop\/lt\/wp-json\/wp\/v2\/product\/4144","targetHints":{"allow":["GET"]}}],"collection":[{"href":"https:\/\/antcube.shop\/lt\/wp-json\/wp\/v2\/product"}],"about":[{"href":"https:\/\/antcube.shop\/lt\/wp-json\/wp\/v2\/types\/product"}],"replies":[{"embeddable":true,"href":"https:\/\/antcube.shop\/lt\/wp-json\/wp\/v2\/comments?post=4144"}],"wp:featuredmedia":[{"embeddable":true,"href":"https:\/\/antcube.shop\/lt\/wp-json\/wp\/v2\/media\/5727"}],"wp:attachment":[{"href":"https:\/\/antcube.shop\/lt\/wp-json\/wp\/v2\/media?parent=4144"}],"wp:term":[{"taxonomy":"product_brand","embeddable":true,"href":"https:\/\/antcube.shop\/lt\/wp-json\/wp\/v2\/product_brand?post=4144"},{"taxonomy":"product_cat","embeddable":true,"href":"https:\/\/antcube.shop\/lt\/wp-json\/wp\/v2\/product_cat?post=4144"},{"taxonomy":"product_tag","embeddable":true,"href":"https:\/\/antcube.shop\/lt\/wp-json\/wp\/v2\/product_tag?post=4144"}],"curies":[{"name":"wp","href":"https:\/\/api.w.org\/{rel}","templated":true}]}}